{"id":164915,"date":"2026-04-29T03:18:57","date_gmt":"2026-04-29T01:18:57","guid":{"rendered":"https:\/\/webshop.schuetz-dental.org\/product\/profit-modellierkunststoff\/"},"modified":"2026-04-29T03:18:58","modified_gmt":"2026-04-29T01:18:58","slug":"profit-modellierkunststoff","status":"publish","type":"product","link":"https:\/\/schuetz-dental.de\/en\/produkt\/profit-modellierkunststoff\/","title":{"rendered":"Profit Modellierkunststoff"},"content":{"rendered":"<p>Nachf\u00fcllset Fl\u00fcssigkeit f\u00fcr Ihr Profit Set.<\/p>\n<p>Fl\u00fcssiger <strong>Modellierkunststoff<\/strong> auf Cyanacrylat-Basis mit Spray-Aktivator. Zur <strong>Attachment<\/strong>-Fixierung, zur <strong>Kronen-Verbindung<\/strong> bei L\u00f6tblock-Erstellung.<\/p>\n<p><strong>Set beinhaltet:<\/strong><\/p>\n<ul>\n<li>10 ml Cyanacrylat-Basismaterial<\/li>\n<\/ul>\n","protected":false},"excerpt":{"rendered":"<p>Nachf\u00fcllpackung f\u00fcr Ihr Profit Refill Set. Der Kleber auf Cyanacrylat-Basis f\u00fcr hohe Genauigkeit.<\/p>\n","protected":false},"featured_media":428235,"template":"","meta":{"_acf_changed":false,"_price":"37.7","_stock":"0.000000","_tribe_ticket_header":"","_tribe_default_ticket_provider":"","_tribe_ticket_capacity":"","_ticket_start_date":"","_ticket_end_date":"","_tribe_ticket_show_description":"","_tribe_ticket_show_not_going":false,"_tribe_ticket_use_global_stock":"","_tribe_ticket_global_stock_level":"","_global_stock_mode":"","_global_stock_cap":"","_tribe_rsvp_for_event":"","_tribe_ticket_going_count":"","_tribe_ticket_not_going_count":"","_tribe_tickets_list":"[]","_tribe_ticket_has_attendee_info_fields":false,"_tec_slr_enabled":"","_tec_slr_layout":""},"product_brand":[],"product_cat":[4552],"product_tag":[],"class_list":{"0":"post-164915","1":"product","2":"type-product","3":"status-publish","4":"has-post-thumbnail","6":"product_cat-kunststoff-zubehoer","8":"first","9":"instock","10":"product-type-simple"},"acf":[],"_links":{"self":[{"href":"https:\/\/schuetz-dental.de\/en\/wp-json\/wp\/v2\/product\/164915","targetHints":{"allow":["GET"]}}],"collection":[{"href":"https:\/\/schuetz-dental.de\/en\/wp-json\/wp\/v2\/product"}],"about":[{"href":"https:\/\/schuetz-dental.de\/en\/wp-json\/wp\/v2\/types\/product"}],"wp:featuredmedia":[{"embeddable":true,"href":"https:\/\/schuetz-dental.de\/en\/wp-json\/wp\/v2\/media\/428235"}],"wp:attachment":[{"href":"https:\/\/schuetz-dental.de\/en\/wp-json\/wp\/v2\/media?parent=164915"}],"wp:term":[{"taxonomy":"product_brand","embeddable":true,"href":"https:\/\/schuetz-dental.de\/en\/wp-json\/wp\/v2\/product_brand?post=164915"},{"taxonomy":"product_cat","embeddable":true,"href":"https:\/\/schuetz-dental.de\/en\/wp-json\/wp\/v2\/product_cat?post=164915"},{"taxonomy":"product_tag","embeddable":true,"href":"https:\/\/schuetz-dental.de\/en\/wp-json\/wp\/v2\/product_tag?post=164915"}],"curies":[{"name":"wp","href":"https:\/\/api.w.org\/{rel}","templated":true}]}}