{"id":164919,"date":"2026-04-29T03:18:57","date_gmt":"2026-04-29T01:18:57","guid":{"rendered":"https:\/\/webshop.schuetz-dental.org\/product\/profit-haerter\/"},"modified":"2026-04-29T03:18:58","modified_gmt":"2026-04-29T01:18:58","slug":"profit-haerter","status":"publish","type":"product","link":"https:\/\/schuetz-dental.de\/en\/produkt\/profit-haerter\/","title":{"rendered":"Profit H\u00e4rter"},"content":{"rendered":"<p><strong>H\u00e4rter<\/strong> f\u00fcr Ihr Profit Set.<\/p>\n<p>Fl\u00fcssiger <strong>Modellierkunststoff<\/strong> auf Cyanacrylat-Basis mit Spray-Aktivator. Zur <strong>Attachment<\/strong>-Fixierung, zur <strong>Kronen-Verbindung<\/strong> bei L\u00f6tblock-Erstellung.<\/p>\n<p><strong>Set beinhaltet:<\/strong><\/p>\n<ul>\n<li>50 ml Schnellh\u00e4rter<\/li>\n<\/ul>\n","protected":false},"excerpt":{"rendered":"<p>Nachf\u00fcllpackung f\u00fcr Ihr Profit Refill Set. Der Kleber auf Cyanacrylat-Basis f\u00fcr hohe Genauigkeit.<\/p>\n","protected":false},"featured_media":0,"template":"","meta":{"_acf_changed":false,"_price":"44.9","_stock":"0.000000","_tribe_ticket_header":"","_tribe_default_ticket_provider":"","_tribe_ticket_capacity":"","_ticket_start_date":"","_ticket_end_date":"","_tribe_ticket_show_description":"","_tribe_ticket_show_not_going":false,"_tribe_ticket_use_global_stock":"","_tribe_ticket_global_stock_level":"","_global_stock_mode":"","_global_stock_cap":"","_tribe_rsvp_for_event":"","_tribe_ticket_going_count":"","_tribe_ticket_not_going_count":"","_tribe_tickets_list":"[]","_tribe_ticket_has_attendee_info_fields":false,"_tec_slr_enabled":"","_tec_slr_layout":""},"product_brand":[],"product_cat":[4552],"product_tag":[],"class_list":{"0":"post-164919","1":"product","2":"type-product","3":"status-publish","5":"product_cat-kunststoff-zubehoer","6":"product_shipping_class-gefahrgut","8":"first","9":"instock","10":"product-type-simple"},"acf":[],"_links":{"self":[{"href":"https:\/\/schuetz-dental.de\/en\/wp-json\/wp\/v2\/product\/164919","targetHints":{"allow":["GET"]}}],"collection":[{"href":"https:\/\/schuetz-dental.de\/en\/wp-json\/wp\/v2\/product"}],"about":[{"href":"https:\/\/schuetz-dental.de\/en\/wp-json\/wp\/v2\/types\/product"}],"wp:attachment":[{"href":"https:\/\/schuetz-dental.de\/en\/wp-json\/wp\/v2\/media?parent=164919"}],"wp:term":[{"taxonomy":"product_brand","embeddable":true,"href":"https:\/\/schuetz-dental.de\/en\/wp-json\/wp\/v2\/product_brand?post=164919"},{"taxonomy":"product_cat","embeddable":true,"href":"https:\/\/schuetz-dental.de\/en\/wp-json\/wp\/v2\/product_cat?post=164919"},{"taxonomy":"product_tag","embeddable":true,"href":"https:\/\/schuetz-dental.de\/en\/wp-json\/wp\/v2\/product_tag?post=164919"}],"curies":[{"name":"wp","href":"https:\/\/api.w.org\/{rel}","templated":true}]}}