{"id":164925,"date":"2026-04-29T03:18:59","date_gmt":"2026-04-29T01:18:59","guid":{"rendered":"https:\/\/webshop.schuetz-dental.org\/product\/dowel-pins-mittel-1000st\/"},"modified":"2026-04-29T03:18:59","modified_gmt":"2026-04-29T01:18:59","slug":"dowel-pins-mittel-1000st","status":"publish","type":"product","link":"https:\/\/schuetz-dental.de\/en\/produkt\/dowel-pins-mittel-1000st\/","title":{"rendered":"Dowel-Pins mittel, 1000St"},"content":{"rendered":"<p>Messing-F\u00fchrungsstifte f\u00fcr <strong>S\u00e4geschnitt-Modelle<\/strong>, zu Verarbeiten im <strong>Pin-Bohr-Verfahren.<\/strong><\/p>\n","protected":false},"excerpt":{"rendered":"<p>Metallpins,  mit denen Sie Ihre S\u00e4geschnittmodelle herstellen. Mit diesem System lassen sich einzelne St\u00fcmpfe schnell und sicher repositionieren.<\/p>\n","protected":false},"featured_media":428242,"template":"","meta":{"_acf_changed":false,"_price":"105.1","_stock":"0.000000","_tribe_ticket_header":"","_tribe_default_ticket_provider":"","_tribe_ticket_capacity":"","_ticket_start_date":"","_ticket_end_date":"","_tribe_ticket_show_description":"","_tribe_ticket_show_not_going":false,"_tribe_ticket_use_global_stock":"","_tribe_ticket_global_stock_level":"","_global_stock_mode":"","_global_stock_cap":"","_tribe_rsvp_for_event":"","_tribe_ticket_going_count":"","_tribe_ticket_not_going_count":"","_tribe_tickets_list":"[]","_tribe_ticket_has_attendee_info_fields":false,"_tec_slr_enabled":"","_tec_slr_layout":""},"product_brand":[],"product_cat":[4552],"product_tag":[],"class_list":{"0":"post-164925","1":"product","2":"type-product","3":"status-publish","4":"has-post-thumbnail","6":"product_cat-kunststoff-zubehoer","8":"first","9":"instock","10":"product-type-simple"},"acf":[],"_links":{"self":[{"href":"https:\/\/schuetz-dental.de\/en\/wp-json\/wp\/v2\/product\/164925","targetHints":{"allow":["GET"]}}],"collection":[{"href":"https:\/\/schuetz-dental.de\/en\/wp-json\/wp\/v2\/product"}],"about":[{"href":"https:\/\/schuetz-dental.de\/en\/wp-json\/wp\/v2\/types\/product"}],"wp:featuredmedia":[{"embeddable":true,"href":"https:\/\/schuetz-dental.de\/en\/wp-json\/wp\/v2\/media\/428242"}],"wp:attachment":[{"href":"https:\/\/schuetz-dental.de\/en\/wp-json\/wp\/v2\/media?parent=164925"}],"wp:term":[{"taxonomy":"product_brand","embeddable":true,"href":"https:\/\/schuetz-dental.de\/en\/wp-json\/wp\/v2\/product_brand?post=164925"},{"taxonomy":"product_cat","embeddable":true,"href":"https:\/\/schuetz-dental.de\/en\/wp-json\/wp\/v2\/product_cat?post=164925"},{"taxonomy":"product_tag","embeddable":true,"href":"https:\/\/schuetz-dental.de\/en\/wp-json\/wp\/v2\/product_tag?post=164925"}],"curies":[{"name":"wp","href":"https:\/\/api.w.org\/{rel}","templated":true}]}}