{"id":164933,"date":"2026-05-12T03:21:57","date_gmt":"2026-05-12T01:21:57","guid":{"rendered":"https:\/\/webshop.schuetz-dental.org\/product\/hs-netztrennscheiben\/"},"modified":"2026-05-12T03:21:58","modified_gmt":"2026-05-12T01:21:58","slug":"hs-netztrennscheiben","status":"publish","type":"product","link":"https:\/\/schuetz-dental.de\/en\/produkt\/hs-netztrennscheiben\/","title":{"rendered":"HS-Netztrennscheiben"},"content":{"rendered":"<p>Nylonfadenarmierte Trennscheiben f\u00fcr alle Chrom-Kobalt-Legierungen und Titan. Gr\u00f6\u00dftm\u00f6gliche Sicherheit gegen Zerspringen. H\u00f6here Standzeit als bei herk\u00f6mmlichen Trennscheiben.<\/p>\n","protected":false},"excerpt":{"rendered":"<p>Nylonfadenarmierte Trennscheiben f\u00fcr alle Chrom-Kobalt-Legierungen und Titan.<\/p>\n","protected":false},"featured_media":447551,"template":"","meta":{"_acf_changed":false,"_price":"43.1","_stock":"0.000000","_tribe_ticket_header":"","_tribe_default_ticket_provider":"","_tribe_ticket_capacity":"","_ticket_start_date":"","_ticket_end_date":"","_tribe_ticket_show_description":"","_tribe_ticket_show_not_going":false,"_tribe_ticket_use_global_stock":"","_tribe_ticket_global_stock_level":"","_global_stock_mode":"","_global_stock_cap":"","_tribe_rsvp_for_event":"","_tribe_ticket_going_count":"","_tribe_ticket_not_going_count":"","_tribe_tickets_list":"[]","_tribe_ticket_has_attendee_info_fields":false,"_tec_slr_enabled":"","_tec_slr_layout":""},"product_brand":[],"product_cat":[4725],"product_tag":[],"class_list":{"0":"post-164933","1":"product","2":"type-product","3":"status-publish","4":"has-post-thumbnail","6":"product_cat-nem-titan","8":"first","9":"instock","10":"product-type-simple"},"acf":[],"_links":{"self":[{"href":"https:\/\/schuetz-dental.de\/en\/wp-json\/wp\/v2\/product\/164933","targetHints":{"allow":["GET"]}}],"collection":[{"href":"https:\/\/schuetz-dental.de\/en\/wp-json\/wp\/v2\/product"}],"about":[{"href":"https:\/\/schuetz-dental.de\/en\/wp-json\/wp\/v2\/types\/product"}],"wp:featuredmedia":[{"embeddable":true,"href":"https:\/\/schuetz-dental.de\/en\/wp-json\/wp\/v2\/media\/447551"}],"wp:attachment":[{"href":"https:\/\/schuetz-dental.de\/en\/wp-json\/wp\/v2\/media?parent=164933"}],"wp:term":[{"taxonomy":"product_brand","embeddable":true,"href":"https:\/\/schuetz-dental.de\/en\/wp-json\/wp\/v2\/product_brand?post=164933"},{"taxonomy":"product_cat","embeddable":true,"href":"https:\/\/schuetz-dental.de\/en\/wp-json\/wp\/v2\/product_cat?post=164933"},{"taxonomy":"product_tag","embeddable":true,"href":"https:\/\/schuetz-dental.de\/en\/wp-json\/wp\/v2\/product_tag?post=164933"}],"curies":[{"name":"wp","href":"https:\/\/api.w.org\/{rel}","templated":true}]}}