{"id":164980,"date":"2026-05-01T03:19:19","date_gmt":"2026-05-01T01:19:19","guid":{"rendered":"https:\/\/webshop.schuetz-dental.org\/product\/hs-feinpolierer\/"},"modified":"2026-05-01T03:20:00","modified_gmt":"2026-05-01T01:20:00","slug":"hs-feinpolierer-walze-gruen-24-stueck","status":"publish","type":"product","link":"https:\/\/schuetz-dental.de\/en\/produkt\/hs-feinpolierer-walze-gruen-24-stueck\/","title":{"rendered":"HS-Feinpolierer, Walze-gr\u00fcn, 24 St\u00fcck"},"content":{"rendered":"","protected":false},"excerpt":{"rendered":"<p>Dieser Feinpolierer deckt einen sehr gro\u00dfen Anwendungsbereich ab.<\/p>\n","protected":false},"featured_media":433767,"template":"","meta":{"_acf_changed":false,"_price":"41.1","_stock":"","_tribe_ticket_header":"","_tribe_default_ticket_provider":"","_tribe_ticket_capacity":"","_ticket_start_date":"","_ticket_end_date":"","_tribe_ticket_show_description":"","_tribe_ticket_show_not_going":false,"_tribe_ticket_use_global_stock":"","_tribe_ticket_global_stock_level":"","_global_stock_mode":"","_global_stock_cap":"","_tribe_rsvp_for_event":"","_tribe_ticket_going_count":"","_tribe_ticket_not_going_count":"","_tribe_tickets_list":"[]","_tribe_ticket_has_attendee_info_fields":false,"_tec_slr_enabled":"","_tec_slr_layout":""},"product_brand":[],"product_cat":[4557],"product_tag":[],"class_list":{"0":"post-164980","1":"product","2":"type-product","3":"status-publish","4":"has-post-thumbnail","6":"product_cat-edelmetall","8":"first","9":"instock","10":"product-type-variable"},"acf":[],"_links":{"self":[{"href":"https:\/\/schuetz-dental.de\/en\/wp-json\/wp\/v2\/product\/164980","targetHints":{"allow":["GET"]}}],"collection":[{"href":"https:\/\/schuetz-dental.de\/en\/wp-json\/wp\/v2\/product"}],"about":[{"href":"https:\/\/schuetz-dental.de\/en\/wp-json\/wp\/v2\/types\/product"}],"wp:featuredmedia":[{"embeddable":true,"href":"https:\/\/schuetz-dental.de\/en\/wp-json\/wp\/v2\/media\/433767"}],"wp:attachment":[{"href":"https:\/\/schuetz-dental.de\/en\/wp-json\/wp\/v2\/media?parent=164980"}],"wp:term":[{"taxonomy":"product_brand","embeddable":true,"href":"https:\/\/schuetz-dental.de\/en\/wp-json\/wp\/v2\/product_brand?post=164980"},{"taxonomy":"product_cat","embeddable":true,"href":"https:\/\/schuetz-dental.de\/en\/wp-json\/wp\/v2\/product_cat?post=164980"},{"taxonomy":"product_tag","embeddable":true,"href":"https:\/\/schuetz-dental.de\/en\/wp-json\/wp\/v2\/product_tag?post=164980"}],"curies":[{"name":"wp","href":"https:\/\/api.w.org\/{rel}","templated":true}]}}