{"id":165021,"date":"2026-05-12T03:23:16","date_gmt":"2026-05-12T01:23:16","guid":{"rendered":"https:\/\/webshop.schuetz-dental.org\/product\/art-micro-90-kompl-1013\/"},"modified":"2026-05-12T03:24:01","modified_gmt":"2026-05-12T01:24:01","slug":"art-micro-90-kompl-1013","status":"publish","type":"product","link":"https:\/\/schuetz-dental.de\/en\/produkt\/art-micro-90-kompl-1013\/","title":{"rendered":"ART-Micro 90\u00b0 kompl. 1013"},"content":{"rendered":"<p>Schwalbenschwanz-<strong>Geschiebe<\/strong>\u00a0zur intra-, inter- und extrakoronalen Verarbeitung. Aufgrund seiner\u00a0<strong>Konstruktionsmerkmale<\/strong>\u00a0bietet das\u00a0<strong>ART-Geschiebe<\/strong>\u00a0eine Vielzahl von\u00a0<strong>Vorteilen<\/strong>\u00a0f\u00fcr Anwender und\u00a0<strong>Patienten<\/strong>\u00a0bei extrem\u00a0<strong>g\u00fcnstiger Preisgestaltung<\/strong>. W\u00e4hrend die Matrizen in ihren unterschiedlichen\u00a0<strong>Ausf\u00fchrungen<\/strong>\u00a0eine problemlose Verarbeitung\u00a0<strong>(Angussf\u00e4higkeit)<\/strong>\u00a0in Verbindung mit allen auf dem Markt befindlichen\u00a0<strong>Dentallegierungen<\/strong>\u00a0sicherstellen, bieten die Patrizenteile, neben der\u00a0<strong>unterschiedlichen<\/strong>\u00a0Dimensionierung des Appendix f\u00fcr\u00a0<strong>verschiedene<\/strong>\u00a0r\u00e4umliche\u00a0<strong>Indikationen<\/strong>\u00a0und einer ausgezeichneten\u00a0<strong>Paradontal-Entlastung<\/strong>\u00a0bei 105\u00b0 Appendix-Neigung, den einmaligen\u00a0<strong>Komfort<\/strong>\u00a0der\u00a0<strong>Selbstaktivierung<\/strong>.<\/p>\n<p>Durch die\u00a0<strong>Herstellung<\/strong>\u00a0des Patrizenteiles im\u00a0<strong>Kaltpress-Verfahren<\/strong>\u00a0wird eine\u00a0<strong>Strapazierf\u00e4higkeit<\/strong>\u00a0und\u00a0<strong>Belastbarkeit<\/strong>\u00a0von erheblicher H\u00f6he erzielt. Sollte einmal eine\u00a0<strong>Auswechslung<\/strong>\u00a0der Patrize erforderlich sein, so ist dies\u00a0<strong>problemlos<\/strong>\u00a0durch Entfernen des\u00a0<strong>Verriegelungsstiftes<\/strong>\u00a0m\u00f6glich. Zus\u00e4tzlich zu den bekannten Verfahren der Patrizenbefestigung am\u00a0<strong>Modellguss<\/strong>\u00a0(Anl\u00f6ten der Patrizen- h\u00fclse, einfache Kunststoff-Fixie<span>rung) steht die\u00a0<strong>Metall-Kunst<\/strong><\/span><span><strong>stoff-Verbindung<\/strong>\u00a0im Sebond\u00a0<\/span>Smart Verfahren f\u00fcr sichere, randspaltfreie\u00a0<strong>Patrizenbefestigung<\/strong>\u00a0zur Verf\u00fcgung.<\/p>\n","protected":false},"excerpt":{"rendered":"<p>Das Geschiebe mit sehr geringer Einbauh\u00f6he und somit ideal f\u00fcr Arbeiten mit geringem Platzangebot. Zus\u00e4tzlich l\u00e4sst sich das Geschiebe leicht reaktivieren.<\/p>\n","protected":false},"featured_media":0,"template":"","meta":{"_acf_changed":false,"_price":"69.6","_stock":"","_tribe_ticket_header":"","_tribe_default_ticket_provider":"","_tribe_ticket_capacity":"","_ticket_start_date":"","_ticket_end_date":"","_tribe_ticket_show_description":"","_tribe_ticket_show_not_going":false,"_tribe_ticket_use_global_stock":"","_tribe_ticket_global_stock_level":"","_global_stock_mode":"","_global_stock_cap":"","_tribe_rsvp_for_event":"","_tribe_ticket_going_count":"","_tribe_ticket_not_going_count":"","_tribe_tickets_list":"[]","_tribe_ticket_has_attendee_info_fields":false,"_tec_slr_enabled":"","_tec_slr_layout":""},"product_brand":[],"product_cat":[4560],"product_tag":[],"class_list":{"0":"post-165021","1":"product","2":"type-product","3":"status-publish","5":"product_cat-geschiebe","7":"first","8":"instock","9":"product-type-variable"},"acf":[],"_links":{"self":[{"href":"https:\/\/schuetz-dental.de\/en\/wp-json\/wp\/v2\/product\/165021","targetHints":{"allow":["GET"]}}],"collection":[{"href":"https:\/\/schuetz-dental.de\/en\/wp-json\/wp\/v2\/product"}],"about":[{"href":"https:\/\/schuetz-dental.de\/en\/wp-json\/wp\/v2\/types\/product"}],"wp:attachment":[{"href":"https:\/\/schuetz-dental.de\/en\/wp-json\/wp\/v2\/media?parent=165021"}],"wp:term":[{"taxonomy":"product_brand","embeddable":true,"href":"https:\/\/schuetz-dental.de\/en\/wp-json\/wp\/v2\/product_brand?post=165021"},{"taxonomy":"product_cat","embeddable":true,"href":"https:\/\/schuetz-dental.de\/en\/wp-json\/wp\/v2\/product_cat?post=165021"},{"taxonomy":"product_tag","embeddable":true,"href":"https:\/\/schuetz-dental.de\/en\/wp-json\/wp\/v2\/product_tag?post=165021"}],"curies":[{"name":"wp","href":"https:\/\/api.w.org\/{rel}","templated":true}]}}