{"id":165044,"date":"2026-05-12T03:23:23","date_gmt":"2026-05-12T01:23:23","guid":{"rendered":"https:\/\/webshop.schuetz-dental.org\/product\/art-supermicro-02213\/"},"modified":"2026-05-12T03:23:24","modified_gmt":"2026-05-12T01:23:24","slug":"art-supermicro-02213","status":"publish","type":"product","link":"https:\/\/schuetz-dental.de\/en\/produkt\/art-supermicro-02213\/","title":{"rendered":"ART-Supermicro 02213"},"content":{"rendered":"<p>Das Geschiebe mit sehr geringer Einbauh\u00f6he und somit ideal f\u00fcr Arbeiten mit geringem Platzangebot. Zus\u00e4tzlich l\u00e4sst sich das Geschiebe leicht reaktivieren.<\/p>\n","protected":false},"excerpt":{"rendered":"<p>Das Geschiebe mit sehr geringer Einbauh\u00f6he und somit ideal f\u00fcr Arbeiten mit geringem Platzangebot. Zus\u00e4tzlich l\u00e4sst sich das Geschiebe leicht reaktivieren.<\/p>\n","protected":false},"featured_media":0,"template":"","meta":{"_acf_changed":false,"_price":"65.6","_stock":"0.000000","_tribe_ticket_header":"","_tribe_default_ticket_provider":"","_tribe_ticket_capacity":"","_ticket_start_date":"","_ticket_end_date":"","_tribe_ticket_show_description":"","_tribe_ticket_show_not_going":false,"_tribe_ticket_use_global_stock":"","_tribe_ticket_global_stock_level":"","_global_stock_mode":"","_global_stock_cap":"","_tribe_rsvp_for_event":"","_tribe_ticket_going_count":"","_tribe_ticket_not_going_count":"","_tribe_tickets_list":"[]","_tribe_ticket_has_attendee_info_fields":false,"_tec_slr_enabled":"","_tec_slr_layout":""},"product_brand":[],"product_cat":[4560],"product_tag":[],"class_list":{"0":"post-165044","1":"product","2":"type-product","3":"status-publish","5":"product_cat-geschiebe","7":"first","8":"instock","9":"product-type-simple"},"acf":[],"_links":{"self":[{"href":"https:\/\/schuetz-dental.de\/en\/wp-json\/wp\/v2\/product\/165044","targetHints":{"allow":["GET"]}}],"collection":[{"href":"https:\/\/schuetz-dental.de\/en\/wp-json\/wp\/v2\/product"}],"about":[{"href":"https:\/\/schuetz-dental.de\/en\/wp-json\/wp\/v2\/types\/product"}],"wp:attachment":[{"href":"https:\/\/schuetz-dental.de\/en\/wp-json\/wp\/v2\/media?parent=165044"}],"wp:term":[{"taxonomy":"product_brand","embeddable":true,"href":"https:\/\/schuetz-dental.de\/en\/wp-json\/wp\/v2\/product_brand?post=165044"},{"taxonomy":"product_cat","embeddable":true,"href":"https:\/\/schuetz-dental.de\/en\/wp-json\/wp\/v2\/product_cat?post=165044"},{"taxonomy":"product_tag","embeddable":true,"href":"https:\/\/schuetz-dental.de\/en\/wp-json\/wp\/v2\/product_tag?post=165044"}],"curies":[{"name":"wp","href":"https:\/\/api.w.org\/{rel}","templated":true}]}}