{"id":165080,"date":"2026-05-12T03:23:32","date_gmt":"2026-05-12T01:23:32","guid":{"rendered":"https:\/\/webshop.schuetz-dental.org\/product\/quattro-av-geschiebe\/"},"modified":"2026-05-12T03:23:33","modified_gmt":"2026-05-12T01:23:33","slug":"quattro-av-geschiebe","status":"publish","type":"product","link":"https:\/\/schuetz-dental.de\/en\/produkt\/quattro-av-geschiebe\/","title":{"rendered":"Quattro AV Geschiebe"},"content":{"rendered":"<p><strong>Pr\u00e4zisionsgeschiebe<\/strong> mit universeller Anwendung im intra-, inter- und extrakoronalen Bereich. <strong>Komfort<\/strong> durch <strong>Schraubfixierung<\/strong> der Patrize am <strong>Modellguss<\/strong>. Die Patrizenf\u00fchrung ist integrierter Bestandteil des <strong>Modellgusses<\/strong>, wodurch jegliche <strong>L\u00f6tarbeiten entfallen.<\/strong><\/p>\n<p>Die <strong>\u00dcbertragung<\/strong> der Ausgangssituation auf das <strong>Einbettmassen-Modell<\/strong> kann sowohl mit reversiblen <strong>Doubliermassen<\/strong> und Verwendung der <strong>Original-Patrize<\/strong> erfolgen, als auch durch Verarbeitung der speziellen <strong>Doublier-Patrize<\/strong> in Verbindung mit <strong>Silikondoublierung<\/strong>.<\/p>\n<p>Durch den <strong>Wegfall<\/strong> der L\u00f6tung zur <strong>Geschiebefixierung<\/strong> werden m\u00f6gliche <strong>Fehlerquellen<\/strong> <strong>eliminiert<\/strong> und ein schneller, problemloser <strong>Patrizenwechsel<\/strong> gew\u00e4hrleistet \u2013 der Wechsel erfolgt im <strong>Handumdrehen<\/strong>.<\/p>\n<p>Durch gezielten Einsatz der <strong>Justierschraube<\/strong> k\u00f6nnen die Patrizenfl\u00fcgel <strong>kontrolliert<\/strong> gespreizt werden, womit eine effektive <strong>Steuerung<\/strong> der Friktionskr\u00e4fte im <strong>Geschiebebereich<\/strong> individuell erfolgt.<\/p>\n","protected":false},"excerpt":{"rendered":"<p>Bei diesem Geschiebe stellen Sie die Friktion ganz individuell an der Aktivierungsschraube ein. Durch die gro\u00dfe H\u00f6he erhalten Sie eine sehr gute F\u00fchrung.<\/p>\n","protected":false},"featured_media":0,"template":"","meta":{"_acf_changed":false,"_price":"246","_stock":"0.000000","_tribe_ticket_header":"","_tribe_default_ticket_provider":"","_tribe_ticket_capacity":"","_ticket_start_date":"","_ticket_end_date":"","_tribe_ticket_show_description":"","_tribe_ticket_show_not_going":false,"_tribe_ticket_use_global_stock":"","_tribe_ticket_global_stock_level":"","_global_stock_mode":"","_global_stock_cap":"","_tribe_rsvp_for_event":"","_tribe_ticket_going_count":"","_tribe_ticket_not_going_count":"","_tribe_tickets_list":"[]","_tribe_ticket_has_attendee_info_fields":false,"_tec_slr_enabled":"","_tec_slr_layout":""},"product_brand":[],"product_cat":[4560],"product_tag":[],"class_list":{"0":"post-165080","1":"product","2":"type-product","3":"status-publish","5":"product_cat-geschiebe","7":"first","8":"instock","9":"product-type-simple"},"acf":[],"_links":{"self":[{"href":"https:\/\/schuetz-dental.de\/en\/wp-json\/wp\/v2\/product\/165080","targetHints":{"allow":["GET"]}}],"collection":[{"href":"https:\/\/schuetz-dental.de\/en\/wp-json\/wp\/v2\/product"}],"about":[{"href":"https:\/\/schuetz-dental.de\/en\/wp-json\/wp\/v2\/types\/product"}],"wp:attachment":[{"href":"https:\/\/schuetz-dental.de\/en\/wp-json\/wp\/v2\/media?parent=165080"}],"wp:term":[{"taxonomy":"product_brand","embeddable":true,"href":"https:\/\/schuetz-dental.de\/en\/wp-json\/wp\/v2\/product_brand?post=165080"},{"taxonomy":"product_cat","embeddable":true,"href":"https:\/\/schuetz-dental.de\/en\/wp-json\/wp\/v2\/product_cat?post=165080"},{"taxonomy":"product_tag","embeddable":true,"href":"https:\/\/schuetz-dental.de\/en\/wp-json\/wp\/v2\/product_tag?post=165080"}],"curies":[{"name":"wp","href":"https:\/\/api.w.org\/{rel}","templated":true}]}}