{"id":165124,"date":"2026-04-03T03:17:54","date_gmt":"2026-04-03T01:17:54","guid":{"rendered":"https:\/\/webshop.schuetz-dental.org\/product\/patrizenkaestchen-titan\/"},"modified":"2026-04-03T03:17:55","modified_gmt":"2026-04-03T01:17:55","slug":"patrizenkaestchen-titan","status":"publish","type":"product","link":"https:\/\/schuetz-dental.de\/en\/produkt\/patrizenkaestchen-titan\/","title":{"rendered":"Patrizenk\u00e4stchen, Titan"},"content":{"rendered":"<p>Bei diesem Geschiebe stellen Sie die Friktion ganz individuell an der Aktivierungsschraube ein. Durch die gro\u00dfe H\u00f6he erhalten Sie eine sehr gute F\u00fchrung.<\/p>\n","protected":false},"excerpt":{"rendered":"<p>Bei diesem Geschiebe stellen Sie die Friktion ganz individuell an der Aktivierungsschraube ein. Durch die gro\u00dfe H\u00f6he erhalten Sie eine sehr gute F\u00fchrung.<\/p>\n","protected":false},"featured_media":0,"template":"","meta":{"_acf_changed":false,"_price":"69.6","_stock":"0.000000","_tribe_ticket_header":"","_tribe_default_ticket_provider":"","_tribe_ticket_capacity":"","_ticket_start_date":"","_ticket_end_date":"","_tribe_ticket_show_description":"","_tribe_ticket_show_not_going":false,"_tribe_ticket_use_global_stock":"","_tribe_ticket_global_stock_level":"","_global_stock_mode":"","_global_stock_cap":"","_tribe_rsvp_for_event":"","_tribe_ticket_going_count":"","_tribe_ticket_not_going_count":"","_tribe_tickets_list":"[]","_tribe_ticket_has_attendee_info_fields":false,"_tec_slr_enabled":"","_tec_slr_layout":""},"product_brand":[],"product_cat":[4560],"product_tag":[],"class_list":{"0":"post-165124","1":"product","2":"type-product","3":"status-publish","5":"product_cat-geschiebe","7":"first","8":"instock","9":"product-type-simple"},"acf":[],"_links":{"self":[{"href":"https:\/\/schuetz-dental.de\/en\/wp-json\/wp\/v2\/product\/165124","targetHints":{"allow":["GET"]}}],"collection":[{"href":"https:\/\/schuetz-dental.de\/en\/wp-json\/wp\/v2\/product"}],"about":[{"href":"https:\/\/schuetz-dental.de\/en\/wp-json\/wp\/v2\/types\/product"}],"wp:attachment":[{"href":"https:\/\/schuetz-dental.de\/en\/wp-json\/wp\/v2\/media?parent=165124"}],"wp:term":[{"taxonomy":"product_brand","embeddable":true,"href":"https:\/\/schuetz-dental.de\/en\/wp-json\/wp\/v2\/product_brand?post=165124"},{"taxonomy":"product_cat","embeddable":true,"href":"https:\/\/schuetz-dental.de\/en\/wp-json\/wp\/v2\/product_cat?post=165124"},{"taxonomy":"product_tag","embeddable":true,"href":"https:\/\/schuetz-dental.de\/en\/wp-json\/wp\/v2\/product_tag?post=165124"}],"curies":[{"name":"wp","href":"https:\/\/api.w.org\/{rel}","templated":true}]}}