{"id":165290,"date":"2026-04-07T03:22:02","date_gmt":"2026-04-07T01:22:02","guid":{"rendered":"https:\/\/webshop.schuetz-dental.org\/product\/gingivaformer-zyl-33-2-mm\/"},"modified":"2026-04-07T03:23:01","modified_gmt":"2026-04-07T01:23:01","slug":"gingivaformer-zyl-33-2-mm","status":"publish","type":"product","link":"https:\/\/schuetz-dental.de\/en\/produkt\/gingivaformer-zyl-33-2-mm\/","title":{"rendered":"Gingivaformer zyl. 3,3 \/ 2 mm"},"content":{"rendered":"<p>Der zylindrische Gingivaformer wird f\u00fcr die Ausformung der Gingiva nach der Wiederer\u00f6ffnung verwendet. Dabei wird das Implantat auf ein &#8220;&#8221;supragingivales Schleimhaut-Niveau&#8221;&#8221; verl\u00e4ngert. Die zylindrische Form wird f\u00fcr ein graziles Durchtrittsprofil gew\u00e4hlt, besonders bei schmalen L\u00fccken oder bei eng zueinander stehenden Implantaten.<\/p>\n","protected":false},"excerpt":{"rendered":"<p>Titanbauteil zur Konditionierung der Gingiva.<\/p>\n","protected":false},"featured_media":0,"template":"","meta":{"_acf_changed":false,"_price":"44.9","_stock":"","_tribe_ticket_header":"","_tribe_default_ticket_provider":"","_tribe_ticket_capacity":"","_ticket_start_date":"","_ticket_end_date":"","_tribe_ticket_show_description":"","_tribe_ticket_show_not_going":false,"_tribe_ticket_use_global_stock":"","_tribe_ticket_global_stock_level":"","_global_stock_mode":"","_global_stock_cap":"","_tribe_rsvp_for_event":"","_tribe_ticket_going_count":"","_tribe_ticket_not_going_count":"","_tribe_tickets_list":"[]","_tribe_ticket_has_attendee_info_fields":false,"_tec_slr_enabled":"","_tec_slr_layout":""},"product_brand":[],"product_cat":[4729],"product_tag":[],"class_list":{"0":"post-165290","1":"product","2":"type-product","3":"status-publish","5":"product_cat-hex-connection","7":"first","8":"instock","9":"product-type-variable"},"acf":[],"_links":{"self":[{"href":"https:\/\/schuetz-dental.de\/en\/wp-json\/wp\/v2\/product\/165290","targetHints":{"allow":["GET"]}}],"collection":[{"href":"https:\/\/schuetz-dental.de\/en\/wp-json\/wp\/v2\/product"}],"about":[{"href":"https:\/\/schuetz-dental.de\/en\/wp-json\/wp\/v2\/types\/product"}],"wp:attachment":[{"href":"https:\/\/schuetz-dental.de\/en\/wp-json\/wp\/v2\/media?parent=165290"}],"wp:term":[{"taxonomy":"product_brand","embeddable":true,"href":"https:\/\/schuetz-dental.de\/en\/wp-json\/wp\/v2\/product_brand?post=165290"},{"taxonomy":"product_cat","embeddable":true,"href":"https:\/\/schuetz-dental.de\/en\/wp-json\/wp\/v2\/product_cat?post=165290"},{"taxonomy":"product_tag","embeddable":true,"href":"https:\/\/schuetz-dental.de\/en\/wp-json\/wp\/v2\/product_tag?post=165290"}],"curies":[{"name":"wp","href":"https:\/\/api.w.org\/{rel}","templated":true}]}}