{"id":165315,"date":"2026-05-06T03:24:27","date_gmt":"2026-05-06T01:24:27","guid":{"rendered":"https:\/\/webshop.schuetz-dental.org\/product\/steribox-s\/"},"modified":"2026-05-06T03:25:01","modified_gmt":"2026-05-06T01:25:01","slug":"steribox-s","status":"publish","type":"product","link":"https:\/\/schuetz-dental.de\/en\/produkt\/steribox-s\/","title":{"rendered":"Steribox S"},"content":{"rendered":"<p>Steriboxen in den Gr\u00f6\u00dfen S, M und L zur Aufbereitung von Instrumenten.<\/p>\n<p><strong>Ma\u00dfe Gr\u00f6\u00dfe S (A8):<\/strong><\/p>\n<p>Au\u00dfen: 90 x 90 x 55 mm<br \/>Innen: 65 x 60 x 47 mm<\/p>\n<p><strong>Ma\u00dfe Gr\u00f6\u00dfe M (A6):<\/strong><\/p>\n<p>Au\u00dfen: 190 x 110 x 60 mm<br \/>Innen: 165 x 92 x 49 mm<\/p>\n<p><strong>Ma\u00dfe Gr\u00f6\u00dfe L (A4):<\/strong><\/p>\n<p>Au\u00dfen: 290 x 190 x 60 mm<br \/>Innen: 265 x 165 x 49 mm<\/p>\n<p><strong>Sterisafe\u00ae DURO Sterilisationscontainer<\/strong><\/p>\n<ul>\n<li>Sterilbarriere- und Verpackungssysteme aus Hochleistungskunststoff<\/li>\n<li>Geeignet f\u00fcr fast alle Dampfsterilisationsverfahren unter Vakuum bei Temperaturen von 121\u00b0C und 134\u00b0C sowie f\u00fcr die Niedertemperatursterilisation mit Gas (FORM und EO) sowie H<sub>2<\/sub>O<sub>2<\/sub>\/H<sub>2<\/sub>O<sub>2<\/sub>-Plasma (im Folgenden VH<sub>2<\/sub>O<sub>2<\/sub>).<\/li>\n<li>Im Sterisafe\u00ae DURO d\u00fcrfen nur Produkte sterilisiert werden, die zur mehrmaligen Sterilisation und f\u00fcr das angewandte Sterilisationsverfahren geeignet sind.<\/li>\n<\/ul>\n<p><strong>Sterisafe\u00ae DURO Sterilisationscontainer aus Hochleistungskunststoff sind:<\/strong><\/p>\n<ul>\n<li>transluzent<\/li>\n<li>hoch schlagz\u00e4h (keine Dellen)<\/li>\n<li>\u00fcber &#038;gt, pH 10 aufbereitbar<\/li>\n<li>gleicherma\u00dfen Dampf-, Plasma-, EO-, FO-sterilisierbar<\/li>\n<li>wartungsfrei (keine Dichtung, keine Erosion) Ober- und Unterschale schlie\u00dfen nach dem Prinzip der Pasteur\u2019schen Schleife keimdicht zueinander ab<\/li>\n<li>spart nachweislich Ausfallzeiten und Servicekosten bei Ihren Instrumenten<\/li>\n<li>seit Jahren bew\u00e4hrt<\/li>\n<\/ul>\n<p>Sterisafe\u00ae DURO Sterilisationscontainer entsprechen den <strong>nationalen \/ internationalen Normen und Standards<\/strong><\/p>\n<ul>\n<li>DIN EN 868-1 und -8: 1999<\/li>\n<li>DIN EN ISO 11607-1 und -2: 2006<\/li>\n<li>CE-Kennzeichnung gem\u00e4\u00df MDD 93\/42 EWG<\/li>\n<\/ul>\n","protected":false},"excerpt":{"rendered":"<p>Steriboxen in den Gr\u00f6\u00dfen S, M und L zur Aufbereitung von Instrumenten.<\/p>\n","protected":false},"featured_media":439440,"template":"","meta":{"_acf_changed":false,"_price":"117.7","_stock":"","_tribe_ticket_header":"","_tribe_default_ticket_provider":"","_tribe_ticket_capacity":"","_ticket_start_date":"","_ticket_end_date":"","_tribe_ticket_show_description":"","_tribe_ticket_show_not_going":false,"_tribe_ticket_use_global_stock":"","_tribe_ticket_global_stock_level":"","_global_stock_mode":"","_global_stock_cap":"","_tribe_rsvp_for_event":"","_tribe_ticket_going_count":"","_tribe_ticket_not_going_count":"","_tribe_tickets_list":"[]","_tribe_ticket_has_attendee_info_fields":false,"_tec_slr_enabled":"","_tec_slr_layout":""},"product_brand":[],"product_cat":[4564],"product_tag":[2730,2728,2663,2727,2665,2664,2667,2726,2666,2729],"class_list":{"0":"post-165315","1":"product","2":"type-product","3":"status-publish","4":"has-post-thumbnail","6":"product_cat-trays","7":"product_tag-impla-steri-guide","8":"product_tag-steri-guide","9":"product_tag-steribox","10":"product_tag-steriboxen","11":"product_tag-steril","12":"product_tag-sterilisation","13":"product_tag-sterilisationsbox","14":"product_tag-sterilisationscontainer","15":"product_tag-sterilisieren","16":"product_tag-sterisafe","18":"first","19":"instock","20":"product-type-variable"},"acf":[],"_links":{"self":[{"href":"https:\/\/schuetz-dental.de\/en\/wp-json\/wp\/v2\/product\/165315","targetHints":{"allow":["GET"]}}],"collection":[{"href":"https:\/\/schuetz-dental.de\/en\/wp-json\/wp\/v2\/product"}],"about":[{"href":"https:\/\/schuetz-dental.de\/en\/wp-json\/wp\/v2\/types\/product"}],"wp:featuredmedia":[{"embeddable":true,"href":"https:\/\/schuetz-dental.de\/en\/wp-json\/wp\/v2\/media\/439440"}],"wp:attachment":[{"href":"https:\/\/schuetz-dental.de\/en\/wp-json\/wp\/v2\/media?parent=165315"}],"wp:term":[{"taxonomy":"product_brand","embeddable":true,"href":"https:\/\/schuetz-dental.de\/en\/wp-json\/wp\/v2\/product_brand?post=165315"},{"taxonomy":"product_cat","embeddable":true,"href":"https:\/\/schuetz-dental.de\/en\/wp-json\/wp\/v2\/product_cat?post=165315"},{"taxonomy":"product_tag","embeddable":true,"href":"https:\/\/schuetz-dental.de\/en\/wp-json\/wp\/v2\/product_tag?post=165315"}],"curies":[{"name":"wp","href":"https:\/\/api.w.org\/{rel}","templated":true}]}}