{"id":165328,"date":"2026-04-16T03:24:42","date_gmt":"2026-04-16T01:24:42","guid":{"rendered":"https:\/\/webshop.schuetz-dental.org\/product\/erweiterungsbohrer-kurz-325-mm-fuer-cylindrical\/"},"modified":"2026-04-16T03:32:01","modified_gmt":"2026-04-16T01:32:01","slug":"erweiterungsbohrer-kurz-325-mm-fuer-cylindrical","status":"publish","type":"product","link":"https:\/\/schuetz-dental.de\/en\/produkt\/erweiterungsbohrer-kurz-325-mm-fuer-cylindrical\/","title":{"rendered":"Erweiterungsbohrer kurz 3,25 mm, f\u00fcr Cylindrical"},"content":{"rendered":"","protected":false},"excerpt":{"rendered":"<p>Erweiterungsbohrer kurz ohne Innenk\u00fchlung, \u00f8 2,75 mm, 3,0 mm, 3,7 mm, 3,9 mm, 4,6 mm und 4,9 mm f\u00fcr die IMPLA Cylindrical Implantatlinien.<\/p>\n","protected":false},"featured_media":409080,"template":"","meta":{"_acf_changed":false,"_price":"103","_stock":"","_tribe_ticket_header":"","_tribe_default_ticket_provider":"","_tribe_ticket_capacity":"","_ticket_start_date":"","_ticket_end_date":"","_tribe_ticket_show_description":"","_tribe_ticket_show_not_going":false,"_tribe_ticket_use_global_stock":"","_tribe_ticket_global_stock_level":"","_global_stock_mode":"","_global_stock_cap":"","_tribe_rsvp_for_event":"","_tribe_ticket_going_count":"","_tribe_ticket_not_going_count":"","_tribe_tickets_list":"[]","_tribe_ticket_has_attendee_info_fields":false,"_tec_slr_enabled":"","_tec_slr_layout":""},"product_brand":[],"product_cat":[4565],"product_tag":[],"class_list":{"0":"post-165328","1":"product","2":"type-product","3":"status-publish","4":"has-post-thumbnail","6":"product_cat-bohrer-und-instrumente","8":"first","9":"instock","10":"product-type-variable"},"acf":[],"_links":{"self":[{"href":"https:\/\/schuetz-dental.de\/en\/wp-json\/wp\/v2\/product\/165328","targetHints":{"allow":["GET"]}}],"collection":[{"href":"https:\/\/schuetz-dental.de\/en\/wp-json\/wp\/v2\/product"}],"about":[{"href":"https:\/\/schuetz-dental.de\/en\/wp-json\/wp\/v2\/types\/product"}],"wp:featuredmedia":[{"embeddable":true,"href":"https:\/\/schuetz-dental.de\/en\/wp-json\/wp\/v2\/media\/409080"}],"wp:attachment":[{"href":"https:\/\/schuetz-dental.de\/en\/wp-json\/wp\/v2\/media?parent=165328"}],"wp:term":[{"taxonomy":"product_brand","embeddable":true,"href":"https:\/\/schuetz-dental.de\/en\/wp-json\/wp\/v2\/product_brand?post=165328"},{"taxonomy":"product_cat","embeddable":true,"href":"https:\/\/schuetz-dental.de\/en\/wp-json\/wp\/v2\/product_cat?post=165328"},{"taxonomy":"product_tag","embeddable":true,"href":"https:\/\/schuetz-dental.de\/en\/wp-json\/wp\/v2\/product_tag?post=165328"}],"curies":[{"name":"wp","href":"https:\/\/api.w.org\/{rel}","templated":true}]}}