{"id":165357,"date":"2026-04-17T03:27:38","date_gmt":"2026-04-17T01:27:38","guid":{"rendered":"https:\/\/webshop.schuetz-dental.org\/product\/bohrerschaftverlaengerung\/"},"modified":"2026-04-17T03:27:39","modified_gmt":"2026-04-17T01:27:39","slug":"bohrerschaftverlaengerung","status":"publish","type":"product","link":"https:\/\/schuetz-dental.de\/en\/produkt\/bohrerschaftverlaengerung\/","title":{"rendered":"Bohrerschaftverl\u00e4ngerung"},"content":{"rendered":"<p>Garantiert bequemes und sicheres Arbeiten selbst unter ung\u00fcnstigen interdentalen Platzverh\u00e4ltnissen. Zur Verl\u00e4ngerung des Werkzeugschaftes f\u00fcr Winkelst\u00fcck-Werkzeug 2,34 mm.\u00a0<\/p>\n","protected":false},"excerpt":{"rendered":"<p>Garantiert bequemes und sicheres Arbeiten selbst unter ung\u00fcnstigen Platzverh\u00e4ltnissen.<\/p>\n","protected":false},"featured_media":411837,"template":"","meta":{"_acf_changed":false,"_price":"74.1","_stock":"0.000000","_tribe_ticket_header":"","_tribe_default_ticket_provider":"","_tribe_ticket_capacity":"","_ticket_start_date":"","_ticket_end_date":"","_tribe_ticket_show_description":"","_tribe_ticket_show_not_going":false,"_tribe_ticket_use_global_stock":"","_tribe_ticket_global_stock_level":"","_global_stock_mode":"","_global_stock_cap":"","_tribe_rsvp_for_event":"","_tribe_ticket_going_count":"","_tribe_ticket_not_going_count":"","_tribe_tickets_list":"[]","_tribe_ticket_has_attendee_info_fields":false,"_tec_slr_enabled":"","_tec_slr_layout":""},"product_brand":[],"product_cat":[4565],"product_tag":[2557,2737,2736],"class_list":{"0":"post-165357","1":"product","2":"type-product","3":"status-publish","4":"has-post-thumbnail","6":"product_cat-bohrer-und-instrumente","7":"product_tag-impla","8":"product_tag-verlaengerung","9":"product_tag-winkelstueck-werkzeug","11":"first","12":"instock","13":"product-type-simple"},"acf":[],"_links":{"self":[{"href":"https:\/\/schuetz-dental.de\/en\/wp-json\/wp\/v2\/product\/165357","targetHints":{"allow":["GET"]}}],"collection":[{"href":"https:\/\/schuetz-dental.de\/en\/wp-json\/wp\/v2\/product"}],"about":[{"href":"https:\/\/schuetz-dental.de\/en\/wp-json\/wp\/v2\/types\/product"}],"wp:featuredmedia":[{"embeddable":true,"href":"https:\/\/schuetz-dental.de\/en\/wp-json\/wp\/v2\/media\/411837"}],"wp:attachment":[{"href":"https:\/\/schuetz-dental.de\/en\/wp-json\/wp\/v2\/media?parent=165357"}],"wp:term":[{"taxonomy":"product_brand","embeddable":true,"href":"https:\/\/schuetz-dental.de\/en\/wp-json\/wp\/v2\/product_brand?post=165357"},{"taxonomy":"product_cat","embeddable":true,"href":"https:\/\/schuetz-dental.de\/en\/wp-json\/wp\/v2\/product_cat?post=165357"},{"taxonomy":"product_tag","embeddable":true,"href":"https:\/\/schuetz-dental.de\/en\/wp-json\/wp\/v2\/product_tag?post=165357"}],"curies":[{"name":"wp","href":"https:\/\/api.w.org\/{rel}","templated":true}]}}