{"id":165397,"date":"2026-05-12T03:25:53","date_gmt":"2026-05-12T01:25:53","guid":{"rendered":"https:\/\/webshop.schuetz-dental.org\/product\/titan-huelsen-set-universal\/"},"modified":"2026-05-12T03:26:06","modified_gmt":"2026-05-12T01:26:06","slug":"titan-huelsen-set-universal","status":"publish","type":"product","link":"https:\/\/schuetz-dental.de\/en\/produkt\/titan-huelsen-set-universal\/","title":{"rendered":"Titan-H\u00fclsen Set universal"},"content":{"rendered":"<p>Diese Titan-Bohrf\u00fchrungsh\u00fclsen erm\u00f6glichen das pr\u00e4zise Platzieren der Bohrungen f\u00fcr IMPLA Implantate zur Herstellung individueller Bohrschablonen.<\/p>\n","protected":false},"excerpt":{"rendered":"<p>Bohrf\u00fchrungsh\u00fclsen f\u00fcr 2 mm, 2,5 mm, 3,15 mm und 4,25 mm Bohrer der IMPLA Serie.<\/p>\n","protected":false},"featured_media":0,"template":"","meta":{"_acf_changed":false,"_price":"17.5","_stock":"","_tribe_ticket_header":"","_tribe_default_ticket_provider":"","_tribe_ticket_capacity":"","_ticket_start_date":"","_ticket_end_date":"","_tribe_ticket_show_description":"","_tribe_ticket_show_not_going":false,"_tribe_ticket_use_global_stock":"","_tribe_ticket_global_stock_level":"","_global_stock_mode":"","_global_stock_cap":"","_tribe_rsvp_for_event":"","_tribe_ticket_going_count":"","_tribe_ticket_not_going_count":"","_tribe_tickets_list":"[]","_tribe_ticket_has_attendee_info_fields":false,"_tec_slr_enabled":"","_tec_slr_layout":""},"product_brand":[],"product_cat":[4735],"product_tag":[],"class_list":{"0":"post-165397","1":"product","2":"type-product","3":"status-publish","5":"product_cat-uncategorized","7":"first","8":"instock","9":"product-type-variable"},"acf":[],"_links":{"self":[{"href":"https:\/\/schuetz-dental.de\/en\/wp-json\/wp\/v2\/product\/165397","targetHints":{"allow":["GET"]}}],"collection":[{"href":"https:\/\/schuetz-dental.de\/en\/wp-json\/wp\/v2\/product"}],"about":[{"href":"https:\/\/schuetz-dental.de\/en\/wp-json\/wp\/v2\/types\/product"}],"wp:attachment":[{"href":"https:\/\/schuetz-dental.de\/en\/wp-json\/wp\/v2\/media?parent=165397"}],"wp:term":[{"taxonomy":"product_brand","embeddable":true,"href":"https:\/\/schuetz-dental.de\/en\/wp-json\/wp\/v2\/product_brand?post=165397"},{"taxonomy":"product_cat","embeddable":true,"href":"https:\/\/schuetz-dental.de\/en\/wp-json\/wp\/v2\/product_cat?post=165397"},{"taxonomy":"product_tag","embeddable":true,"href":"https:\/\/schuetz-dental.de\/en\/wp-json\/wp\/v2\/product_tag?post=165397"}],"curies":[{"name":"wp","href":"https:\/\/api.w.org\/{rel}","templated":true}]}}