{"id":165450,"date":"2026-04-16T03:25:16","date_gmt":"2026-04-16T01:25:16","guid":{"rendered":"https:\/\/webshop.schuetz-dental.org\/product\/mini-implantat-balltop-21-95mm\/"},"modified":"2026-04-16T03:26:04","modified_gmt":"2026-04-16T01:26:04","slug":"mini-implantat-balltop-21-95mm","status":"publish","type":"product","link":"https:\/\/schuetz-dental.de\/en\/produkt\/mini-implantat-balltop-21-95mm\/","title":{"rendered":"Mini Implantat balltop 2,1\/9,5mm"},"content":{"rendered":"<p>Das aus Titan Grad 4 bestehende Implantat eignet sich hervorragend f\u00fcr die Fixation von Totalprothesen (Cover-denture).\u00a0Die einteiligen Implantate der IMPLA Mini-Serie haben eine hochwertige gestrahlte und ge\u00e4tzte Oberfl\u00e4che. Je nach klinischem Fall sind die Mini Implantate auch f\u00fcr die &#8220;&#8221;Flapless-Technik&#8221;&#8221; geeignet. Das kurze Bohrprotokoll minimiert die OP-Zeit. IMPLA Mini Implantate sind eine wirtschaftliche Alternative zu zweiteiligen Implantaten.<\/p>\n<p>Vorteile:<\/p>\n<ul>\n<li>Geringer Durchmesser f\u00fcr eine minimal-invasive Insertion.<\/li>\n<li>Hochreine, gestrahlte und ge\u00e4tzte Oberfl\u00e4che f\u00fcr eine sichere Osseointegration.<\/li>\n<li>Selbstschneidendes Gewinde f\u00fcr eine schnelle und einfache Einbringung.<\/li>\n<\/ul>\n","protected":false},"excerpt":{"rendered":"<p>Das einteilige Mini-Implantat mit Kugelaufbau.<\/p>\n","protected":false},"featured_media":0,"template":"","meta":{"_acf_changed":false,"_price":"104.7","_stock":"","_tribe_ticket_header":"","_tribe_default_ticket_provider":"","_tribe_ticket_capacity":"","_ticket_start_date":"","_ticket_end_date":"","_tribe_ticket_show_description":"","_tribe_ticket_show_not_going":false,"_tribe_ticket_use_global_stock":"","_tribe_ticket_global_stock_level":"","_global_stock_mode":"","_global_stock_cap":"","_tribe_rsvp_for_event":"","_tribe_ticket_going_count":"","_tribe_ticket_not_going_count":"","_tribe_tickets_list":"[]","_tribe_ticket_has_attendee_info_fields":false,"_tec_slr_enabled":"","_tec_slr_layout":""},"product_brand":[],"product_cat":[4574],"product_tag":[],"class_list":{"0":"post-165450","1":"product","2":"type-product","3":"status-publish","5":"product_cat-mini-balltop","7":"first","8":"instock","9":"product-type-variable"},"acf":[],"_links":{"self":[{"href":"https:\/\/schuetz-dental.de\/en\/wp-json\/wp\/v2\/product\/165450","targetHints":{"allow":["GET"]}}],"collection":[{"href":"https:\/\/schuetz-dental.de\/en\/wp-json\/wp\/v2\/product"}],"about":[{"href":"https:\/\/schuetz-dental.de\/en\/wp-json\/wp\/v2\/types\/product"}],"wp:attachment":[{"href":"https:\/\/schuetz-dental.de\/en\/wp-json\/wp\/v2\/media?parent=165450"}],"wp:term":[{"taxonomy":"product_brand","embeddable":true,"href":"https:\/\/schuetz-dental.de\/en\/wp-json\/wp\/v2\/product_brand?post=165450"},{"taxonomy":"product_cat","embeddable":true,"href":"https:\/\/schuetz-dental.de\/en\/wp-json\/wp\/v2\/product_cat?post=165450"},{"taxonomy":"product_tag","embeddable":true,"href":"https:\/\/schuetz-dental.de\/en\/wp-json\/wp\/v2\/product_tag?post=165450"}],"curies":[{"name":"wp","href":"https:\/\/api.w.org\/{rel}","templated":true}]}}