{"id":165459,"date":"2026-05-12T03:27:05","date_gmt":"2026-05-12T01:27:05","guid":{"rendered":"https:\/\/webshop.schuetz-dental.org\/product\/labor-implantat\/"},"modified":"2026-05-12T03:27:06","modified_gmt":"2026-05-12T01:27:06","slug":"labor-implantat","status":"publish","type":"product","link":"https:\/\/schuetz-dental.de\/en\/produkt\/labor-implantat\/","title":{"rendered":"Labor-Implantat"},"content":{"rendered":"<p>\u00dcbertragungsteil aus Titan zur genauen Replikation der Implantatposition f\u00fcr die Implantate der Mini-balltop Serie im Meistermodell. F\u00fcr die geschlossene Abformungstechnik.\u00a0<\/p>\n","protected":false},"excerpt":{"rendered":"<p>\u00dcbertragungsteil aus Titan zur genauen Replikation der Implantatposition.<\/p>\n","protected":false},"featured_media":447785,"template":"","meta":{"_acf_changed":false,"_price":"43.7","_stock":"0.000000","_tribe_ticket_header":"","_tribe_default_ticket_provider":"","_tribe_ticket_capacity":"","_ticket_start_date":"","_ticket_end_date":"","_tribe_ticket_show_description":"","_tribe_ticket_show_not_going":false,"_tribe_ticket_use_global_stock":"","_tribe_ticket_global_stock_level":"","_global_stock_mode":"","_global_stock_cap":"","_tribe_rsvp_for_event":"","_tribe_ticket_going_count":"","_tribe_ticket_not_going_count":"","_tribe_tickets_list":"[]","_tribe_ticket_has_attendee_info_fields":false,"_tec_slr_enabled":"","_tec_slr_layout":""},"product_brand":[],"product_cat":[4731],"product_tag":[],"class_list":{"0":"post-165459","1":"product","2":"type-product","3":"status-publish","4":"has-post-thumbnail","6":"product_cat-mini-balltop","8":"first","9":"instock","10":"product-type-simple"},"acf":[],"_links":{"self":[{"href":"https:\/\/schuetz-dental.de\/en\/wp-json\/wp\/v2\/product\/165459","targetHints":{"allow":["GET"]}}],"collection":[{"href":"https:\/\/schuetz-dental.de\/en\/wp-json\/wp\/v2\/product"}],"about":[{"href":"https:\/\/schuetz-dental.de\/en\/wp-json\/wp\/v2\/types\/product"}],"wp:featuredmedia":[{"embeddable":true,"href":"https:\/\/schuetz-dental.de\/en\/wp-json\/wp\/v2\/media\/447785"}],"wp:attachment":[{"href":"https:\/\/schuetz-dental.de\/en\/wp-json\/wp\/v2\/media?parent=165459"}],"wp:term":[{"taxonomy":"product_brand","embeddable":true,"href":"https:\/\/schuetz-dental.de\/en\/wp-json\/wp\/v2\/product_brand?post=165459"},{"taxonomy":"product_cat","embeddable":true,"href":"https:\/\/schuetz-dental.de\/en\/wp-json\/wp\/v2\/product_cat?post=165459"},{"taxonomy":"product_tag","embeddable":true,"href":"https:\/\/schuetz-dental.de\/en\/wp-json\/wp\/v2\/product_tag?post=165459"}],"curies":[{"name":"wp","href":"https:\/\/api.w.org\/{rel}","templated":true}]}}