{"id":165483,"date":"2026-04-17T03:29:09","date_gmt":"2026-04-17T01:29:09","guid":{"rendered":"https:\/\/webshop.schuetz-dental.org\/product\/abdruckpfosten-33-mm-kurz\/"},"modified":"2026-04-17T03:30:00","modified_gmt":"2026-04-17T01:30:00","slug":"abdruckpfosten-33-mm-kurz","status":"publish","type":"product","link":"https:\/\/schuetz-dental.de\/en\/produkt\/abdruckpfosten-33-mm-kurz\/","title":{"rendered":"Abdruckpfosten 3,3 mm kurz"},"content":{"rendered":"<p>Die Abformhilfen Hex Connection sind f\u00fcr den geschlossenen L\u00f6ffel. Dadurch entf\u00e4llt eine zus\u00e4tzliche Pr\u00e4paration des L\u00f6ffels. Die Abformhilfen sind, entsprechend der Prothetikverbindung, farbkodiert. Die hochpr\u00e4zisen Abformkomponenten ergeben eine exakte Nachbildung der intraoralen Situation.\u00a0Zusammen mit der Transferkappe Art.-Nr. 635495 zu verwenden.<\/p>\n","protected":false},"excerpt":{"rendered":"<p>F\u00fcr die geschlossene Abformtechnik.<\/p>\n","protected":false},"featured_media":411886,"template":"","meta":{"_acf_changed":false,"_price":"47.8","_stock":"","_tribe_ticket_header":"","_tribe_default_ticket_provider":"","_tribe_ticket_capacity":"","_ticket_start_date":"","_ticket_end_date":"","_tribe_ticket_show_description":"","_tribe_ticket_show_not_going":false,"_tribe_ticket_use_global_stock":"","_tribe_ticket_global_stock_level":"","_global_stock_mode":"","_global_stock_cap":"","_tribe_rsvp_for_event":"","_tribe_ticket_going_count":"","_tribe_ticket_not_going_count":"","_tribe_tickets_list":"[]","_tribe_ticket_has_attendee_info_fields":false,"_tec_slr_enabled":"","_tec_slr_layout":""},"product_brand":[],"product_cat":[4576],"product_tag":[],"class_list":{"0":"post-165483","1":"product","2":"type-product","3":"status-publish","4":"has-post-thumbnail","6":"product_cat-abformung-geschlossen","8":"first","9":"instock","10":"product-type-variable"},"acf":[],"_links":{"self":[{"href":"https:\/\/schuetz-dental.de\/en\/wp-json\/wp\/v2\/product\/165483","targetHints":{"allow":["GET"]}}],"collection":[{"href":"https:\/\/schuetz-dental.de\/en\/wp-json\/wp\/v2\/product"}],"about":[{"href":"https:\/\/schuetz-dental.de\/en\/wp-json\/wp\/v2\/types\/product"}],"wp:featuredmedia":[{"embeddable":true,"href":"https:\/\/schuetz-dental.de\/en\/wp-json\/wp\/v2\/media\/411886"}],"wp:attachment":[{"href":"https:\/\/schuetz-dental.de\/en\/wp-json\/wp\/v2\/media?parent=165483"}],"wp:term":[{"taxonomy":"product_brand","embeddable":true,"href":"https:\/\/schuetz-dental.de\/en\/wp-json\/wp\/v2\/product_brand?post=165483"},{"taxonomy":"product_cat","embeddable":true,"href":"https:\/\/schuetz-dental.de\/en\/wp-json\/wp\/v2\/product_cat?post=165483"},{"taxonomy":"product_tag","embeddable":true,"href":"https:\/\/schuetz-dental.de\/en\/wp-json\/wp\/v2\/product_tag?post=165483"}],"curies":[{"name":"wp","href":"https:\/\/api.w.org\/{rel}","templated":true}]}}