{"id":165495,"date":"2026-04-16T03:25:26","date_gmt":"2026-04-16T01:25:26","guid":{"rendered":"https:\/\/webshop.schuetz-dental.org\/product\/o-ring-gruen-fuer-kugelkopfmatrize\/"},"modified":"2026-04-16T03:25:27","modified_gmt":"2026-04-16T01:25:27","slug":"o-ring-gruen-fuer-kugelkopfmatrize","status":"publish","type":"product","link":"https:\/\/schuetz-dental.de\/en\/produkt\/o-ring-gruen-fuer-kugelkopfmatrize\/","title":{"rendered":"O-Ring gr\u00fcn f\u00fcr Kugelkopfmatrize"},"content":{"rendered":"<p>F\u00fcr offene oder geschlossene Matrizen mit 450 g Abzugskraft.<\/p>\n","protected":false},"excerpt":{"rendered":"<p>Austausch O-Ring mit leichter Abzugskraft 450 g.<\/p>\n","protected":false},"featured_media":409149,"template":"","meta":{"_acf_changed":false,"_price":"5.9","_stock":"0.000000","_tribe_ticket_header":"","_tribe_default_ticket_provider":"","_tribe_ticket_capacity":"","_ticket_start_date":"","_ticket_end_date":"","_tribe_ticket_show_description":"","_tribe_ticket_show_not_going":false,"_tribe_ticket_use_global_stock":"","_tribe_ticket_global_stock_level":"","_global_stock_mode":"","_global_stock_cap":"","_tribe_rsvp_for_event":"","_tribe_ticket_going_count":"","_tribe_ticket_not_going_count":"","_tribe_tickets_list":"[]","_tribe_ticket_has_attendee_info_fields":false,"_tec_slr_enabled":"","_tec_slr_layout":""},"product_brand":[],"product_cat":[4731],"product_tag":[2764,2671,2672,2765,2559,2557,2750,2752,2567,2217,2751],"class_list":{"0":"post-165495","1":"product","2":"type-product","3":"status-publish","4":"has-post-thumbnail","6":"product_cat-mini-balltop","7":"product_tag-austausch","8":"product_tag-coverdenture","9":"product_tag-deckprothese","10":"product_tag-ersatz","11":"product_tag-geschlossen","12":"product_tag-impla","13":"product_tag-locator","14":"product_tag-mini-balltop","15":"product_tag-offen","16":"product_tag-titan","17":"product_tag-titanmatrize","19":"first","20":"instock","21":"product-type-simple"},"acf":[],"_links":{"self":[{"href":"https:\/\/schuetz-dental.de\/en\/wp-json\/wp\/v2\/product\/165495","targetHints":{"allow":["GET"]}}],"collection":[{"href":"https:\/\/schuetz-dental.de\/en\/wp-json\/wp\/v2\/product"}],"about":[{"href":"https:\/\/schuetz-dental.de\/en\/wp-json\/wp\/v2\/types\/product"}],"wp:featuredmedia":[{"embeddable":true,"href":"https:\/\/schuetz-dental.de\/en\/wp-json\/wp\/v2\/media\/409149"}],"wp:attachment":[{"href":"https:\/\/schuetz-dental.de\/en\/wp-json\/wp\/v2\/media?parent=165495"}],"wp:term":[{"taxonomy":"product_brand","embeddable":true,"href":"https:\/\/schuetz-dental.de\/en\/wp-json\/wp\/v2\/product_brand?post=165495"},{"taxonomy":"product_cat","embeddable":true,"href":"https:\/\/schuetz-dental.de\/en\/wp-json\/wp\/v2\/product_cat?post=165495"},{"taxonomy":"product_tag","embeddable":true,"href":"https:\/\/schuetz-dental.de\/en\/wp-json\/wp\/v2\/product_tag?post=165495"}],"curies":[{"name":"wp","href":"https:\/\/api.w.org\/{rel}","templated":true}]}}