{"id":165507,"date":"2026-05-12T03:27:13","date_gmt":"2026-05-12T01:27:13","guid":{"rendered":"https:\/\/webshop.schuetz-dental.org\/product\/micro-retention-implantat-cone-connection\/"},"modified":"2026-05-12T03:28:01","modified_gmt":"2026-05-12T01:28:01","slug":"micro-retention-implantat-cone-connection","status":"publish","type":"product","link":"https:\/\/schuetz-dental.de\/en\/produkt\/micro-retention-implantat-cone-connection\/","title":{"rendered":"Micro Retention Implantat Cone Connection"},"content":{"rendered":"<p>Dieses Implantat ist aufgrund seines speziellen Mikrogewindes im Halsbereich pr\u00e4destiniert f\u00fcr den Einsatz insbesondere im spongi\u00f6sen Oberkieferknochen. Es bietet aber auch im harten Knochen schnelle und sichere Insertionsm\u00f6glichkeiten. Die rotationsgesch\u00fctzte konische Innenverbindung minimiert den Microgap zwischen Implantat und Abutment. Damit wird der Erhalt des marginalen Knochens (Periimplantitis) unterst\u00fctzt. Die zus\u00e4tzliche hexagonale Verbindung im Inneren des Implantats dient als Rotationsschutz.<\/p>\n<p>Vorteile:<\/p>\n<ul>\n<li>Platform-Switching zur Verbesserung des Weichgewebs-Attachments.<\/li>\n<li>Konus und Hex f\u00fcr maximale Sicherheit. Hex f\u00fcr Rotationsschutz, Konus gegen Microgap.<\/li>\n<li>Optimiertes Gewindedesign zur verbesserten Prim\u00e4rstabilit\u00e4t auch in weichen Knochen.<\/li>\n<li>Emergenzprofil f\u00fcr exzellente \u00e4sthetische Ergebnisse und Zeitersparnis.<\/li>\n<li>Gute Rot-\/Wei\u00df-\u00c4sthetik, da Microgap versiegelt.<\/li>\n<li>Mikrostrukturierte, hochreine Oberfl\u00e4che f\u00fcr eine optimale Zelladaption und sichere Osseointegration.<\/li>\n<\/ul>\n","protected":false},"excerpt":{"rendered":"<p>Das Implantat mit konischer Grundform und rotationsgesch\u00fctzter  konischer Innenverbindung.<\/p>\n","protected":false},"featured_media":447818,"template":"","meta":{"_acf_changed":false,"_price":"235.4","_stock":"","_tribe_ticket_header":"","_tribe_default_ticket_provider":"","_tribe_ticket_capacity":"","_ticket_start_date":"","_ticket_end_date":"","_tribe_ticket_show_description":"","_tribe_ticket_show_not_going":false,"_tribe_ticket_use_global_stock":"","_tribe_ticket_global_stock_level":"","_global_stock_mode":"","_global_stock_cap":"","_tribe_rsvp_for_event":"","_tribe_ticket_going_count":"","_tribe_ticket_not_going_count":"","_tribe_tickets_list":"[]","_tribe_ticket_has_attendee_info_fields":false,"_tec_slr_enabled":"","_tec_slr_layout":""},"product_brand":[],"product_cat":[4568],"product_tag":[2595,2563,2597,2593,2592,2601,2557,2589,2590,2596,2675,2600,2599,2598,2602,2594,2217],"class_list":{"0":"post-165507","1":"product","2":"type-product","3":"status-publish","4":"has-post-thumbnail","6":"product_cat-micro-retention","7":"product_tag-all-on-four","8":"product_tag-cone","9":"product_tag-emergenzprofil","10":"product_tag-geaetzt","11":"product_tag-gestrahlt","12":"product_tag-gewindedesign","13":"product_tag-impla","14":"product_tag-implantat","15":"product_tag-implantate","16":"product_tag-implantatlinie","17":"product_tag-micro","18":"product_tag-mikrogewinde","19":"product_tag-mikrostruktur","20":"product_tag-platformswitching","21":"product_tag-rot-weissaesthetik","22":"product_tag-sinuslift","23":"product_tag-titan","25":"first","26":"instock","27":"product-type-variable"},"acf":[],"_links":{"self":[{"href":"https:\/\/schuetz-dental.de\/en\/wp-json\/wp\/v2\/product\/165507","targetHints":{"allow":["GET"]}}],"collection":[{"href":"https:\/\/schuetz-dental.de\/en\/wp-json\/wp\/v2\/product"}],"about":[{"href":"https:\/\/schuetz-dental.de\/en\/wp-json\/wp\/v2\/types\/product"}],"wp:featuredmedia":[{"embeddable":true,"href":"https:\/\/schuetz-dental.de\/en\/wp-json\/wp\/v2\/media\/447818"}],"wp:attachment":[{"href":"https:\/\/schuetz-dental.de\/en\/wp-json\/wp\/v2\/media?parent=165507"}],"wp:term":[{"taxonomy":"product_brand","embeddable":true,"href":"https:\/\/schuetz-dental.de\/en\/wp-json\/wp\/v2\/product_brand?post=165507"},{"taxonomy":"product_cat","embeddable":true,"href":"https:\/\/schuetz-dental.de\/en\/wp-json\/wp\/v2\/product_cat?post=165507"},{"taxonomy":"product_tag","embeddable":true,"href":"https:\/\/schuetz-dental.de\/en\/wp-json\/wp\/v2\/product_tag?post=165507"}],"curies":[{"name":"wp","href":"https:\/\/api.w.org\/{rel}","templated":true}]}}