{"id":165547,"date":"2026-04-24T03:32:21","date_gmt":"2026-04-24T01:32:21","guid":{"rendered":"https:\/\/webshop.schuetz-dental.org\/product\/schrauben-dreher-4-ncm\/"},"modified":"2026-04-24T03:32:22","modified_gmt":"2026-04-24T01:32:22","slug":"schrauben-dreher-4-ncm","status":"publish","type":"product","link":"https:\/\/schuetz-dental.de\/en\/produkt\/schrauben-dreher-4-ncm\/","title":{"rendered":"Schrauben-Dreher 4 Ncm"},"content":{"rendered":"<p>Mit Hilfe des Drehmoment-Steckschl\u00fcssels wird die Innenmatrize in das Matrizengeh\u00e4use eingedreht und auf die Patrize gesetzt. Montageinnenmatrizen mit blauen Kunststoffeins\u00e4tzen d\u00fcrfen nicht als definitive Innenmatrizen in Prothesen verwendet werden, sie sind ausschlie\u00dflich f\u00fcr das zahntechnische Labor bestimmt.<\/p>\n","protected":false},"excerpt":{"rendered":"<p>Schl\u00fcssel f\u00fcr Matrizen mit fest eingestelltem Drehmoment von 4 Ncm (Einschraubmoment)<\/p>\n","protected":false},"featured_media":422918,"template":"","meta":{"_acf_changed":false,"_price":"155.9","_stock":"0.000000","_tribe_ticket_header":"","_tribe_default_ticket_provider":"","_tribe_ticket_capacity":"","_ticket_start_date":"","_ticket_end_date":"","_tribe_ticket_show_description":"","_tribe_ticket_show_not_going":false,"_tribe_ticket_use_global_stock":"","_tribe_ticket_global_stock_level":"","_global_stock_mode":"","_global_stock_cap":"","_tribe_rsvp_for_event":"","_tribe_ticket_going_count":"","_tribe_ticket_not_going_count":"","_tribe_tickets_list":"[]","_tribe_ticket_has_attendee_info_fields":false,"_tec_slr_enabled":"","_tec_slr_layout":""},"product_brand":[],"product_cat":[4579,4582,4756],"product_tag":[],"class_list":{"0":"post-165547","1":"product","2":"type-product","3":"status-publish","4":"has-post-thumbnail","6":"product_cat-kugel-abutment","8":"product_cat-prothetik-zubehoer","10":"first","11":"instock","12":"product-type-simple"},"acf":[],"_links":{"self":[{"href":"https:\/\/schuetz-dental.de\/en\/wp-json\/wp\/v2\/product\/165547","targetHints":{"allow":["GET"]}}],"collection":[{"href":"https:\/\/schuetz-dental.de\/en\/wp-json\/wp\/v2\/product"}],"about":[{"href":"https:\/\/schuetz-dental.de\/en\/wp-json\/wp\/v2\/types\/product"}],"wp:featuredmedia":[{"embeddable":true,"href":"https:\/\/schuetz-dental.de\/en\/wp-json\/wp\/v2\/media\/422918"}],"wp:attachment":[{"href":"https:\/\/schuetz-dental.de\/en\/wp-json\/wp\/v2\/media?parent=165547"}],"wp:term":[{"taxonomy":"product_brand","embeddable":true,"href":"https:\/\/schuetz-dental.de\/en\/wp-json\/wp\/v2\/product_brand?post=165547"},{"taxonomy":"product_cat","embeddable":true,"href":"https:\/\/schuetz-dental.de\/en\/wp-json\/wp\/v2\/product_cat?post=165547"},{"taxonomy":"product_tag","embeddable":true,"href":"https:\/\/schuetz-dental.de\/en\/wp-json\/wp\/v2\/product_tag?post=165547"}],"curies":[{"name":"wp","href":"https:\/\/api.w.org\/{rel}","templated":true}]}}