{"id":165551,"date":"2026-04-24T03:32:22","date_gmt":"2026-04-24T01:32:22","guid":{"rendered":"https:\/\/webshop.schuetz-dental.org\/product\/retentionskappe-klein\/"},"modified":"2026-04-24T03:32:23","modified_gmt":"2026-04-24T01:32:23","slug":"retentionskappe-klein","status":"publish","type":"product","link":"https:\/\/schuetz-dental.de\/en\/produkt\/retentionskappe-klein\/","title":{"rendered":"Retentionskappe klein"},"content":{"rendered":"<p>Mit dem speziell konstruierten Drehmomentschl\u00fcssel werden verschiedene Innenmatrizen in die Retentionskappe eingeschraubt. Bei einem Verschlei\u00df der Innenmatrizen k\u00f6nnen diese problemlos ausgewechselt werden, ohne die Innenmatrize zu tauschen.<\/p>\n","protected":false},"excerpt":{"rendered":"<p>Matrizengeh\u00e4use f\u00fcr Modellgussprothese.<\/p>\n","protected":false},"featured_media":422921,"template":"","meta":{"_acf_changed":false,"_price":"19.9","_stock":"0.000000","_tribe_ticket_header":"","_tribe_default_ticket_provider":"","_tribe_ticket_capacity":"","_ticket_start_date":"","_ticket_end_date":"","_tribe_ticket_show_description":"","_tribe_ticket_show_not_going":false,"_tribe_ticket_use_global_stock":"","_tribe_ticket_global_stock_level":"","_global_stock_mode":"","_global_stock_cap":"","_tribe_rsvp_for_event":"","_tribe_ticket_going_count":"","_tribe_ticket_not_going_count":"","_tribe_tickets_list":"[]","_tribe_ticket_has_attendee_info_fields":false,"_tec_slr_enabled":"","_tec_slr_layout":""},"product_brand":[],"product_cat":[4579,4582],"product_tag":[],"class_list":{"0":"post-165551","1":"product","2":"type-product","3":"status-publish","4":"has-post-thumbnail","6":"product_cat-kugel-abutment","9":"first","10":"instock","11":"product-type-simple"},"acf":[],"_links":{"self":[{"href":"https:\/\/schuetz-dental.de\/en\/wp-json\/wp\/v2\/product\/165551","targetHints":{"allow":["GET"]}}],"collection":[{"href":"https:\/\/schuetz-dental.de\/en\/wp-json\/wp\/v2\/product"}],"about":[{"href":"https:\/\/schuetz-dental.de\/en\/wp-json\/wp\/v2\/types\/product"}],"wp:featuredmedia":[{"embeddable":true,"href":"https:\/\/schuetz-dental.de\/en\/wp-json\/wp\/v2\/media\/422921"}],"wp:attachment":[{"href":"https:\/\/schuetz-dental.de\/en\/wp-json\/wp\/v2\/media?parent=165551"}],"wp:term":[{"taxonomy":"product_brand","embeddable":true,"href":"https:\/\/schuetz-dental.de\/en\/wp-json\/wp\/v2\/product_brand?post=165551"},{"taxonomy":"product_cat","embeddable":true,"href":"https:\/\/schuetz-dental.de\/en\/wp-json\/wp\/v2\/product_cat?post=165551"},{"taxonomy":"product_tag","embeddable":true,"href":"https:\/\/schuetz-dental.de\/en\/wp-json\/wp\/v2\/product_tag?post=165551"}],"curies":[{"name":"wp","href":"https:\/\/api.w.org\/{rel}","templated":true}]}}