{"id":165575,"date":"2026-04-24T03:32:26","date_gmt":"2026-04-24T01:32:26","guid":{"rendered":"https:\/\/webshop.schuetz-dental.org\/product\/kugelkonnektor-2-53-mm\/"},"modified":"2026-04-24T03:33:01","modified_gmt":"2026-04-24T01:33:01","slug":"kugelkonnektor-2-53-mm","status":"publish","type":"product","link":"https:\/\/schuetz-dental.de\/en\/produkt\/kugelkonnektor-2-53-mm\/","title":{"rendered":"Kugelkonnektor 2 \/ 5,3 mm"},"content":{"rendered":"<p>Lang bew\u00e4hrte, preiswerte prothetische L\u00f6sung mit 2,25 mm Kugelkopf f\u00fcr die &#8220;&#8221;cover denture\/full denture&#8221;&#8221;-Technik. In Erg\u00e4nzung mit verschiedenen Innenmatrizen zum Einpolymerisieren f\u00fcr die IMPLA Hex Connection Serie.<\/p>\n","protected":false},"excerpt":{"rendered":"<p>Kugelkonnektor Hex Connection f\u00fcr verankerte Deckprothesen.<\/p>\n","protected":false},"featured_media":0,"template":"","meta":{"_acf_changed":false,"_price":"88","_stock":"","_tribe_ticket_header":"","_tribe_default_ticket_provider":"","_tribe_ticket_capacity":"","_ticket_start_date":"","_ticket_end_date":"","_tribe_ticket_show_description":"","_tribe_ticket_show_not_going":false,"_tribe_ticket_use_global_stock":"","_tribe_ticket_global_stock_level":"","_global_stock_mode":"","_global_stock_cap":"","_tribe_rsvp_for_event":"","_tribe_ticket_going_count":"","_tribe_ticket_not_going_count":"","_tribe_tickets_list":"[]","_tribe_ticket_has_attendee_info_fields":false,"_tec_slr_enabled":"","_tec_slr_layout":""},"product_brand":[],"product_cat":[4582],"product_tag":[],"class_list":{"0":"post-165575","1":"product","2":"type-product","3":"status-publish","5":"product_cat-kugel-abutment","7":"first","8":"instock","9":"product-type-variable"},"acf":[],"_links":{"self":[{"href":"https:\/\/schuetz-dental.de\/en\/wp-json\/wp\/v2\/product\/165575","targetHints":{"allow":["GET"]}}],"collection":[{"href":"https:\/\/schuetz-dental.de\/en\/wp-json\/wp\/v2\/product"}],"about":[{"href":"https:\/\/schuetz-dental.de\/en\/wp-json\/wp\/v2\/types\/product"}],"wp:attachment":[{"href":"https:\/\/schuetz-dental.de\/en\/wp-json\/wp\/v2\/media?parent=165575"}],"wp:term":[{"taxonomy":"product_brand","embeddable":true,"href":"https:\/\/schuetz-dental.de\/en\/wp-json\/wp\/v2\/product_brand?post=165575"},{"taxonomy":"product_cat","embeddable":true,"href":"https:\/\/schuetz-dental.de\/en\/wp-json\/wp\/v2\/product_cat?post=165575"},{"taxonomy":"product_tag","embeddable":true,"href":"https:\/\/schuetz-dental.de\/en\/wp-json\/wp\/v2\/product_tag?post=165575"}],"curies":[{"name":"wp","href":"https:\/\/api.w.org\/{rel}","templated":true}]}}