{"id":165595,"date":"2026-04-14T03:24:44","date_gmt":"2026-04-14T01:24:44","guid":{"rendered":"https:\/\/webshop.schuetz-dental.org\/product\/locator-abformpfosten\/"},"modified":"2026-04-14T03:24:45","modified_gmt":"2026-04-14T01:24:45","slug":"locator-abformpfosten","status":"publish","type":"product","link":"https:\/\/schuetz-dental.de\/en\/produkt\/locator-abformpfosten\/","title":{"rendered":"Locator-Abformpfosten"},"content":{"rendered":"<p>Die Locator<sup>\u00ae<\/sup> Abformpfosten sind f\u00fcr den geschlossenen L\u00f6ffel. Dadurch entf\u00e4llt eine zus\u00e4tzliche Pr\u00e4paration des L\u00f6ffels. Die hoch pr\u00e4zisen Abformkomponenten ergeben eine exakte Nachbildung der intraoralen Situation.<\/p>\n","protected":false},"excerpt":{"rendered":"<p>Aus Aluminium mit schwarzem Silikoneinsatz f\u00fcr Abdrucknahme.<\/p>\n","protected":false},"featured_media":403636,"template":"","meta":{"_acf_changed":false,"_price":"32.1","_stock":"0.000000","_tribe_ticket_header":"","_tribe_default_ticket_provider":"","_tribe_ticket_capacity":"","_ticket_start_date":"","_ticket_end_date":"","_tribe_ticket_show_description":"","_tribe_ticket_show_not_going":false,"_tribe_ticket_use_global_stock":"","_tribe_ticket_global_stock_level":"","_global_stock_mode":"","_global_stock_cap":"","_tribe_rsvp_for_event":"","_tribe_ticket_going_count":"","_tribe_ticket_not_going_count":"","_tribe_tickets_list":"[]","_tribe_ticket_has_attendee_info_fields":false,"_tec_slr_enabled":"","_tec_slr_layout":""},"product_brand":[],"product_cat":[4583,4584],"product_tag":[2760,2759,2558,2671,2754,2557,2670,2753],"class_list":{"0":"post-165595","1":"product","2":"type-product","3":"status-publish","4":"has-post-thumbnail","6":"product_cat-locator-abutment","8":"product_tag-abformkomponente","9":"product_tag-abformpfosten","10":"product_tag-abformung","11":"product_tag-coverdenture","12":"product_tag-einsteckmatrize","13":"product_tag-impla","14":"product_tag-kugelkopf","15":"product_tag-zentrisch","17":"first","18":"instock","19":"product-type-simple"},"acf":[],"_links":{"self":[{"href":"https:\/\/schuetz-dental.de\/en\/wp-json\/wp\/v2\/product\/165595","targetHints":{"allow":["GET"]}}],"collection":[{"href":"https:\/\/schuetz-dental.de\/en\/wp-json\/wp\/v2\/product"}],"about":[{"href":"https:\/\/schuetz-dental.de\/en\/wp-json\/wp\/v2\/types\/product"}],"wp:featuredmedia":[{"embeddable":true,"href":"https:\/\/schuetz-dental.de\/en\/wp-json\/wp\/v2\/media\/403636"}],"wp:attachment":[{"href":"https:\/\/schuetz-dental.de\/en\/wp-json\/wp\/v2\/media?parent=165595"}],"wp:term":[{"taxonomy":"product_brand","embeddable":true,"href":"https:\/\/schuetz-dental.de\/en\/wp-json\/wp\/v2\/product_brand?post=165595"},{"taxonomy":"product_cat","embeddable":true,"href":"https:\/\/schuetz-dental.de\/en\/wp-json\/wp\/v2\/product_cat?post=165595"},{"taxonomy":"product_tag","embeddable":true,"href":"https:\/\/schuetz-dental.de\/en\/wp-json\/wp\/v2\/product_tag?post=165595"}],"curies":[{"name":"wp","href":"https:\/\/api.w.org\/{rel}","templated":true}]}}