{"id":165732,"date":"2026-04-16T03:27:30","date_gmt":"2026-04-16T01:27:30","guid":{"rendered":"https:\/\/webshop.schuetz-dental.org\/product\/klebebasis-33-mm\/"},"modified":"2026-04-16T03:28:02","modified_gmt":"2026-04-16T01:28:02","slug":"klebebasis-33-mm","status":"publish","type":"product","link":"https:\/\/schuetz-dental.de\/en\/produkt\/klebebasis-33-mm\/","title":{"rendered":"Klebebasis 3,3 mm"},"content":{"rendered":"<p>Mit dieser Titanbasis (Titan Grad 5) k\u00f6nnen Einzelkronen aus ZrO<sub>2<\/sub> adh\u00e4siv verklebt werden. Wir empfehlen dazu <a title=\"\"Sebond Implant\"\" href=\"\"https:\/\/www.schuetz-dental.de\/de\/zahntechnik\/verbundsysteme\/2442\/sebond-implant-5-ml-flasche\"\">Sebond Implant<\/a> und <a href=\"\"https:\/\/www.schuetz-dental.de\/de\/zahntechnik\/kunststofftechnik\/kunststoff-zubehoer\/2443\/alphalink-implant-2-x-4-g-spritze-inkl.-10-mischkanuelen?number=640076\"\">Alphalink Implant<\/a>.<\/p>\n","protected":false},"excerpt":{"rendered":"<p>Abutment aus zur adh\u00e4siven Verbindung mit Zirkondioxid-Ger\u00fcsten oder als einzelnes Hybrid-Abutment f\u00fcr die IMPLA Hex Connection Serie.<\/p>\n","protected":false},"featured_media":0,"template":"","meta":{"_acf_changed":false,"_price":"62.4","_stock":"","_tribe_ticket_header":"","_tribe_default_ticket_provider":"","_tribe_ticket_capacity":"","_ticket_start_date":"","_ticket_end_date":"","_tribe_ticket_show_description":"","_tribe_ticket_show_not_going":false,"_tribe_ticket_use_global_stock":"","_tribe_ticket_global_stock_level":"","_global_stock_mode":"","_global_stock_cap":"","_tribe_rsvp_for_event":"","_tribe_ticket_going_count":"","_tribe_ticket_not_going_count":"","_tribe_tickets_list":"[]","_tribe_ticket_has_attendee_info_fields":false,"_tec_slr_enabled":"","_tec_slr_layout":""},"product_brand":[],"product_cat":[4592,4771],"product_tag":[],"class_list":{"0":"post-165732","1":"product","2":"type-product","3":"status-publish","5":"product_cat-titanbasis-cad-cam","6":"product_cat-klebebasis-cad-cam","8":"first","9":"instock","10":"product-type-variable"},"acf":[],"_links":{"self":[{"href":"https:\/\/schuetz-dental.de\/en\/wp-json\/wp\/v2\/product\/165732","targetHints":{"allow":["GET"]}}],"collection":[{"href":"https:\/\/schuetz-dental.de\/en\/wp-json\/wp\/v2\/product"}],"about":[{"href":"https:\/\/schuetz-dental.de\/en\/wp-json\/wp\/v2\/types\/product"}],"wp:attachment":[{"href":"https:\/\/schuetz-dental.de\/en\/wp-json\/wp\/v2\/media?parent=165732"}],"wp:term":[{"taxonomy":"product_brand","embeddable":true,"href":"https:\/\/schuetz-dental.de\/en\/wp-json\/wp\/v2\/product_brand?post=165732"},{"taxonomy":"product_cat","embeddable":true,"href":"https:\/\/schuetz-dental.de\/en\/wp-json\/wp\/v2\/product_cat?post=165732"},{"taxonomy":"product_tag","embeddable":true,"href":"https:\/\/schuetz-dental.de\/en\/wp-json\/wp\/v2\/product_tag?post=165732"}],"curies":[{"name":"wp","href":"https:\/\/api.w.org\/{rel}","templated":true}]}}