{"id":165785,"date":"2026-04-16T03:27:47","date_gmt":"2026-04-16T01:27:47","guid":{"rendered":"https:\/\/webshop.schuetz-dental.org\/product\/6-kant-schraubendreher-kurz-sw-23-mm\/"},"modified":"2026-04-16T03:28:02","modified_gmt":"2026-04-16T01:28:02","slug":"6-kant-schraubendreher-kurz-sw-23-mm","status":"publish","type":"product","link":"https:\/\/schuetz-dental.de\/en\/produkt\/6-kant-schraubendreher-kurz-sw-23-mm\/","title":{"rendered":"6-Kant Schraubendreher kurz, SW 2,3 mm"},"content":{"rendered":"<p>Der Schraubendreher mit Ratschenanschluss hat einen 2,3 mm Hexagon-Anschluss und wird in Verbindung mit der Drehmomentratsche oder zum manuellen, direkten Eindrehen der zweiteiligen IMPLA Implantate verwendet. Der Schraubendreher 2,3 mm kurz ist f\u00fcr geringe Platzverh\u00e4ltnisse und Mund\u00f6ffnungen und greift direkt in den Innensechskant der IMPLA Hex Implantate, um diese zu inserieren. Weiterhin dient er als Eindrehinstrument f\u00fcr die SAE-Konusadapter. Eine Bohrung f\u00fcr die Fadensicherung ist vorgesehen.\u00a0<\/p>\n","protected":false},"excerpt":{"rendered":"<p>Der Schraubendreher mit Ratschenanschluss hat einen 2,3 mm Hexagon-Anschluss.<\/p>\n","protected":false},"featured_media":409285,"template":"","meta":{"_acf_changed":false,"_price":"60.9","_stock":"","_tribe_ticket_header":"","_tribe_default_ticket_provider":"","_tribe_ticket_capacity":"","_ticket_start_date":"","_ticket_end_date":"","_tribe_ticket_show_description":"","_tribe_ticket_show_not_going":false,"_tribe_ticket_use_global_stock":"","_tribe_ticket_global_stock_level":"","_global_stock_mode":"","_global_stock_cap":"","_tribe_rsvp_for_event":"","_tribe_ticket_going_count":"","_tribe_ticket_not_going_count":"","_tribe_tickets_list":"[]","_tribe_ticket_has_attendee_info_fields":false,"_tec_slr_enabled":"","_tec_slr_layout":""},"product_brand":[],"product_cat":[4565,4756],"product_tag":[],"class_list":{"0":"post-165785","1":"product","2":"type-product","3":"status-publish","4":"has-post-thumbnail","6":"product_cat-bohrer-und-instrumente","7":"product_cat-prothetik-zubehoer","9":"first","10":"instock","11":"product-type-variable"},"acf":[],"_links":{"self":[{"href":"https:\/\/schuetz-dental.de\/en\/wp-json\/wp\/v2\/product\/165785","targetHints":{"allow":["GET"]}}],"collection":[{"href":"https:\/\/schuetz-dental.de\/en\/wp-json\/wp\/v2\/product"}],"about":[{"href":"https:\/\/schuetz-dental.de\/en\/wp-json\/wp\/v2\/types\/product"}],"wp:featuredmedia":[{"embeddable":true,"href":"https:\/\/schuetz-dental.de\/en\/wp-json\/wp\/v2\/media\/409285"}],"wp:attachment":[{"href":"https:\/\/schuetz-dental.de\/en\/wp-json\/wp\/v2\/media?parent=165785"}],"wp:term":[{"taxonomy":"product_brand","embeddable":true,"href":"https:\/\/schuetz-dental.de\/en\/wp-json\/wp\/v2\/product_brand?post=165785"},{"taxonomy":"product_cat","embeddable":true,"href":"https:\/\/schuetz-dental.de\/en\/wp-json\/wp\/v2\/product_cat?post=165785"},{"taxonomy":"product_tag","embeddable":true,"href":"https:\/\/schuetz-dental.de\/en\/wp-json\/wp\/v2\/product_tag?post=165785"}],"curies":[{"name":"wp","href":"https:\/\/api.w.org\/{rel}","templated":true}]}}