{"id":165796,"date":"2026-05-01T03:24:14","date_gmt":"2026-05-01T01:24:14","guid":{"rendered":"https:\/\/webshop.schuetz-dental.org\/product\/eindrehhilfe-lang-sw-3\/"},"modified":"2026-05-01T03:24:19","modified_gmt":"2026-05-01T01:24:19","slug":"schluessel-fuer-eindrehhilfe-fuer-ratsche-lang-sw-3","status":"publish","type":"product","link":"https:\/\/schuetz-dental.de\/en\/produkt\/schluessel-fuer-eindrehhilfe-fuer-ratsche-lang-sw-3\/","title":{"rendered":"Schl\u00fcssel f\u00fcr Eindrehhilfe (f\u00fcr Ratsche) lang, SW 3,"},"content":{"rendered":"<p>Das Instrument greift mit seiner Arbeitspitze \u00fcber den Au\u00dfensechskant des Einbringpfostens des Implantates. Es kann von Hand oder mit der Drehmoment-Ratsche verwendet werden. \u00a0Die lange Version der Eindrehhilfe wird bei bezahnten Kiefern in anteriorer Region verwendet. Im Drehteller des Griffes befindet sich die Bohrung f\u00fcr eine Fadensicherung.\u00a0Wird zum manuellen Inserieren aller IMPLA Implantate (au\u00dfer Mini-balltop) verwendet.<\/p>\n","protected":false},"excerpt":{"rendered":"<p>Innensechskantschl\u00fcssel 3 mm f\u00fcr die Einbringpfosten der Implantate.<\/p>\n","protected":false},"featured_media":434151,"template":"","meta":{"_acf_changed":false,"_price":"60.9","_stock":"0.000000","_tribe_ticket_header":"","_tribe_default_ticket_provider":"","_tribe_ticket_capacity":"","_ticket_start_date":"","_ticket_end_date":"","_tribe_ticket_show_description":"","_tribe_ticket_show_not_going":false,"_tribe_ticket_use_global_stock":"","_tribe_ticket_global_stock_level":"","_global_stock_mode":"","_global_stock_cap":"","_tribe_rsvp_for_event":"","_tribe_ticket_going_count":"","_tribe_ticket_not_going_count":"","_tribe_tickets_list":"[]","_tribe_ticket_has_attendee_info_fields":false,"_tec_slr_enabled":"","_tec_slr_layout":""},"product_brand":[],"product_cat":[4565,4756],"product_tag":[],"class_list":{"0":"post-165796","1":"product","2":"type-product","3":"status-publish","4":"has-post-thumbnail","6":"product_cat-bohrer-und-instrumente","7":"product_cat-prothetik-zubehoer","9":"first","10":"instock","11":"product-type-simple"},"acf":[],"_links":{"self":[{"href":"https:\/\/schuetz-dental.de\/en\/wp-json\/wp\/v2\/product\/165796","targetHints":{"allow":["GET"]}}],"collection":[{"href":"https:\/\/schuetz-dental.de\/en\/wp-json\/wp\/v2\/product"}],"about":[{"href":"https:\/\/schuetz-dental.de\/en\/wp-json\/wp\/v2\/types\/product"}],"wp:featuredmedia":[{"embeddable":true,"href":"https:\/\/schuetz-dental.de\/en\/wp-json\/wp\/v2\/media\/434151"}],"wp:attachment":[{"href":"https:\/\/schuetz-dental.de\/en\/wp-json\/wp\/v2\/media?parent=165796"}],"wp:term":[{"taxonomy":"product_brand","embeddable":true,"href":"https:\/\/schuetz-dental.de\/en\/wp-json\/wp\/v2\/product_brand?post=165796"},{"taxonomy":"product_cat","embeddable":true,"href":"https:\/\/schuetz-dental.de\/en\/wp-json\/wp\/v2\/product_cat?post=165796"},{"taxonomy":"product_tag","embeddable":true,"href":"https:\/\/schuetz-dental.de\/en\/wp-json\/wp\/v2\/product_tag?post=165796"}],"curies":[{"name":"wp","href":"https:\/\/api.w.org\/{rel}","templated":true}]}}