{"id":165805,"date":"2026-04-16T03:27:51","date_gmt":"2026-04-16T01:27:51","guid":{"rendered":"https:\/\/webshop.schuetz-dental.org\/product\/eindrehhilfe-fuer-mini-balltop-mit-ws-anschluss\/"},"modified":"2026-04-16T03:27:52","modified_gmt":"2026-04-16T01:27:52","slug":"eindrehhilfe-fuer-mini-balltop-mit-ws-anschluss","status":"publish","type":"product","link":"https:\/\/schuetz-dental.de\/en\/produkt\/eindrehhilfe-fuer-mini-balltop-mit-ws-anschluss\/","title":{"rendered":"Eindrehhilfe f\u00fcr Mini balltop mit WS-Anschluss"},"content":{"rendered":"<p>Das Instrument greift dabei mit seiner Arbeitspitze \u00fcber den Anschluss des IMPLA Mini-balltop Implantates. Es kann von Hand eingesetzt werden (Adapter f\u00fcr WS Instrumente Art.-Nr. 636077) oder mit dem Winkelst\u00fcck.<\/p>\n","protected":false},"excerpt":{"rendered":"<p>Zur direkten Implantatinsertation per Winkelst\u00fcck.<\/p>\n","protected":false},"featured_media":409298,"template":"","meta":{"_acf_changed":false,"_price":"45","_stock":"0.000000","_tribe_ticket_header":"","_tribe_default_ticket_provider":"","_tribe_ticket_capacity":"","_ticket_start_date":"","_ticket_end_date":"","_tribe_ticket_show_description":"","_tribe_ticket_show_not_going":false,"_tribe_ticket_use_global_stock":"","_tribe_ticket_global_stock_level":"","_global_stock_mode":"","_global_stock_cap":"","_tribe_rsvp_for_event":"","_tribe_ticket_going_count":"","_tribe_ticket_not_going_count":"","_tribe_tickets_list":"[]","_tribe_ticket_has_attendee_info_fields":false,"_tec_slr_enabled":"","_tec_slr_layout":""},"product_brand":[],"product_cat":[4565],"product_tag":[],"class_list":{"0":"post-165805","1":"product","2":"type-product","3":"status-publish","4":"has-post-thumbnail","6":"product_cat-bohrer-und-instrumente","8":"first","9":"instock","10":"product-type-simple"},"acf":[],"_links":{"self":[{"href":"https:\/\/schuetz-dental.de\/en\/wp-json\/wp\/v2\/product\/165805","targetHints":{"allow":["GET"]}}],"collection":[{"href":"https:\/\/schuetz-dental.de\/en\/wp-json\/wp\/v2\/product"}],"about":[{"href":"https:\/\/schuetz-dental.de\/en\/wp-json\/wp\/v2\/types\/product"}],"wp:featuredmedia":[{"embeddable":true,"href":"https:\/\/schuetz-dental.de\/en\/wp-json\/wp\/v2\/media\/409298"}],"wp:attachment":[{"href":"https:\/\/schuetz-dental.de\/en\/wp-json\/wp\/v2\/media?parent=165805"}],"wp:term":[{"taxonomy":"product_brand","embeddable":true,"href":"https:\/\/schuetz-dental.de\/en\/wp-json\/wp\/v2\/product_brand?post=165805"},{"taxonomy":"product_cat","embeddable":true,"href":"https:\/\/schuetz-dental.de\/en\/wp-json\/wp\/v2\/product_cat?post=165805"},{"taxonomy":"product_tag","embeddable":true,"href":"https:\/\/schuetz-dental.de\/en\/wp-json\/wp\/v2\/product_tag?post=165805"}],"curies":[{"name":"wp","href":"https:\/\/api.w.org\/{rel}","templated":true}]}}