{"id":165852,"date":"2026-05-01T03:24:27","date_gmt":"2026-05-01T01:24:27","guid":{"rendered":"https:\/\/webshop.schuetz-dental.org\/product\/gabelschluessel\/"},"modified":"2026-05-01T03:24:28","modified_gmt":"2026-05-01T01:24:28","slug":"gabelschluessel","status":"publish","type":"product","link":"https:\/\/schuetz-dental.de\/en\/produkt\/gabelschluessel\/","title":{"rendered":"Gabelschl\u00fcssel"},"content":{"rendered":"<p>Zur \u00dcbertragung des Implantates in den IPK Schl\u00fcssel und Insertation durch die Bohrschablone ist dieser Gabelschl\u00fcssel erforderlich. Auch bei eingeschr\u00e4nkter Mund\u00f6ffnung des Patienten kann der Gabelschl\u00fcssel zur ber\u00fchrungslosen Entnahme des Implantates aus der Verpackung genutzt werden (Pick-up Technik).<\/p>\n","protected":false},"excerpt":{"rendered":"<p>F\u00fcr den Transfer des Implantats.<\/p>\n","protected":false},"featured_media":434194,"template":"","meta":{"_acf_changed":false,"_price":"36.3","_stock":"0.000000","_tribe_ticket_header":"","_tribe_default_ticket_provider":"","_tribe_ticket_capacity":"","_ticket_start_date":"","_ticket_end_date":"","_tribe_ticket_show_description":"","_tribe_ticket_show_not_going":false,"_tribe_ticket_use_global_stock":"","_tribe_ticket_global_stock_level":"","_global_stock_mode":"","_global_stock_cap":"","_tribe_rsvp_for_event":"","_tribe_ticket_going_count":"","_tribe_ticket_not_going_count":"","_tribe_tickets_list":"[]","_tribe_ticket_has_attendee_info_fields":false,"_tec_slr_enabled":"","_tec_slr_layout":""},"product_brand":[],"product_cat":[4565],"product_tag":[],"class_list":{"0":"post-165852","1":"product","2":"type-product","3":"status-publish","4":"has-post-thumbnail","6":"product_cat-bohrer-und-instrumente","8":"first","9":"instock","10":"product-type-simple"},"acf":[],"_links":{"self":[{"href":"https:\/\/schuetz-dental.de\/en\/wp-json\/wp\/v2\/product\/165852","targetHints":{"allow":["GET"]}}],"collection":[{"href":"https:\/\/schuetz-dental.de\/en\/wp-json\/wp\/v2\/product"}],"about":[{"href":"https:\/\/schuetz-dental.de\/en\/wp-json\/wp\/v2\/types\/product"}],"wp:featuredmedia":[{"embeddable":true,"href":"https:\/\/schuetz-dental.de\/en\/wp-json\/wp\/v2\/media\/434194"}],"wp:attachment":[{"href":"https:\/\/schuetz-dental.de\/en\/wp-json\/wp\/v2\/media?parent=165852"}],"wp:term":[{"taxonomy":"product_brand","embeddable":true,"href":"https:\/\/schuetz-dental.de\/en\/wp-json\/wp\/v2\/product_brand?post=165852"},{"taxonomy":"product_cat","embeddable":true,"href":"https:\/\/schuetz-dental.de\/en\/wp-json\/wp\/v2\/product_cat?post=165852"},{"taxonomy":"product_tag","embeddable":true,"href":"https:\/\/schuetz-dental.de\/en\/wp-json\/wp\/v2\/product_tag?post=165852"}],"curies":[{"name":"wp","href":"https:\/\/api.w.org\/{rel}","templated":true}]}}