{"id":165873,"date":"2026-04-16T03:29:07","date_gmt":"2026-04-16T01:29:07","guid":{"rendered":"https:\/\/webshop.schuetz-dental.org\/product\/abformhilfe-33-mm\/"},"modified":"2026-04-16T03:30:01","modified_gmt":"2026-04-16T01:30:01","slug":"abformhilfe-33-mm","status":"publish","type":"product","link":"https:\/\/schuetz-dental.de\/en\/produkt\/abformhilfe-33-mm\/","title":{"rendered":"Abformhilfe 3,3 mm"},"content":{"rendered":"<p>Die Abformhilfen Cone Connection sind f\u00fcr die offene Abformung. Diese sind farbkodiert, entsprechend der Prothetikverbindung. Die Fixierschrauben sind in kurz (17,5 mm) und lang (27,5 mm) verf\u00fcgbar und k\u00f6nnen von Hand oder mit dem Schraubendreher SW 1,2 mm angezogen werden. Die hoch pr\u00e4zisen Abformkomponenten ergeben eine exakte Nachbildung der intraoralen Situation.<\/p>\n","protected":false},"excerpt":{"rendered":"<p>Abformhilfen f\u00fcr offenen L\u00f6ffel f\u00fcr die IMPLA Implantate Cone Connection.<\/p>\n","protected":false},"featured_media":409344,"template":"","meta":{"_acf_changed":false,"_price":"47.8","_stock":"","_tribe_ticket_header":"","_tribe_default_ticket_provider":"","_tribe_ticket_capacity":"","_ticket_start_date":"","_ticket_end_date":"","_tribe_ticket_show_description":"","_tribe_ticket_show_not_going":false,"_tribe_ticket_use_global_stock":"","_tribe_ticket_global_stock_level":"","_global_stock_mode":"","_global_stock_cap":"","_tribe_rsvp_for_event":"","_tribe_ticket_going_count":"","_tribe_ticket_not_going_count":"","_tribe_tickets_list":"[]","_tribe_ticket_has_attendee_info_fields":false,"_tec_slr_enabled":"","_tec_slr_layout":""},"product_brand":[],"product_cat":[4587],"product_tag":[],"class_list":{"0":"post-165873","1":"product","2":"type-product","3":"status-publish","4":"has-post-thumbnail","6":"product_cat-abformung-offen","8":"first","9":"instock","10":"product-type-variable"},"acf":[],"_links":{"self":[{"href":"https:\/\/schuetz-dental.de\/en\/wp-json\/wp\/v2\/product\/165873","targetHints":{"allow":["GET"]}}],"collection":[{"href":"https:\/\/schuetz-dental.de\/en\/wp-json\/wp\/v2\/product"}],"about":[{"href":"https:\/\/schuetz-dental.de\/en\/wp-json\/wp\/v2\/types\/product"}],"wp:featuredmedia":[{"embeddable":true,"href":"https:\/\/schuetz-dental.de\/en\/wp-json\/wp\/v2\/media\/409344"}],"wp:attachment":[{"href":"https:\/\/schuetz-dental.de\/en\/wp-json\/wp\/v2\/media?parent=165873"}],"wp:term":[{"taxonomy":"product_brand","embeddable":true,"href":"https:\/\/schuetz-dental.de\/en\/wp-json\/wp\/v2\/product_brand?post=165873"},{"taxonomy":"product_cat","embeddable":true,"href":"https:\/\/schuetz-dental.de\/en\/wp-json\/wp\/v2\/product_cat?post=165873"},{"taxonomy":"product_tag","embeddable":true,"href":"https:\/\/schuetz-dental.de\/en\/wp-json\/wp\/v2\/product_tag?post=165873"}],"curies":[{"name":"wp","href":"https:\/\/api.w.org\/{rel}","templated":true}]}}