{"id":165972,"date":"2026-04-17T03:32:28","date_gmt":"2026-04-17T01:32:28","guid":{"rendered":"https:\/\/webshop.schuetz-dental.org\/product\/locator-abutment-d33-42mm-gh-1mm\/"},"modified":"2026-04-17T03:33:01","modified_gmt":"2026-04-17T01:33:01","slug":"locator-abutment-d33-42mm-gh-1mm","status":"publish","type":"product","link":"https:\/\/schuetz-dental.de\/en\/produkt\/locator-abutment-d33-42mm-gh-1mm\/","title":{"rendered":"Locator-Abutment D=3,3 &#038; 4,2mm \/ GH= 1mm"},"content":{"rendered":"<p>Moderne prothetische L\u00f6sung mit dem Locator<sup>\u00ae<\/sup> Aufbau f\u00fcr die &#8220;&#8221;cover denture\/full denture&#8221;&#8221;-Befestigungstechnik von Total- oder Teilprothesen. Durch die zylindrische Form des Locators<sup>\u00ae<\/sup> erh\u00e4lt die Prothese einen stabileren Halt. Die besondere Form der Retention erm\u00f6glicht eine niedrige Einbauh\u00f6he und einen Divergenzausgleich bis zu 20\u00b0. In Erg\u00e4nzung mit Kunststoffmatrizen mit unterschiedlichen Abzugskr\u00e4ften zum Einpolymerisieren f\u00fcr die IMPLA Cone Connection Serie.<\/p>\n","protected":false},"excerpt":{"rendered":"<p>Locator\u00ae -Abutments Cone Connection f\u00fcr verankerte Deckprothesen.<\/p>\n","protected":false},"featured_media":0,"template":"","meta":{"_acf_changed":false,"_price":"183","_stock":"","_tribe_ticket_header":"","_tribe_default_ticket_provider":"","_tribe_ticket_capacity":"","_ticket_start_date":"","_ticket_end_date":"","_tribe_ticket_show_description":"","_tribe_ticket_show_not_going":false,"_tribe_ticket_use_global_stock":"","_tribe_ticket_global_stock_level":"","_global_stock_mode":"","_global_stock_cap":"","_tribe_rsvp_for_event":"","_tribe_ticket_going_count":"","_tribe_ticket_not_going_count":"","_tribe_tickets_list":"[]","_tribe_ticket_has_attendee_info_fields":false,"_tec_slr_enabled":"","_tec_slr_layout":""},"product_brand":[],"product_cat":[4584],"product_tag":[],"class_list":{"0":"post-165972","1":"product","2":"type-product","3":"status-publish","5":"product_cat-locator-abutment","7":"first","8":"instock","9":"product-type-variable"},"acf":[],"_links":{"self":[{"href":"https:\/\/schuetz-dental.de\/en\/wp-json\/wp\/v2\/product\/165972","targetHints":{"allow":["GET"]}}],"collection":[{"href":"https:\/\/schuetz-dental.de\/en\/wp-json\/wp\/v2\/product"}],"about":[{"href":"https:\/\/schuetz-dental.de\/en\/wp-json\/wp\/v2\/types\/product"}],"wp:attachment":[{"href":"https:\/\/schuetz-dental.de\/en\/wp-json\/wp\/v2\/media?parent=165972"}],"wp:term":[{"taxonomy":"product_brand","embeddable":true,"href":"https:\/\/schuetz-dental.de\/en\/wp-json\/wp\/v2\/product_brand?post=165972"},{"taxonomy":"product_cat","embeddable":true,"href":"https:\/\/schuetz-dental.de\/en\/wp-json\/wp\/v2\/product_cat?post=165972"},{"taxonomy":"product_tag","embeddable":true,"href":"https:\/\/schuetz-dental.de\/en\/wp-json\/wp\/v2\/product_tag?post=165972"}],"curies":[{"name":"wp","href":"https:\/\/api.w.org\/{rel}","templated":true}]}}