{"id":165994,"date":"2026-04-14T03:27:27","date_gmt":"2026-04-14T01:27:27","guid":{"rendered":"https:\/\/webshop.schuetz-dental.org\/product\/klebebasis-33-mm-2\/"},"modified":"2026-04-14T03:28:01","modified_gmt":"2026-04-14T01:28:01","slug":"klebebasis-33-mm-2","status":"publish","type":"product","link":"https:\/\/schuetz-dental.de\/en\/produkt\/klebebasis-33-mm-2\/","title":{"rendered":"Klebebasis 3,3 mm"},"content":{"rendered":"<p>Mit dieser Titanbasis (Titan Grade 5) k\u00f6nnen sowohl Einzelkronen, als auch Br\u00fcckenkonstruktionen aus ZrO<sub>2<\/sub>\u00a0adh\u00e4siv verklebt werden. Wir empfehlen dazu\u00a0<a title=\"\"Sebond Implant\"\" href=\"\"640075\"\">Sebond Implant<\/a>\u00a0und\u00a0<a title=\"\"Alphalink Implant\"\" href=\"\"https:\/\/www.schuetz-dental.de\/de\/zahntechnik\/kunststofftechnik\/kunststoff-zubehoer\/2443\/alphalink-implant-2-x-4-g-spritze-inkl.-10-mischkanuelen?number=640076\"\">Alphalink Implant<\/a>.<\/p>\n","protected":false},"excerpt":{"rendered":"<p>Abutment zur adh\u00e4siven Verbindung mit Zirkondioxid-Ger\u00fcsten oder als einzelnes Hybrid-Abutment f\u00fcr die IMPLA Cone Connection Serie.<\/p>\n","protected":false},"featured_media":0,"template":"","meta":{"_acf_changed":false,"_price":"62.4","_stock":"","_tribe_ticket_header":"","_tribe_default_ticket_provider":"","_tribe_ticket_capacity":"","_ticket_start_date":"","_ticket_end_date":"","_tribe_ticket_show_description":"","_tribe_ticket_show_not_going":false,"_tribe_ticket_use_global_stock":"","_tribe_ticket_global_stock_level":"","_global_stock_mode":"","_global_stock_cap":"","_tribe_rsvp_for_event":"","_tribe_ticket_going_count":"","_tribe_ticket_not_going_count":"","_tribe_tickets_list":"[]","_tribe_ticket_has_attendee_info_fields":false,"_tec_slr_enabled":"","_tec_slr_layout":""},"product_brand":[],"product_cat":[4595],"product_tag":[2572,2570,2154,2563,2647,2648,2557,2645,2646,2217],"class_list":{"0":"post-165994","1":"product","2":"type-product","3":"status-publish","5":"product_cat-titanbasis-cad-cam","6":"product_tag-abutment","7":"product_tag-aufbau","8":"product_tag-cad-cam","9":"product_tag-cone","10":"product_tag-digital","11":"product_tag-einzelzahnkrone","12":"product_tag-impla","13":"product_tag-klebebasis","14":"product_tag-prothetik","15":"product_tag-titan","17":"first","18":"instock","19":"product-type-variable"},"acf":[],"_links":{"self":[{"href":"https:\/\/schuetz-dental.de\/en\/wp-json\/wp\/v2\/product\/165994","targetHints":{"allow":["GET"]}}],"collection":[{"href":"https:\/\/schuetz-dental.de\/en\/wp-json\/wp\/v2\/product"}],"about":[{"href":"https:\/\/schuetz-dental.de\/en\/wp-json\/wp\/v2\/types\/product"}],"wp:attachment":[{"href":"https:\/\/schuetz-dental.de\/en\/wp-json\/wp\/v2\/media?parent=165994"}],"wp:term":[{"taxonomy":"product_brand","embeddable":true,"href":"https:\/\/schuetz-dental.de\/en\/wp-json\/wp\/v2\/product_brand?post=165994"},{"taxonomy":"product_cat","embeddable":true,"href":"https:\/\/schuetz-dental.de\/en\/wp-json\/wp\/v2\/product_cat?post=165994"},{"taxonomy":"product_tag","embeddable":true,"href":"https:\/\/schuetz-dental.de\/en\/wp-json\/wp\/v2\/product_tag?post=165994"}],"curies":[{"name":"wp","href":"https:\/\/api.w.org\/{rel}","templated":true}]}}