{"id":166000,"date":"2026-04-14T03:27:29","date_gmt":"2026-04-14T01:27:29","guid":{"rendered":"https:\/\/webshop.schuetz-dental.org\/product\/scanabutment-33-mm-cone-connection\/"},"modified":"2026-04-14T03:28:01","modified_gmt":"2026-04-14T01:28:01","slug":"scanabutment-33-mm-cone-connection","status":"publish","type":"product","link":"https:\/\/schuetz-dental.de\/en\/produkt\/scanabutment-33-mm-cone-connection\/","title":{"rendered":"Scanabutment 3,3 mm Cone Connection"},"content":{"rendered":"<p>Die IMPLA Labor Scanabutments Cone Connection sind zur \u00dcbertragung der Position von Cone Connection Implantaten im Meistermodell in ein digitales 3D Bild mit Hilfe eines Labor 3D-Scanners vorgesehen. Sie erm\u00f6glichen z. B. die digitale \u00dcbertragung an ein zahntechnisches Labor f\u00fcr die Anfertigung von Zahnersatz mittels computergest\u00fctzter Design- und Fertigungssysteme.<\/p>\n","protected":false},"excerpt":{"rendered":"<p>Abutment f\u00fcr die digitale Erfassung von Modellsituationen auf dem Meistermodell f\u00fcr die IMPLA Cone Connection Serie.<\/p>\n","protected":false},"featured_media":0,"template":"","meta":{"_acf_changed":false,"_price":"24.8","_stock":"","_tribe_ticket_header":"","_tribe_default_ticket_provider":"","_tribe_ticket_capacity":"","_ticket_start_date":"","_ticket_end_date":"","_tribe_ticket_show_description":"","_tribe_ticket_show_not_going":false,"_tribe_ticket_use_global_stock":"","_tribe_ticket_global_stock_level":"","_global_stock_mode":"","_global_stock_cap":"","_tribe_rsvp_for_event":"","_tribe_ticket_going_count":"","_tribe_ticket_not_going_count":"","_tribe_tickets_list":"[]","_tribe_ticket_has_attendee_info_fields":false,"_tec_slr_enabled":"","_tec_slr_layout":""},"product_brand":[],"product_cat":[4587,4595],"product_tag":[2703,2570,2154,2706,2563,2707,2557,2705,2701,2693,2708,2704,2702],"class_list":{"0":"post-166000","1":"product","2":"type-product","3":"status-publish","5":"product_cat-abformung-offen","6":"product_cat-titanbasis-cad-cam","7":"product_tag-alphalink-implant","8":"product_tag-aufbau","9":"product_tag-cad-cam","10":"product_tag-complete-digital-workflow","11":"product_tag-cone","12":"product_tag-fraesen","13":"product_tag-impla","14":"product_tag-individueller-aufbau","15":"product_tag-klebebasis-titan","16":"product_tag-preface","17":"product_tag-scannen","18":"product_tag-sebond-implant","19":"product_tag-vertikalschraube-pom","21":"first","22":"instock","23":"product-type-variable"},"acf":[],"_links":{"self":[{"href":"https:\/\/schuetz-dental.de\/en\/wp-json\/wp\/v2\/product\/166000","targetHints":{"allow":["GET"]}}],"collection":[{"href":"https:\/\/schuetz-dental.de\/en\/wp-json\/wp\/v2\/product"}],"about":[{"href":"https:\/\/schuetz-dental.de\/en\/wp-json\/wp\/v2\/types\/product"}],"wp:attachment":[{"href":"https:\/\/schuetz-dental.de\/en\/wp-json\/wp\/v2\/media?parent=166000"}],"wp:term":[{"taxonomy":"product_brand","embeddable":true,"href":"https:\/\/schuetz-dental.de\/en\/wp-json\/wp\/v2\/product_brand?post=166000"},{"taxonomy":"product_cat","embeddable":true,"href":"https:\/\/schuetz-dental.de\/en\/wp-json\/wp\/v2\/product_cat?post=166000"},{"taxonomy":"product_tag","embeddable":true,"href":"https:\/\/schuetz-dental.de\/en\/wp-json\/wp\/v2\/product_tag?post=166000"}],"curies":[{"name":"wp","href":"https:\/\/api.w.org\/{rel}","templated":true}]}}