{"id":166057,"date":"2026-05-12T03:31:39","date_gmt":"2026-05-12T01:31:39","guid":{"rendered":"https:\/\/webshop.schuetz-dental.org\/product\/kunststoffhuelse-pom\/"},"modified":"2026-05-12T03:31:40","modified_gmt":"2026-05-12T01:31:40","slug":"kunststoffhuelse-pom","status":"publish","type":"product","link":"https:\/\/schuetz-dental.de\/en\/produkt\/kunststoffhuelse-pom\/","title":{"rendered":"Kunststoffh\u00fclse POM"},"content":{"rendered":"<p>Ausbrennbare Kunststoffh\u00fclse aus POM (Polyoxymethylen) f\u00fcr das MultiUnit System.<\/p>\n","protected":false},"excerpt":{"rendered":"<p>Ausbrennbare Kunststoffh\u00fclse aus POM f\u00fcr das MultiUnit System.<\/p>\n","protected":false},"featured_media":448084,"template":"","meta":{"_acf_changed":false,"_price":"16","_stock":"0.000000","_tribe_ticket_header":"","_tribe_default_ticket_provider":"","_tribe_ticket_capacity":"","_ticket_start_date":"","_ticket_end_date":"","_tribe_ticket_show_description":"","_tribe_ticket_show_not_going":false,"_tribe_ticket_use_global_stock":"","_tribe_ticket_global_stock_level":"","_global_stock_mode":"","_global_stock_cap":"","_tribe_rsvp_for_event":"","_tribe_ticket_going_count":"","_tribe_ticket_not_going_count":"","_tribe_tickets_list":"[]","_tribe_ticket_has_attendee_info_fields":false,"_tec_slr_enabled":"","_tec_slr_layout":""},"product_brand":[],"product_cat":[4593,4601,4776,4777],"product_tag":[],"class_list":{"0":"post-166057","1":"product","2":"type-product","3":"status-publish","4":"has-post-thumbnail","6":"product_cat-multi-unit-abutment","11":"first","12":"instock","13":"product-type-simple"},"acf":[],"_links":{"self":[{"href":"https:\/\/schuetz-dental.de\/en\/wp-json\/wp\/v2\/product\/166057","targetHints":{"allow":["GET"]}}],"collection":[{"href":"https:\/\/schuetz-dental.de\/en\/wp-json\/wp\/v2\/product"}],"about":[{"href":"https:\/\/schuetz-dental.de\/en\/wp-json\/wp\/v2\/types\/product"}],"wp:featuredmedia":[{"embeddable":true,"href":"https:\/\/schuetz-dental.de\/en\/wp-json\/wp\/v2\/media\/448084"}],"wp:attachment":[{"href":"https:\/\/schuetz-dental.de\/en\/wp-json\/wp\/v2\/media?parent=166057"}],"wp:term":[{"taxonomy":"product_brand","embeddable":true,"href":"https:\/\/schuetz-dental.de\/en\/wp-json\/wp\/v2\/product_brand?post=166057"},{"taxonomy":"product_cat","embeddable":true,"href":"https:\/\/schuetz-dental.de\/en\/wp-json\/wp\/v2\/product_cat?post=166057"},{"taxonomy":"product_tag","embeddable":true,"href":"https:\/\/schuetz-dental.de\/en\/wp-json\/wp\/v2\/product_tag?post=166057"}],"curies":[{"name":"wp","href":"https:\/\/api.w.org\/{rel}","templated":true}]}}