{"id":166065,"date":"2026-04-03T03:25:14","date_gmt":"2026-04-03T01:25:14","guid":{"rendered":"https:\/\/webshop.schuetz-dental.org\/product\/gingivahuelse-aus-peek\/"},"modified":"2026-04-03T03:25:15","modified_gmt":"2026-04-03T01:25:15","slug":"gingivahuelse-aus-peek","status":"publish","type":"product","link":"https:\/\/schuetz-dental.de\/en\/produkt\/gingivahuelse-aus-peek\/","title":{"rendered":"Gingivah\u00fclse aus PEEK"},"content":{"rendered":"<p>Individuell beschleifbare Gingivah\u00fclse aus PEEK f\u00fcr das Multi Unit System.<\/p>\n","protected":false},"excerpt":{"rendered":"<p>Individuell beschleifbare Gingivah\u00fclse aus PEEK f\u00fcr das Multi Unit System.<\/p>\n","protected":false},"featured_media":390185,"template":"","meta":{"_acf_changed":false,"_price":"29.1","_stock":"0.000000","_tribe_ticket_header":"","_tribe_default_ticket_provider":"","_tribe_ticket_capacity":"","_ticket_start_date":"","_ticket_end_date":"","_tribe_ticket_show_description":"","_tribe_ticket_show_not_going":false,"_tribe_ticket_use_global_stock":"","_tribe_ticket_global_stock_level":"","_global_stock_mode":"","_global_stock_cap":"","_tribe_rsvp_for_event":"","_tribe_ticket_going_count":"","_tribe_ticket_not_going_count":"","_tribe_tickets_list":"[]","_tribe_ticket_has_attendee_info_fields":false,"_tec_slr_enabled":"","_tec_slr_layout":""},"product_brand":[],"product_cat":[4593,4601,4776,4777],"product_tag":[],"class_list":{"0":"post-166065","1":"product","2":"type-product","3":"status-publish","4":"has-post-thumbnail","6":"product_cat-multi-unit-abutment","11":"first","12":"instock","13":"product-type-simple"},"acf":[],"_links":{"self":[{"href":"https:\/\/schuetz-dental.de\/en\/wp-json\/wp\/v2\/product\/166065","targetHints":{"allow":["GET"]}}],"collection":[{"href":"https:\/\/schuetz-dental.de\/en\/wp-json\/wp\/v2\/product"}],"about":[{"href":"https:\/\/schuetz-dental.de\/en\/wp-json\/wp\/v2\/types\/product"}],"wp:featuredmedia":[{"embeddable":true,"href":"https:\/\/schuetz-dental.de\/en\/wp-json\/wp\/v2\/media\/390185"}],"wp:attachment":[{"href":"https:\/\/schuetz-dental.de\/en\/wp-json\/wp\/v2\/media?parent=166065"}],"wp:term":[{"taxonomy":"product_brand","embeddable":true,"href":"https:\/\/schuetz-dental.de\/en\/wp-json\/wp\/v2\/product_brand?post=166065"},{"taxonomy":"product_cat","embeddable":true,"href":"https:\/\/schuetz-dental.de\/en\/wp-json\/wp\/v2\/product_cat?post=166065"},{"taxonomy":"product_tag","embeddable":true,"href":"https:\/\/schuetz-dental.de\/en\/wp-json\/wp\/v2\/product_tag?post=166065"}],"curies":[{"name":"wp","href":"https:\/\/api.w.org\/{rel}","templated":true}]}}