{"id":166113,"date":"2026-05-13T03:34:20","date_gmt":"2026-05-13T01:34:20","guid":{"rendered":"https:\/\/webshop.schuetz-dental.org\/product\/tiefenstopp-schmal-65-mm\/"},"modified":"2026-05-13T03:45:01","modified_gmt":"2026-05-13T01:45:01","slug":"tiefenstopp-schmal-65-mm","status":"publish","type":"product","link":"https:\/\/schuetz-dental.de\/en\/produkt\/tiefenstopp-schmal-65-mm\/","title":{"rendered":"Tiefenstopp schmal 6,5 mm"},"content":{"rendered":"<p><strong>F\u00fcr noch mehr Sicherheit bei Ihren Implantationen<\/strong><\/p>\n<p>Verwenden Sie die\u00a0Tiefenstopps als Erg\u00e4nzung zu Ihren IMPLA Chirurgie-Bohrern (mit geeignetem Bohrerbund) und Sie erhalten einen mechanischen Tiefenanschlag bei der Bohrung in den Kieferknochen. Die Tiefenstopps werden einfach \u00fcber den Schaft des Bohrers aufgesteckt.<\/p>\n<p><strong>Ihre Vorteile:<\/strong><\/p>\n<ul>\n<li>Einfache Anwendung<\/li>\n<li>Sicherer Friktionssitz<\/li>\n<li>Farbcodierung\u00a0f\u00fcr einfache Zuordnung der\u00a0Tiefenstopps zum jeweils\u00a0passenden chirurgischen Bohrer<\/li>\n<\/ul>\n<p>Die Tiefenstopps sind in drei verschiedenen Durchmessern erh\u00e4ltlich: schmal (braun), mittel (rot) und breit (blau).<\/p>\n<p>Durch die Farbcodierung und den jeweiligen Aufdruck der Bohrtiefe bzw. Implantatl\u00e4nge k\u00f6nnen die Tiefenstopps einfach dem jeweils passenden chirurgischen Bohrer zugeordnet werden. <br \/>Die Tiefenstopps sind in den jeweiligen Implantat-L\u00e4ngen verf\u00fcgbar. Die Bohrer k\u00f6nnen sowohl mit als auch ohne Stopp verwendet werden.<\/p>\n<p><strong>Das 15-er Set beinhaltet:<\/strong><\/p>\n<ul>\n<li>5x Tiefenstopp schmal \/ braun: je 1x 6,5 mm, 8,0 mm, 9,5 mm, 11,5 mm, 13,0 mm<\/li>\n<li>5x Tiefenstopp mittel \/ braun: je 1x 6,5 mm, 8,0 mm, 9,5 mm, 11,5 mm, 13,0 mm<\/li>\n<li>5x Tiefenstopp breit \/ blau: je 1x 6,5 mm, 8,0 mm, 9,5 mm, 11,5 mm, 13,0 mm<\/li>\n<\/ul>\n","protected":false},"excerpt":{"rendered":"<p>Verwenden Sie diesen individuellen Tiefenanschlag zum Aufstecken auf den IMPLA Chirurgie-Bohrern.<\/p>\n","protected":false},"featured_media":0,"template":"","meta":{"_acf_changed":false,"_price":"27.7","_stock":"","_tribe_ticket_header":"","_tribe_default_ticket_provider":"","_tribe_ticket_capacity":"","_ticket_start_date":"","_ticket_end_date":"","_tribe_ticket_show_description":"","_tribe_ticket_show_not_going":false,"_tribe_ticket_use_global_stock":"","_tribe_ticket_global_stock_level":"","_global_stock_mode":"","_global_stock_cap":"","_tribe_rsvp_for_event":"","_tribe_ticket_going_count":"","_tribe_ticket_not_going_count":"","_tribe_tickets_list":"[]","_tribe_ticket_has_attendee_info_fields":false,"_tec_slr_enabled":"","_tec_slr_layout":""},"product_brand":[],"product_cat":[4566],"product_tag":[],"class_list":{"0":"post-166113","1":"product","2":"type-product","3":"status-publish","5":"product_cat-zubehoer","7":"first","8":"instock","9":"product-type-variable"},"acf":[],"_links":{"self":[{"href":"https:\/\/schuetz-dental.de\/en\/wp-json\/wp\/v2\/product\/166113","targetHints":{"allow":["GET"]}}],"collection":[{"href":"https:\/\/schuetz-dental.de\/en\/wp-json\/wp\/v2\/product"}],"about":[{"href":"https:\/\/schuetz-dental.de\/en\/wp-json\/wp\/v2\/types\/product"}],"wp:attachment":[{"href":"https:\/\/schuetz-dental.de\/en\/wp-json\/wp\/v2\/media?parent=166113"}],"wp:term":[{"taxonomy":"product_brand","embeddable":true,"href":"https:\/\/schuetz-dental.de\/en\/wp-json\/wp\/v2\/product_brand?post=166113"},{"taxonomy":"product_cat","embeddable":true,"href":"https:\/\/schuetz-dental.de\/en\/wp-json\/wp\/v2\/product_cat?post=166113"},{"taxonomy":"product_tag","embeddable":true,"href":"https:\/\/schuetz-dental.de\/en\/wp-json\/wp\/v2\/product_tag?post=166113"}],"curies":[{"name":"wp","href":"https:\/\/api.w.org\/{rel}","templated":true}]}}