{"id":166144,"date":"2026-04-22T03:34:14","date_gmt":"2026-04-22T01:34:14","guid":{"rendered":"https:\/\/webshop.schuetz-dental.org\/product\/vorbohrer-lang-20-mm\/"},"modified":"2026-04-22T03:34:15","modified_gmt":"2026-04-22T01:34:15","slug":"vorbohrer-lang-20-mm","status":"publish","type":"product","link":"https:\/\/schuetz-dental.de\/en\/produkt\/vorbohrer-lang-20-mm\/","title":{"rendered":"Vorbohrer lang 2,0 mm"},"content":{"rendered":"<p>Diesen Chirurgie-Vorbohrer ohne Innenk\u00fchlung verwenden Sie f\u00fcr die verschiedenen Bohrstufen der Pr\u00e4paration des Implantatbetts f\u00fcr die IMPLA-Implantatlinien Cylindrical, Dual Surface und Micro Retention (jeweils nach Bohrprotokoll, eingeschr\u00e4nkt auch f\u00fcr Mini und Interim).<\/p>\n","protected":false},"excerpt":{"rendered":"<p>Verwenden Sie diesen Vorbohrer ohne Innenk\u00fchlung zur Pr\u00e4paration des Implantatbetts mit dem IMPLA Implantat-System.<\/p>\n","protected":false},"featured_media":417728,"template":"","meta":{"_acf_changed":false,"_price":"88.5","_stock":"0.000000","_tribe_ticket_header":"","_tribe_default_ticket_provider":"","_tribe_ticket_capacity":"","_ticket_start_date":"","_ticket_end_date":"","_tribe_ticket_show_description":"","_tribe_ticket_show_not_going":false,"_tribe_ticket_use_global_stock":"","_tribe_ticket_global_stock_level":"","_global_stock_mode":"","_global_stock_cap":"","_tribe_rsvp_for_event":"","_tribe_ticket_going_count":"","_tribe_ticket_not_going_count":"","_tribe_tickets_list":"[]","_tribe_ticket_has_attendee_info_fields":false,"_tec_slr_enabled":"","_tec_slr_layout":""},"product_brand":[],"product_cat":[4565],"product_tag":[],"class_list":{"0":"post-166144","1":"product","2":"type-product","3":"status-publish","4":"has-post-thumbnail","6":"product_cat-bohrer-und-instrumente","8":"first","9":"instock","10":"product-type-simple"},"acf":[],"_links":{"self":[{"href":"https:\/\/schuetz-dental.de\/en\/wp-json\/wp\/v2\/product\/166144","targetHints":{"allow":["GET"]}}],"collection":[{"href":"https:\/\/schuetz-dental.de\/en\/wp-json\/wp\/v2\/product"}],"about":[{"href":"https:\/\/schuetz-dental.de\/en\/wp-json\/wp\/v2\/types\/product"}],"wp:featuredmedia":[{"embeddable":true,"href":"https:\/\/schuetz-dental.de\/en\/wp-json\/wp\/v2\/media\/417728"}],"wp:attachment":[{"href":"https:\/\/schuetz-dental.de\/en\/wp-json\/wp\/v2\/media?parent=166144"}],"wp:term":[{"taxonomy":"product_brand","embeddable":true,"href":"https:\/\/schuetz-dental.de\/en\/wp-json\/wp\/v2\/product_brand?post=166144"},{"taxonomy":"product_cat","embeddable":true,"href":"https:\/\/schuetz-dental.de\/en\/wp-json\/wp\/v2\/product_cat?post=166144"},{"taxonomy":"product_tag","embeddable":true,"href":"https:\/\/schuetz-dental.de\/en\/wp-json\/wp\/v2\/product_tag?post=166144"}],"curies":[{"name":"wp","href":"https:\/\/api.w.org\/{rel}","templated":true}]}}