{"id":166148,"date":"2026-04-16T03:31:26","date_gmt":"2026-04-16T01:31:26","guid":{"rendered":"https:\/\/webshop.schuetz-dental.org\/product\/erweiterungsbohrer-lang-25-mm\/"},"modified":"2026-04-16T03:32:01","modified_gmt":"2026-04-16T01:32:01","slug":"erweiterungsbohrer-lang-25-mm","status":"publish","type":"product","link":"https:\/\/schuetz-dental.de\/en\/produkt\/erweiterungsbohrer-lang-25-mm\/","title":{"rendered":"Erweiterungsbohrer, lang 2,5 mm"},"content":{"rendered":"<p>Die Erweiterungsbohrer ohne Innenk\u00fchlung werden f\u00fcr die Vorbereitung des Implantatbetts f\u00fcr die IMPLA Dual Surface und Micro Retention Implantate verwendet. Je nach Implantatdurchmesser und Bohrtiefe kann der geeignete Bohrerdurchmesser gem\u00e4\u00df Bohrprotokoll gew\u00e4hlt werden.\u00a0<\/p>\n<p>Die Bohrtiefe im Knochen wird beim Bohren \u00fcber die Tiefenmarkierungsringe am Bohrer kontrolliert. Den Bohrer mit Durchmesser 3,15 mm und 4,25 mm gibt es in einer kurzen Ausf\u00fchrung f\u00fcr die Anwendung in der Molaren-Region.\u00a0<\/p>\n","protected":false},"excerpt":{"rendered":"<p>IMPLA Chirurgie-Bohrer mit Durchmesser 2,5 mm<\/p>\n","protected":false},"featured_media":409472,"template":"","meta":{"_acf_changed":false,"_price":"103","_stock":"","_tribe_ticket_header":"","_tribe_default_ticket_provider":"","_tribe_ticket_capacity":"","_ticket_start_date":"","_ticket_end_date":"","_tribe_ticket_show_description":"","_tribe_ticket_show_not_going":false,"_tribe_ticket_use_global_stock":"","_tribe_ticket_global_stock_level":"","_global_stock_mode":"","_global_stock_cap":"","_tribe_rsvp_for_event":"","_tribe_ticket_going_count":"","_tribe_ticket_not_going_count":"","_tribe_tickets_list":"[]","_tribe_ticket_has_attendee_info_fields":false,"_tec_slr_enabled":"","_tec_slr_layout":""},"product_brand":[],"product_cat":[4565],"product_tag":[],"class_list":{"0":"post-166148","1":"product","2":"type-product","3":"status-publish","4":"has-post-thumbnail","6":"product_cat-bohrer-und-instrumente","8":"first","9":"instock","10":"product-type-variable"},"acf":[],"_links":{"self":[{"href":"https:\/\/schuetz-dental.de\/en\/wp-json\/wp\/v2\/product\/166148","targetHints":{"allow":["GET"]}}],"collection":[{"href":"https:\/\/schuetz-dental.de\/en\/wp-json\/wp\/v2\/product"}],"about":[{"href":"https:\/\/schuetz-dental.de\/en\/wp-json\/wp\/v2\/types\/product"}],"wp:featuredmedia":[{"embeddable":true,"href":"https:\/\/schuetz-dental.de\/en\/wp-json\/wp\/v2\/media\/409472"}],"wp:attachment":[{"href":"https:\/\/schuetz-dental.de\/en\/wp-json\/wp\/v2\/media?parent=166148"}],"wp:term":[{"taxonomy":"product_brand","embeddable":true,"href":"https:\/\/schuetz-dental.de\/en\/wp-json\/wp\/v2\/product_brand?post=166148"},{"taxonomy":"product_cat","embeddable":true,"href":"https:\/\/schuetz-dental.de\/en\/wp-json\/wp\/v2\/product_cat?post=166148"},{"taxonomy":"product_tag","embeddable":true,"href":"https:\/\/schuetz-dental.de\/en\/wp-json\/wp\/v2\/product_tag?post=166148"}],"curies":[{"name":"wp","href":"https:\/\/api.w.org\/{rel}","templated":true}]}}