{"id":166161,"date":"2026-04-16T03:31:30","date_gmt":"2026-04-16T01:31:30","guid":{"rendered":"https:\/\/webshop.schuetz-dental.org\/product\/bettfraeser-33-mm-2\/"},"modified":"2026-04-16T03:32:01","modified_gmt":"2026-04-16T01:32:01","slug":"bettfraeser-33-mm","status":"publish","type":"product","link":"https:\/\/schuetz-dental.de\/en\/produkt\/bettfraeser-33-mm\/","title":{"rendered":"Bettfr\u00e4ser 3,3 mm"},"content":{"rendered":"<p>Bettfr\u00e4ser ohne Innenk\u00fchlung zur Formung der Implantatsilhouette der IMPLA Micro Retention \/ Dual Surface Implantate im Knochen.<\/p>\n<p>\u00a0<\/p>\n","protected":false},"excerpt":{"rendered":"<p>Implantatspezifisches Bohrwerkzeug als finale Aufbereitungsstufe gem\u00e4\u00df Bohrprotokoll.<\/p>\n","protected":false},"featured_media":0,"template":"","meta":{"_acf_changed":false,"_price":"103","_stock":"","_tribe_ticket_header":"","_tribe_default_ticket_provider":"","_tribe_ticket_capacity":"","_ticket_start_date":"","_ticket_end_date":"","_tribe_ticket_show_description":"","_tribe_ticket_show_not_going":false,"_tribe_ticket_use_global_stock":"","_tribe_ticket_global_stock_level":"","_global_stock_mode":"","_global_stock_cap":"","_tribe_rsvp_for_event":"","_tribe_ticket_going_count":"","_tribe_ticket_not_going_count":"","_tribe_tickets_list":"[]","_tribe_ticket_has_attendee_info_fields":false,"_tec_slr_enabled":"","_tec_slr_layout":""},"product_brand":[],"product_cat":[4565],"product_tag":[],"class_list":{"0":"post-166161","1":"product","2":"type-product","3":"status-publish","5":"product_cat-bohrer-und-instrumente","7":"first","8":"instock","9":"product-type-variable"},"acf":[],"_links":{"self":[{"href":"https:\/\/schuetz-dental.de\/en\/wp-json\/wp\/v2\/product\/166161","targetHints":{"allow":["GET"]}}],"collection":[{"href":"https:\/\/schuetz-dental.de\/en\/wp-json\/wp\/v2\/product"}],"about":[{"href":"https:\/\/schuetz-dental.de\/en\/wp-json\/wp\/v2\/types\/product"}],"wp:attachment":[{"href":"https:\/\/schuetz-dental.de\/en\/wp-json\/wp\/v2\/media?parent=166161"}],"wp:term":[{"taxonomy":"product_brand","embeddable":true,"href":"https:\/\/schuetz-dental.de\/en\/wp-json\/wp\/v2\/product_brand?post=166161"},{"taxonomy":"product_cat","embeddable":true,"href":"https:\/\/schuetz-dental.de\/en\/wp-json\/wp\/v2\/product_cat?post=166161"},{"taxonomy":"product_tag","embeddable":true,"href":"https:\/\/schuetz-dental.de\/en\/wp-json\/wp\/v2\/product_tag?post=166161"}],"curies":[{"name":"wp","href":"https:\/\/api.w.org\/{rel}","templated":true}]}}