{"id":166186,"date":"2026-04-24T03:37:45","date_gmt":"2026-04-24T01:37:45","guid":{"rendered":"https:\/\/webshop.schuetz-dental.org\/product\/preface-abutment-cone-connection\/"},"modified":"2026-04-24T03:38:00","modified_gmt":"2026-04-24T01:38:00","slug":"preface-abutment-cone-connection","status":"publish","type":"product","link":"https:\/\/schuetz-dental.de\/en\/produkt\/preface-abutment-cone-connection\/","title":{"rendered":"PreFace Abutment Cone Connection"},"content":{"rendered":"<p>Unsere PreFace\u00ae-Abutments erm\u00f6glichen Ihnen das Arbeiten mit den PreFace\u00ae-Abutmenthaltern von Medentika.<\/p>\n<p>Unsere PreFace\u00ae-Abutments stehen in den <strong>Durchmessern 11,5 und 16 Millimeter<\/strong>\u00a0und Anschlussgeometrien Hex Connection und Cone Connection zur Verf\u00fcgung. Dadurch erhalten Sie die notwendige <strong>Variabilit\u00e4t<\/strong>.Die Abutments bestehen aus <strong>Titan Grade 5<\/strong> und lassen sich somit gut und sicher verarbeiten. Titan Grade 5 steht au\u00dferdem f\u00fcr eine hohe Akzeptanz durch den menschlichen K\u00f6rper.<\/p>\n<p><strong><br \/>Ihre Vorteile:<\/strong><\/p>\n<p>Mit den PreFace Abutments\u00ae erreichen Sie eine ausgezeichnete Wertsch\u00f6pfung durch<\/p>\n<ul>\n<li><strong>Flexibilit\u00e4t<\/strong> \u2013 Arbeiten Sie mit unseren PreFace\u00ae-Abutments in Verbindung mit den PreFace\u00ae-Abutmenthalten von Medentika.<\/li>\n<li><strong>Zeitersparnis<\/strong> \u2013 Die zwei verschiedenen Rohlingdurchmesser gew\u00e4hrleisten Ihnen k\u00fcrzere Bearbeitungszeiten in der Produktion.<\/li>\n<li><strong>Exakte Nullpunktdefinition<\/strong> \u2013 Die einheitliche L\u00e4nge trotz verschiedener Durchmesser l\u00e4sst Sie den Nullpunkt nahezu exakt definieren.<\/li>\n<li><strong>Variabilit\u00e4t<\/strong> \u2013 Die zwei verschiedenen Durchmesser 11,5 und 16 Millimeter erm\u00f6glichen Ihnen variables Arbeiten.<\/li>\n<li><strong>Pr\u00e4zision<\/strong> \u2013 Die vorgefertigten sowie standardisierten Fertigungsprozesse sorgen f\u00fcr noch pr\u00e4zisere Ergebnisse.<\/li>\n<\/ul>\n<p><strong><br \/>Material:<\/strong><\/p>\n<ul>\n<li>Titan Grade 5<\/li>\n<\/ul>\n","protected":false},"excerpt":{"rendered":"<p>Unsere PreFace\u00ae-Abutments erm\u00f6glichen Ihnen das Arbeiten mit den PreFace\u00ae-Abutmenthaltern von Medentika. Unsere PreFace\u00ae-Abutments stehen in den Durchmessern 11,5 und 16 Millimeter\u00a0und Anschlussgeometrien Hex Connection und Cone Connection zur Verf\u00fcgung. Dadurch [&hellip;]<\/p>\n","protected":false},"featured_media":0,"template":"","meta":{"_acf_changed":false,"_price":"74.1","_stock":"","_tribe_ticket_header":"","_tribe_default_ticket_provider":"","_tribe_ticket_capacity":"","_ticket_start_date":"","_ticket_end_date":"","_tribe_ticket_show_description":"","_tribe_ticket_show_not_going":false,"_tribe_ticket_use_global_stock":"","_tribe_ticket_global_stock_level":"","_global_stock_mode":"","_global_stock_cap":"","_tribe_rsvp_for_event":"","_tribe_ticket_going_count":"","_tribe_ticket_not_going_count":"","_tribe_tickets_list":"[]","_tribe_ticket_has_attendee_info_fields":false,"_tec_slr_enabled":"","_tec_slr_layout":""},"product_brand":[],"product_cat":[4605,4763],"product_tag":[],"class_list":{"0":"post-166186","1":"product","2":"type-product","3":"status-publish","5":"product_cat-preface-abutment","8":"first","9":"instock","10":"product-type-variable"},"acf":[],"_links":{"self":[{"href":"https:\/\/schuetz-dental.de\/en\/wp-json\/wp\/v2\/product\/166186","targetHints":{"allow":["GET"]}}],"collection":[{"href":"https:\/\/schuetz-dental.de\/en\/wp-json\/wp\/v2\/product"}],"about":[{"href":"https:\/\/schuetz-dental.de\/en\/wp-json\/wp\/v2\/types\/product"}],"wp:attachment":[{"href":"https:\/\/schuetz-dental.de\/en\/wp-json\/wp\/v2\/media?parent=166186"}],"wp:term":[{"taxonomy":"product_brand","embeddable":true,"href":"https:\/\/schuetz-dental.de\/en\/wp-json\/wp\/v2\/product_brand?post=166186"},{"taxonomy":"product_cat","embeddable":true,"href":"https:\/\/schuetz-dental.de\/en\/wp-json\/wp\/v2\/product_cat?post=166186"},{"taxonomy":"product_tag","embeddable":true,"href":"https:\/\/schuetz-dental.de\/en\/wp-json\/wp\/v2\/product_tag?post=166186"}],"curies":[{"name":"wp","href":"https:\/\/api.w.org\/{rel}","templated":true}]}}