{"id":166204,"date":"2026-04-03T03:25:49","date_gmt":"2026-04-03T01:25:49","guid":{"rendered":"https:\/\/webshop.schuetz-dental.org\/product\/vorbohrer-kurz-2-0-mm\/"},"modified":"2026-04-03T03:25:50","modified_gmt":"2026-04-03T01:25:50","slug":"vorbohrer-kurz-2-0-mm","status":"publish","type":"product","link":"https:\/\/schuetz-dental.de\/en\/produkt\/vorbohrer-kurz-2-0-mm\/","title":{"rendered":"Vorbohrer kurz 2.0 mm,"},"content":{"rendered":"<p>Gesamtl\u00e4nge: 33,5 mm<br \/>Durchmesser: \u00d8 2,0 mm<\/p>\n<p>Mit dem IMPLA Vorbohrer kurz legen Sie die geplante Implantatl\u00e4nge und Achsrichtung fest. Auf dem Spiralbohrer finden Sie die entsprechenden Tiefenmarkierungen, welche Sie anhand der L\u00e4ngenmarkierungsskala auf dem Chirurgie Tray \u00fcberpr\u00fcfen k\u00f6nnen.<\/p>\n<p>Der Bohrerbund des IMPLA Vorbohrers ist so konfiguriert, dass Sie als Erg\u00e4nzung die IMPLA Tiefenstopps verwenden k\u00f6nnen. Durch die IMPLA Tiefenstopps erhalten Sie einen mechanischen Tiefenanschlag bei der Bohrung in den Kieferknochen f\u00fcr noch mehr Sicherheit bei Ihren Implantationen. Sowohl der Bohrerbund des IMPLA Vorbohrers als auch der passende Tiefenstopp sind farbcodiert, dies erm\u00f6glicht Ihnen ein einfaches und \u00fcbersichtliches Handling.<\/p>\n","protected":false},"excerpt":{"rendered":"<p>Mit dem IMPLA Vorbohrer kurz legen Sie die geplante Implantatl\u00e4nge und Achsrichtung fest.<\/p>\n","protected":false},"featured_media":390252,"template":"","meta":{"_acf_changed":false,"_price":"88.5","_stock":"0.000000","_tribe_ticket_header":"","_tribe_default_ticket_provider":"","_tribe_ticket_capacity":"","_ticket_start_date":"","_ticket_end_date":"","_tribe_ticket_show_description":"","_tribe_ticket_show_not_going":false,"_tribe_ticket_use_global_stock":"","_tribe_ticket_global_stock_level":"","_global_stock_mode":"","_global_stock_cap":"","_tribe_rsvp_for_event":"","_tribe_ticket_going_count":"","_tribe_ticket_not_going_count":"","_tribe_tickets_list":"[]","_tribe_ticket_has_attendee_info_fields":false,"_tec_slr_enabled":"","_tec_slr_layout":""},"product_brand":[],"product_cat":[4565],"product_tag":[],"class_list":{"0":"post-166204","1":"product","2":"type-product","3":"status-publish","4":"has-post-thumbnail","6":"product_cat-bohrer-und-instrumente","8":"first","9":"instock","10":"product-type-simple"},"acf":[],"_links":{"self":[{"href":"https:\/\/schuetz-dental.de\/en\/wp-json\/wp\/v2\/product\/166204","targetHints":{"allow":["GET"]}}],"collection":[{"href":"https:\/\/schuetz-dental.de\/en\/wp-json\/wp\/v2\/product"}],"about":[{"href":"https:\/\/schuetz-dental.de\/en\/wp-json\/wp\/v2\/types\/product"}],"wp:featuredmedia":[{"embeddable":true,"href":"https:\/\/schuetz-dental.de\/en\/wp-json\/wp\/v2\/media\/390252"}],"wp:attachment":[{"href":"https:\/\/schuetz-dental.de\/en\/wp-json\/wp\/v2\/media?parent=166204"}],"wp:term":[{"taxonomy":"product_brand","embeddable":true,"href":"https:\/\/schuetz-dental.de\/en\/wp-json\/wp\/v2\/product_brand?post=166204"},{"taxonomy":"product_cat","embeddable":true,"href":"https:\/\/schuetz-dental.de\/en\/wp-json\/wp\/v2\/product_cat?post=166204"},{"taxonomy":"product_tag","embeddable":true,"href":"https:\/\/schuetz-dental.de\/en\/wp-json\/wp\/v2\/product_tag?post=166204"}],"curies":[{"name":"wp","href":"https:\/\/api.w.org\/{rel}","templated":true}]}}