{"id":166208,"date":"2026-04-03T03:25:50","date_gmt":"2026-04-03T01:25:50","guid":{"rendered":"https:\/\/webshop.schuetz-dental.org\/product\/erweiterungsbohrer-kurz-25-mm\/"},"modified":"2026-04-03T03:26:08","modified_gmt":"2026-04-03T01:26:08","slug":"erweiterungsbohrer-kurz-25-mm","status":"publish","type":"product","link":"https:\/\/schuetz-dental.de\/en\/produkt\/erweiterungsbohrer-kurz-25-mm\/","title":{"rendered":"Erweiterungsbohrer kurz 2,5 mm,"},"content":{"rendered":"<p>Erweiterungsbohrer kurz ohne Innenk\u00fchlung in den Durchmessern 2,5 mm, 3,15 mm und 4,25 mm f\u00fcr die IMPLA Micro Retention Implantatlinien.<\/p>\n<p>F\u00fcr alle Vor- und Erweiterungsbohrer sind Bohrstopps erh\u00e4ltlich, die auch bei schwierigen anatomischen Situationen f\u00fcr Sicherheit und Kontrolle sorgen.\u00a0<\/p>\n","protected":false},"excerpt":{"rendered":"<p>Erweiterungsbohrer kurz ohne Innenk\u00fchlung in den Durchmessern 2,5 mm, 3,15 mm und 4,25 mm f\u00fcr die IMPLA Micro Retention Implantatlinien.<\/p>\n","protected":false},"featured_media":390255,"template":"","meta":{"_acf_changed":false,"_price":"103","_stock":"","_tribe_ticket_header":"","_tribe_default_ticket_provider":"","_tribe_ticket_capacity":"","_ticket_start_date":"","_ticket_end_date":"","_tribe_ticket_show_description":"","_tribe_ticket_show_not_going":false,"_tribe_ticket_use_global_stock":"","_tribe_ticket_global_stock_level":"","_global_stock_mode":"","_global_stock_cap":"","_tribe_rsvp_for_event":"","_tribe_ticket_going_count":"","_tribe_ticket_not_going_count":"","_tribe_tickets_list":"[]","_tribe_ticket_has_attendee_info_fields":false,"_tec_slr_enabled":"","_tec_slr_layout":""},"product_brand":[],"product_cat":[4565],"product_tag":[2615,2616,2557,2614],"class_list":{"0":"post-166208","1":"product","2":"type-product","3":"status-publish","4":"has-post-thumbnail","6":"product_cat-bohrer-und-instrumente","7":"product_tag-erweiterungbohrer","8":"product_tag-erweiterungsbohrer","9":"product_tag-impla","10":"product_tag-micro-retention","12":"first","13":"instock","14":"product-type-variable"},"acf":[],"_links":{"self":[{"href":"https:\/\/schuetz-dental.de\/en\/wp-json\/wp\/v2\/product\/166208","targetHints":{"allow":["GET"]}}],"collection":[{"href":"https:\/\/schuetz-dental.de\/en\/wp-json\/wp\/v2\/product"}],"about":[{"href":"https:\/\/schuetz-dental.de\/en\/wp-json\/wp\/v2\/types\/product"}],"wp:featuredmedia":[{"embeddable":true,"href":"https:\/\/schuetz-dental.de\/en\/wp-json\/wp\/v2\/media\/390255"}],"wp:attachment":[{"href":"https:\/\/schuetz-dental.de\/en\/wp-json\/wp\/v2\/media?parent=166208"}],"wp:term":[{"taxonomy":"product_brand","embeddable":true,"href":"https:\/\/schuetz-dental.de\/en\/wp-json\/wp\/v2\/product_brand?post=166208"},{"taxonomy":"product_cat","embeddable":true,"href":"https:\/\/schuetz-dental.de\/en\/wp-json\/wp\/v2\/product_cat?post=166208"},{"taxonomy":"product_tag","embeddable":true,"href":"https:\/\/schuetz-dental.de\/en\/wp-json\/wp\/v2\/product_tag?post=166208"}],"curies":[{"name":"wp","href":"https:\/\/api.w.org\/{rel}","templated":true}]}}