{"id":166327,"date":"2026-04-17T03:36:21","date_gmt":"2026-04-17T01:36:21","guid":{"rendered":"https:\/\/webshop.schuetz-dental.org\/product\/scanabutment-33-mm-42-mm-53-mm\/"},"modified":"2026-04-17T03:36:22","modified_gmt":"2026-04-17T01:36:22","slug":"scanabutment-33-mm-42-mm-53-mm","status":"publish","type":"product","link":"https:\/\/schuetz-dental.de\/en\/produkt\/scanabutment-33-mm-42-mm-53-mm\/","title":{"rendered":"Scanabutment 3,3 mm \/ 4,2 mm \/ 5,3 mm"},"content":{"rendered":"<p>Die IMPLA Hex Connection Scanabutments sind zur \u00dcbertragung der Position von Hex Connection Implantaten im Patientenmund in ein digitales 3D Bild mit Hilfe eines Interoralscanners vorgesehen. <\/p>\n<p>Sie sind ebenfalls zur \u00dcbertragung der Position von Hex Connection Implantaten im Meistermodell in ein digitales 3D Bild mit Hilfe eines Labor 3D-Scanners geeignet. Sie erm\u00f6glichen z.B. die digitale \u00dcbertragung an ein zahntechnisches Labor f\u00fcr die Anfertigung von Zahnersatz mittels computergest\u00fctzter Design- und Fertigungssysteme.<\/p>\n","protected":false},"excerpt":{"rendered":"<p>Die IMPLA Hex Connection Scanabutments sind zur \u00dcbertragung der Position von Hex Connection Implantaten im Patientenmund in ein digitales 3D Bild mit Hilfe eines Interoralscanners vorgesehen.<\/p>\n","protected":false},"featured_media":412313,"template":"","meta":{"_acf_changed":false,"_price":"24.8","_stock":"0.000000","_tribe_ticket_header":"","_tribe_default_ticket_provider":"","_tribe_ticket_capacity":"","_ticket_start_date":"","_ticket_end_date":"","_tribe_ticket_show_description":"","_tribe_ticket_show_not_going":false,"_tribe_ticket_use_global_stock":"","_tribe_ticket_global_stock_level":"","_global_stock_mode":"","_global_stock_cap":"","_tribe_rsvp_for_event":"","_tribe_ticket_going_count":"","_tribe_ticket_not_going_count":"","_tribe_tickets_list":"[]","_tribe_ticket_has_attendee_info_fields":false,"_tec_slr_enabled":"","_tec_slr_layout":""},"product_brand":[],"product_cat":[4576,4580],"product_tag":[2572,2710,2709],"class_list":{"0":"post-166327","1":"product","2":"type-product","3":"status-publish","4":"has-post-thumbnail","6":"product_cat-abformung-geschlossen","7":"product_cat-abformung-offen","8":"product_tag-abutment","9":"product_tag-scan","10":"product_tag-scanabutment","12":"first","13":"instock","14":"product-type-simple"},"acf":[],"_links":{"self":[{"href":"https:\/\/schuetz-dental.de\/en\/wp-json\/wp\/v2\/product\/166327","targetHints":{"allow":["GET"]}}],"collection":[{"href":"https:\/\/schuetz-dental.de\/en\/wp-json\/wp\/v2\/product"}],"about":[{"href":"https:\/\/schuetz-dental.de\/en\/wp-json\/wp\/v2\/types\/product"}],"wp:featuredmedia":[{"embeddable":true,"href":"https:\/\/schuetz-dental.de\/en\/wp-json\/wp\/v2\/media\/412313"}],"wp:attachment":[{"href":"https:\/\/schuetz-dental.de\/en\/wp-json\/wp\/v2\/media?parent=166327"}],"wp:term":[{"taxonomy":"product_brand","embeddable":true,"href":"https:\/\/schuetz-dental.de\/en\/wp-json\/wp\/v2\/product_brand?post=166327"},{"taxonomy":"product_cat","embeddable":true,"href":"https:\/\/schuetz-dental.de\/en\/wp-json\/wp\/v2\/product_cat?post=166327"},{"taxonomy":"product_tag","embeddable":true,"href":"https:\/\/schuetz-dental.de\/en\/wp-json\/wp\/v2\/product_tag?post=166327"}],"curies":[{"name":"wp","href":"https:\/\/api.w.org\/{rel}","templated":true}]}}