{"id":166336,"date":"2026-04-03T03:27:12","date_gmt":"2026-04-03T01:27:12","guid":{"rendered":"https:\/\/webshop.schuetz-dental.org\/product\/gingivaformer-konisch\/"},"modified":"2026-04-03T03:28:01","modified_gmt":"2026-04-03T01:28:01","slug":"gingivaformer-konisch","status":"publish","type":"product","link":"https:\/\/schuetz-dental.de\/en\/produkt\/gingivaformer-konisch\/","title":{"rendered":"Gingivaformer konisch"},"content":{"rendered":"<p>Diese Gingivaformer haben wir speziell f\u00fcr die anschlie\u00dfende Versorgung mit den IMPLA Hex Connection Abutments mit dem neuen Emergenzprofil\u00a0entwickelt.<\/p>\n<p>Durch die leicht konische Form, die durch das neue Emergenzprofil zustande kommt, eignen sich diese Gingivaformer speziell, aber nicht ausschlie\u00dflich f\u00fcr Versorgungen, bei der die Gingiva bereits vor der finalen Versorgung in Form gebracht und somit ein sch\u00f6nes Emergenzprofil erreicht werden kann.<\/p>\n<p>Durch die sterile Verpackung der Gingivaformer sparen Sie sich die Zeit, diese vor ihrem Einsatz noch einmal zu sterilisieren.\u00a0<\/p>\n","protected":false},"excerpt":{"rendered":"<p>Speziell geeignet f\u00fcr Versorgungen, bei welchen die Gingiva bereits vor der finalen Versorgung in Form gebracht werden kann.<\/p>\n","protected":false},"featured_media":390331,"template":"","meta":{"_acf_changed":false,"_price":"44.9","_stock":"","_tribe_ticket_header":"","_tribe_default_ticket_provider":"","_tribe_ticket_capacity":"","_ticket_start_date":"","_ticket_end_date":"","_tribe_ticket_show_description":"","_tribe_ticket_show_not_going":false,"_tribe_ticket_use_global_stock":"","_tribe_ticket_global_stock_level":"","_global_stock_mode":"","_global_stock_cap":"","_tribe_rsvp_for_event":"","_tribe_ticket_going_count":"","_tribe_ticket_not_going_count":"","_tribe_tickets_list":"[]","_tribe_ticket_has_attendee_info_fields":false,"_tec_slr_enabled":"","_tec_slr_layout":""},"product_brand":[],"product_cat":[4729],"product_tag":[],"class_list":{"0":"post-166336","1":"product","2":"type-product","3":"status-publish","4":"has-post-thumbnail","6":"product_cat-hex-connection","8":"first","9":"instock","10":"product-type-variable"},"acf":[],"_links":{"self":[{"href":"https:\/\/schuetz-dental.de\/en\/wp-json\/wp\/v2\/product\/166336","targetHints":{"allow":["GET"]}}],"collection":[{"href":"https:\/\/schuetz-dental.de\/en\/wp-json\/wp\/v2\/product"}],"about":[{"href":"https:\/\/schuetz-dental.de\/en\/wp-json\/wp\/v2\/types\/product"}],"wp:featuredmedia":[{"embeddable":true,"href":"https:\/\/schuetz-dental.de\/en\/wp-json\/wp\/v2\/media\/390331"}],"wp:attachment":[{"href":"https:\/\/schuetz-dental.de\/en\/wp-json\/wp\/v2\/media?parent=166336"}],"wp:term":[{"taxonomy":"product_brand","embeddable":true,"href":"https:\/\/schuetz-dental.de\/en\/wp-json\/wp\/v2\/product_brand?post=166336"},{"taxonomy":"product_cat","embeddable":true,"href":"https:\/\/schuetz-dental.de\/en\/wp-json\/wp\/v2\/product_cat?post=166336"},{"taxonomy":"product_tag","embeddable":true,"href":"https:\/\/schuetz-dental.de\/en\/wp-json\/wp\/v2\/product_tag?post=166336"}],"curies":[{"name":"wp","href":"https:\/\/api.w.org\/{rel}","templated":true}]}}