{"id":166395,"date":"2026-04-15T03:30:26","date_gmt":"2026-04-15T01:30:26","guid":{"rendered":"https:\/\/webshop.schuetz-dental.org\/product\/kunststoff-abutment-hex-connection-inkl-schraube\/"},"modified":"2026-04-15T03:31:04","modified_gmt":"2026-04-15T01:31:04","slug":"kunststoff-abutment-hex-connection-inkl-schraube","status":"publish","type":"product","link":"https:\/\/schuetz-dental.de\/en\/produkt\/kunststoff-abutment-hex-connection-inkl-schraube\/","title":{"rendered":"Kunststoff Abutment Hex Connection inkl. Schraube"},"content":{"rendered":"<p>Das IMPLA Kunststoffabutment besteht komplett aus einem ausbrennbaren Kunststoff (POM). Der obere Bereich dient hierbei als Modellierhilfe, welche individuell okklusal gek\u00fcrzt werden kann, und sorgt f\u00fcr einen sauberen Abschluss des Schraubenkanals.<br \/>\nDieses Abutment erm\u00f6glicht Ihnen die Herstellung von individuellen Einzelzahnkronen und Mesostrukturen, f\u00fcr zementierbare Br\u00fcckenversorgungen und Prim\u00e4rpfeiler f\u00fcr die \u00dcberbr\u00fcckung von Implantatachsendivergenzen in der Doppelkronentechnik.  Das Gussverfahren kann mit einer Gold- oder CoCr-Legeriung oder im Titangussverfahren erfolgen.<\/p>\n","protected":false},"excerpt":{"rendered":"<p>f\u00fcr die Herstellung von individuellen Einzelzahnkronen und Mesostrukturen&#8230;<\/p>\n","protected":false},"featured_media":0,"template":"","meta":{"_acf_changed":false,"_price":"57.9","_stock":"","_tribe_ticket_header":"","_tribe_default_ticket_provider":"","_tribe_ticket_capacity":"","_ticket_start_date":"","_ticket_end_date":"","_tribe_ticket_show_description":"","_tribe_ticket_show_not_going":false,"_tribe_ticket_use_global_stock":"","_tribe_ticket_global_stock_level":"","_global_stock_mode":"","_global_stock_cap":"","_tribe_rsvp_for_event":"","_tribe_ticket_going_count":"","_tribe_ticket_not_going_count":"","_tribe_tickets_list":"[]","_tribe_ticket_has_attendee_info_fields":false,"_tec_slr_enabled":"","_tec_slr_layout":""},"product_brand":[],"product_cat":[4572,4600,4755],"product_tag":[],"class_list":{"0":"post-166395","1":"product","2":"type-product","3":"status-publish","5":"product_cat-titanabutment-inhalt-konuskonnektoren","7":"product_cat-kunststoff-abutment","9":"first","10":"instock","11":"product-type-variable"},"acf":[],"_links":{"self":[{"href":"https:\/\/schuetz-dental.de\/en\/wp-json\/wp\/v2\/product\/166395","targetHints":{"allow":["GET"]}}],"collection":[{"href":"https:\/\/schuetz-dental.de\/en\/wp-json\/wp\/v2\/product"}],"about":[{"href":"https:\/\/schuetz-dental.de\/en\/wp-json\/wp\/v2\/types\/product"}],"wp:attachment":[{"href":"https:\/\/schuetz-dental.de\/en\/wp-json\/wp\/v2\/media?parent=166395"}],"wp:term":[{"taxonomy":"product_brand","embeddable":true,"href":"https:\/\/schuetz-dental.de\/en\/wp-json\/wp\/v2\/product_brand?post=166395"},{"taxonomy":"product_cat","embeddable":true,"href":"https:\/\/schuetz-dental.de\/en\/wp-json\/wp\/v2\/product_cat?post=166395"},{"taxonomy":"product_tag","embeddable":true,"href":"https:\/\/schuetz-dental.de\/en\/wp-json\/wp\/v2\/product_tag?post=166395"}],"curies":[{"name":"wp","href":"https:\/\/api.w.org\/{rel}","templated":true}]}}