{"id":166475,"date":"2026-04-30T03:30:14","date_gmt":"2026-04-30T01:30:14","guid":{"rendered":"https:\/\/webshop.schuetz-dental.org\/product\/aesthura-klebebasis-33-mm-2\/"},"modified":"2026-04-30T03:30:19","modified_gmt":"2026-04-30T01:30:19","slug":"aesthura-klebebasis-33-mm-2","status":"publish","type":"product","link":"https:\/\/schuetz-dental.de\/en\/produkt\/aesthura-klebebasis-33-mm-2\/","title":{"rendered":"Aesthura Klebebasis 3,3 mm"},"content":{"rendered":"<p>Aesthura\u00ae Abutments nach Dr. Neumeyer zeichnen sich durch besondere konstruktive Charakteristika aus:<\/p>\n<p>Sie besitzen eine <strong>sehr geringe Bauh\u00f6he<\/strong> bei gleichzeitig <strong>riesiger Retentionsfl\u00e4che<\/strong>. Sie sind <strong>belastungsphysiologisch optimiert<\/strong> und weisen einen nahezu <strong>perfekten Rotationsschutz<\/strong> auf. Als Shuttle auf dem Implantat montiert, erleichtern sie eine <strong>zementfreie<\/strong> provisorische Versorgung auf <strong>einfachste Art<\/strong> und Weise.\u00a0<\/p>\n<p>Sie eignen sich neben nahezu allen Indikationen vor allem dann, wenn Sie <strong>okklusal wenig Platz<\/strong> zur Verf\u00fcgung haben. Durch die spezielle Oberfl\u00e4che ist es gelungen, eine extrem <strong>gro\u00dfe Klebefl\u00e4che<\/strong> zum individuellen Aufbau zu generieren ohne hierbei in die H\u00f6he gehen zu m\u00fcssen.<\/p>\n<p>Das aufgeschraubte Scan-Abutment erlaubt zudem eine <strong>optimale Integration in den digitalen Arbeitsprozess.<\/strong><\/p>\n<p>\u00a0<\/p>\n","protected":false},"excerpt":{"rendered":"<p>Aesthura\u00ae Abutments nach Dr. Neumeyer zeichnen sich besonders durch eine sehr geringe Bauh\u00f6he bei gleichzeitig riesiger Retentionsfl\u00e4che aus.<\/p>\n","protected":false},"featured_media":0,"template":"","meta":{"_acf_changed":false,"_price":"84.2","_stock":"0.000000","_tribe_ticket_header":"","_tribe_default_ticket_provider":"","_tribe_ticket_capacity":"","_ticket_start_date":"","_ticket_end_date":"","_tribe_ticket_show_description":"","_tribe_ticket_show_not_going":false,"_tribe_ticket_use_global_stock":"","_tribe_ticket_global_stock_level":"","_global_stock_mode":"","_global_stock_cap":"","_tribe_rsvp_for_event":"","_tribe_ticket_going_count":"","_tribe_ticket_not_going_count":"","_tribe_tickets_list":"[]","_tribe_ticket_has_attendee_info_fields":false,"_tec_slr_enabled":"","_tec_slr_layout":""},"product_brand":[],"product_cat":[4608,4778],"product_tag":[],"class_list":{"0":"post-166475","1":"product","2":"type-product","3":"status-publish","5":"product_cat-aesthura-abutment","8":"first","9":"instock","10":"product-type-simple"},"acf":[],"_links":{"self":[{"href":"https:\/\/schuetz-dental.de\/en\/wp-json\/wp\/v2\/product\/166475","targetHints":{"allow":["GET"]}}],"collection":[{"href":"https:\/\/schuetz-dental.de\/en\/wp-json\/wp\/v2\/product"}],"about":[{"href":"https:\/\/schuetz-dental.de\/en\/wp-json\/wp\/v2\/types\/product"}],"wp:attachment":[{"href":"https:\/\/schuetz-dental.de\/en\/wp-json\/wp\/v2\/media?parent=166475"}],"wp:term":[{"taxonomy":"product_brand","embeddable":true,"href":"https:\/\/schuetz-dental.de\/en\/wp-json\/wp\/v2\/product_brand?post=166475"},{"taxonomy":"product_cat","embeddable":true,"href":"https:\/\/schuetz-dental.de\/en\/wp-json\/wp\/v2\/product_cat?post=166475"},{"taxonomy":"product_tag","embeddable":true,"href":"https:\/\/schuetz-dental.de\/en\/wp-json\/wp\/v2\/product_tag?post=166475"}],"curies":[{"name":"wp","href":"https:\/\/api.w.org\/{rel}","templated":true}]}}