{"id":166501,"date":"2026-04-14T03:31:47","date_gmt":"2026-04-14T01:31:47","guid":{"rendered":"https:\/\/webshop.schuetz-dental.org\/product\/multi-unit-abutment-20-hex-connection-inkl-schraube\/"},"modified":"2026-04-14T03:32:01","modified_gmt":"2026-04-14T01:32:01","slug":"multi-unit-abutment-20-hex-connection-inkl-schraube","status":"publish","type":"product","link":"https:\/\/schuetz-dental.de\/en\/produkt\/multi-unit-abutment-20-hex-connection-inkl-schraube\/","title":{"rendered":"Multi Unit Abutment 20\u00b0 Hex Connection inkl. Schraube"},"content":{"rendered":"<p><strong>Das IMPLA Multi Unit System wurde speziell f\u00fcr okklusal verschraubte festsitzende sowie herausnehmbare Steg-, Br\u00fccken- und Totalversorgungen entwickelt.<\/strong><\/p>\n<p>Die IMPLA Multi Unit Abutments sind in drei verschiedenen Angulationen (0\u00b0, 20\u00b0 und 30\u00b0) verf\u00fcgbar. Die Abutments werden direkt mit dem jeweiligen Implantat verschraubt. Auf diese Weise entsteht eine feste transgingivale Plattform, \u00fcber die alle weiteren prothetischen und labortechnischen Ma\u00dfnahmen erfolgen. Die 0\u00b0 Abutments verf\u00fcgen bereits \u00fcber ein Schraubgewinde und werden mit der Eindrehhilfe lang oder kurz in die Implantate eingedreht. Um die 20\u00b0 und 30\u00b0 Abutments im Implantat zu fixieren wird die Vertikalschraube Multi Unit verwendet, welche mit dem Schraubendreher 1,2 mm lang oder kurz eingedreht wird. Alle Laborkomponenten werden auf der Abutmentbasis mit der Prothetikschraube sekund\u00e4r, mit dem Schraubendreher 1,2 mm lang oder kurz, befestigt.<\/p>\n<p>F\u00fcr die Auswahl der zu empfehlenden Implantate beachten Sie bitte die IMPLA Gebrauchsanweisung.<\/p>\n<p><strong>Das Multi-Unit-Abutment-Konzept erm\u00f6glicht dem Anwender eine verbesserte Nutzung des vorhandenen Knochenangebotes.<\/strong>\u00a0Durch angulierte Insertion der endst\u00e4ndigen Implantate wird das Knochenangebot in distale Richung genutzt und somit die Stabilit\u00e4t verbessert. Die Multi-Unit-Abutments gew\u00e4hrleisten mit der entsprechenden Angulation anschlie\u00dfend eine einheiltliche Einschubrichtung der Prothetik zur spannungsfreien Verschraubung. Zu diesem Zweck beinhaltet das Multi-Unit-Abutment-Konzept gerade und angulierte Komponenten. Die Anzahl der Implantate bei einer Totalrekonstruktion betr\u00e4gt mindestens vier Implantate im Unterkiefer, sowie mindestens Sechs Implantate im Oberkiefer. (Die IMPLA Gebrauchsanweisung ist zu beachten.)<\/p>\n","protected":false},"excerpt":{"rendered":"<p>Speziell f\u00fcr okklusal verschraubte festsitzende sowie herausnehmbare Steg-, Br\u00fccken- und Totalversorgungen entwickelt.<\/p>\n","protected":false},"featured_media":404089,"template":"","meta":{"_acf_changed":false,"_price":"142.4","_stock":"","_tribe_ticket_header":"","_tribe_default_ticket_provider":"","_tribe_ticket_capacity":"","_ticket_start_date":"","_ticket_end_date":"","_tribe_ticket_show_description":"","_tribe_ticket_show_not_going":false,"_tribe_ticket_use_global_stock":"","_tribe_ticket_global_stock_level":"","_global_stock_mode":"","_global_stock_cap":"","_tribe_rsvp_for_event":"","_tribe_ticket_going_count":"","_tribe_ticket_not_going_count":"","_tribe_tickets_list":"[]","_tribe_ticket_has_attendee_info_fields":false,"_tec_slr_enabled":"","_tec_slr_layout":""},"product_brand":[],"product_cat":[4593,4776],"product_tag":[2572,2684,2560,2682,2686,2685,2683],"class_list":{"0":"post-166501","1":"product","2":"type-product","3":"status-publish","4":"has-post-thumbnail","6":"product_cat-multi-unit-abutment","8":"product_tag-abutment","9":"product_tag-connection","10":"product_tag-hex","11":"product_tag-multi-unit-abutment","12":"product_tag-schraube","13":"product_tag-screw","14":"product_tag-unit","16":"first","17":"instock","18":"product-type-variable"},"acf":[],"_links":{"self":[{"href":"https:\/\/schuetz-dental.de\/en\/wp-json\/wp\/v2\/product\/166501","targetHints":{"allow":["GET"]}}],"collection":[{"href":"https:\/\/schuetz-dental.de\/en\/wp-json\/wp\/v2\/product"}],"about":[{"href":"https:\/\/schuetz-dental.de\/en\/wp-json\/wp\/v2\/types\/product"}],"wp:featuredmedia":[{"embeddable":true,"href":"https:\/\/schuetz-dental.de\/en\/wp-json\/wp\/v2\/media\/404089"}],"wp:attachment":[{"href":"https:\/\/schuetz-dental.de\/en\/wp-json\/wp\/v2\/media?parent=166501"}],"wp:term":[{"taxonomy":"product_brand","embeddable":true,"href":"https:\/\/schuetz-dental.de\/en\/wp-json\/wp\/v2\/product_brand?post=166501"},{"taxonomy":"product_cat","embeddable":true,"href":"https:\/\/schuetz-dental.de\/en\/wp-json\/wp\/v2\/product_cat?post=166501"},{"taxonomy":"product_tag","embeddable":true,"href":"https:\/\/schuetz-dental.de\/en\/wp-json\/wp\/v2\/product_tag?post=166501"}],"curies":[{"name":"wp","href":"https:\/\/api.w.org\/{rel}","templated":true}]}}