{"id":166521,"date":"2026-04-15T03:31:02","date_gmt":"2026-04-15T01:31:02","guid":{"rendered":"https:\/\/webshop.schuetz-dental.org\/product\/alphalink-cem-a2\/"},"modified":"2026-04-15T03:31:05","modified_gmt":"2026-04-15T01:31:05","slug":"alphalink-cem-a2","status":"publish","type":"product","link":"https:\/\/schuetz-dental.de\/en\/produkt\/alphalink-cem-a2\/","title":{"rendered":"Alphalink Cem A2"},"content":{"rendered":"<p>Alphalink Cem ist ein dualh\u00e4rtendes Befestigungskomposit f\u00fcr den nat\u00fcrlichen Zahn.<\/p>\n<p><strong>Indikationen:<\/strong><\/p>\n<ul>\n<li>Adh\u00e4sive Befestigung von indirekten Konstruktionen wie Veneers, Inlays, Onlays, Kronen und Br\u00fccken.<\/li>\n<li>Die indirekten Restaurationen k\u00f6nnen hierbei aus Glaskeramik, Zirkonoxid, Komposit, zirkonverst\u00e4rktem Komposit, Edelmetall, Nicht-Edelmetall und Titan bestehen.<\/li>\n<li>Adh\u00e4sive Befestigung von Wurzelstiften und von Stumpfaufbauten (als Core Build Up Material).<\/li>\n<\/ul>\n<p class=\"\"Pa3\"\"><strong>Vorteile:<\/strong><\/p>\n<ul>\n<li>\u00a0 \u00a0 \u00a0 \u00a0 \u00a0 \u00a0 \u00a0 \u00a0 \u00a0 \u00a0 Herausragende Haftwerte auf Dentin und Keramik<\/li>\n<li>\u00a0 \u00a0 \u00a0 \u00a0 \u00a0 \u00a0 \u00a0 \u00a0 \u00a0 \u00a0 Gute R\u00f6ntgensichtbarkeit, r\u00f6ntgenopak (210 % Al)<\/li>\n<li>\u00a0 \u00a0 \u00a0 \u00a0 \u00a0 \u00a0 \u00a0 \u00a0 \u00a0 \u00a0 Sehr hohe Druckfestigkeit von 290 MPa<\/li>\n<li>\u00a0 \u00a0 \u00a0 \u00a0 \u00a0 \u00a0 \u00a0 \u00a0 \u00a0 \u00a0 Automischkartusche f\u00fcr ein einfaches Handling<\/li>\n<li>\u00a0 \u00a0 \u00a0 \u00a0 \u00a0 \u00a0 \u00a0 \u00a0 \u00a0 \u00a0 Transparente Mischkan\u00fcle<\/li>\n<li>\u00a0 \u00a0 \u00a0 \u00a0 \u00a0 \u00a0 \u00a0 \u00a0 \u00a0 \u00a0 Hohe Biokompatibilit\u00e4t, da Bis-GMA frei<\/li>\n<li>\u00a0 \u00a0 \u00a0 \u00a0 \u00a0 \u00a0 \u00a0 \u00a0 \u00a0 \u00a0 Langzeitstabilit\u00e4t durch herausragende physikali\u00adsche Eigenschaften<\/li>\n<li>\u00a0 \u00a0 \u00a0 \u00a0 \u00a0 \u00a0 \u00a0 \u00a0 \u00a0 \u00a0 Sicher, da dualh\u00e4rtend\u00a0<\/li>\n<li>\u00a0 \u00a0 \u00a0 \u00a0 \u00a0 \u00a0 \u00a0 \u00a0 \u00a0 \u00a0 Hohe \u00c4sthetik, da in drei Farben erh\u00e4ltlich<\/li>\n<\/ul>\n<p><strong>Physikalische Eigenschaften:<\/strong><\/p>\n<ul>\n<li>E-Modul: 12.039 MPa<\/li>\n<li>Biegefestigkeit: 118 MPa<\/li>\n<li>sehr hohe Vickers-H\u00e4rte: 549 MPa<\/li>\n<\/ul>\n<p><strong>Aush\u00e4rtezeit inkl. Verarbei\u00adtungszeit:<\/strong><\/p>\n<ul>\n<li>Raumtemperatur\u00a0ca. 21 \u00b0C (ca. 69.8 \u00b0F): ca. 7-9\u00a0min<\/li>\n<li>Intraoral\u00a037 \u00b0C (ca. 98.6 \u00b0F): 3-4\u00a0min<\/li>\n<\/ul>\n<p><strong>Verkaufseinheiten:<\/strong><\/p>\n<p>8 g Automischkartusche<\/p>\n<p><strong>Erh\u00e4ltlich in den Farben: A2 und semi-transparent<\/strong><\/p>\n<p>\u00a0<\/p>\n<p>\u00a0<\/p>\n<p>\u00a0<\/p>\n","protected":false},"excerpt":{"rendered":"<p>Dualh\u00e4rtendes Befestigungskomposit f\u00fcr den nat\u00fcrlichen Zahn.<\/p>\n","protected":false},"featured_media":406909,"template":"","meta":{"_acf_changed":false,"_price":"149.7","_stock":"","_tribe_ticket_header":"","_tribe_default_ticket_provider":"","_tribe_ticket_capacity":"","_ticket_start_date":"","_ticket_end_date":"","_tribe_ticket_show_description":"","_tribe_ticket_show_not_going":false,"_tribe_ticket_use_global_stock":"","_tribe_ticket_global_stock_level":"","_global_stock_mode":"","_global_stock_cap":"","_tribe_rsvp_for_event":"","_tribe_ticket_going_count":"","_tribe_ticket_not_going_count":"","_tribe_tickets_list":"[]","_tribe_ticket_has_attendee_info_fields":false,"_tec_slr_enabled":"","_tec_slr_layout":""},"product_brand":[],"product_cat":[4523],"product_tag":[],"class_list":{"0":"post-166521","1":"product","2":"type-product","3":"status-publish","4":"has-post-thumbnail","6":"product_cat-bond-und-etchsystem","8":"first","9":"instock","10":"product-type-variable"},"acf":[],"_links":{"self":[{"href":"https:\/\/schuetz-dental.de\/en\/wp-json\/wp\/v2\/product\/166521","targetHints":{"allow":["GET"]}}],"collection":[{"href":"https:\/\/schuetz-dental.de\/en\/wp-json\/wp\/v2\/product"}],"about":[{"href":"https:\/\/schuetz-dental.de\/en\/wp-json\/wp\/v2\/types\/product"}],"wp:featuredmedia":[{"embeddable":true,"href":"https:\/\/schuetz-dental.de\/en\/wp-json\/wp\/v2\/media\/406909"}],"wp:attachment":[{"href":"https:\/\/schuetz-dental.de\/en\/wp-json\/wp\/v2\/media?parent=166521"}],"wp:term":[{"taxonomy":"product_brand","embeddable":true,"href":"https:\/\/schuetz-dental.de\/en\/wp-json\/wp\/v2\/product_brand?post=166521"},{"taxonomy":"product_cat","embeddable":true,"href":"https:\/\/schuetz-dental.de\/en\/wp-json\/wp\/v2\/product_cat?post=166521"},{"taxonomy":"product_tag","embeddable":true,"href":"https:\/\/schuetz-dental.de\/en\/wp-json\/wp\/v2\/product_tag?post=166521"}],"curies":[{"name":"wp","href":"https:\/\/api.w.org\/{rel}","templated":true}]}}