{"id":166543,"date":"2026-04-22T03:38:21","date_gmt":"2026-04-22T01:38:21","guid":{"rendered":"https:\/\/webshop.schuetz-dental.org\/product\/sebond-smart-zirkon-bonder\/"},"modified":"2026-04-22T03:38:22","modified_gmt":"2026-04-22T01:38:22","slug":"sebond-smart-zirkon-bonder","status":"publish","type":"product","link":"https:\/\/schuetz-dental.de\/en\/produkt\/sebond-smart-zirkon-bonder\/","title":{"rendered":"Sebond Smart Zirkon-Bonder"},"content":{"rendered":"<p><strong>Der innovative Zirkon-Bonder<\/strong><\/p>\n<p>\u00a0<\/p>\n<p><strong>Indikationen:<\/strong><\/p>\n<ul>\n<li>F\u00fcr den <strong>sicheren<\/strong> Verbund zwischen <strong>Zirkondioxid<\/strong> und Komposit.<\/li>\n<li>F\u00fcr\u00a0\u00a0kompositverblendete\u00a0<strong>Zirkondioxidarbeit<\/strong>\u00a0auf\u00a0<strong>implantgetragenen<\/strong>\u00a0Arbeiten<\/li>\n<li>Wenn Sie Ihren Kunden, z. B. f\u00fcr <strong>implantgetragene<\/strong> Arbeiten, eine kompositverblendete <strong>Zirkondioxidarbeit<\/strong> anbieten m\u00f6chten, ist dieser Bonder der richtige f\u00fcr Sie.<\/li>\n<\/ul>\n<p><strong>Ihre Vorteile:<\/strong><\/p>\n<ul>\n<li>Die chemische <strong>Retention<\/strong> bei Komposit-Verblendungen.<\/li>\n<li>Keine zus\u00e4tzliche Lichtpolymerisation n\u00f6tig.<\/li>\n<li>F\u00fcr einen sicheren und dauerhaften <strong>Verbund.<\/strong><\/li>\n<li>Der <strong>Bonder<\/strong> ist universell f\u00fcr alle g\u00e4ngigen <strong>Zirkondioxid<\/strong>&#8211; und Komposit-Systeme anwendbar.<\/li>\n<\/ul>\n<p>\u00a0<\/p>\n<p>Inhalt: 5 ml Sebond Smart Zr<\/p>\n","protected":false},"excerpt":{"rendered":"<p>Ihr sicherer Verbund f\u00fcr Ihre Komposit-Verblendung auf Ger\u00fcsten aus Zirkondioxid. Die chemische Retention, auf die Sie sich verlassen k\u00f6nnen.<\/p>\n","protected":false},"featured_media":417928,"template":"","meta":{"_acf_changed":false,"_price":"188.1","_stock":"0.000000","_tribe_ticket_header":"","_tribe_default_ticket_provider":"","_tribe_ticket_capacity":"","_ticket_start_date":"","_ticket_end_date":"","_tribe_ticket_show_description":"","_tribe_ticket_show_not_going":false,"_tribe_ticket_use_global_stock":"","_tribe_ticket_global_stock_level":"","_global_stock_mode":"","_global_stock_cap":"","_tribe_rsvp_for_event":"","_tribe_ticket_going_count":"","_tribe_ticket_not_going_count":"","_tribe_tickets_list":"[]","_tribe_ticket_has_attendee_info_fields":false,"_tec_slr_enabled":"","_tec_slr_layout":""},"product_brand":[],"product_cat":[4609],"product_tag":[2723,2673,2718,2712,2711,2715,2719,2722,2697,2771,2717,2720,2721,2716,2713,2714],"class_list":{"0":"post-166543","1":"product","2":"type-product","3":"status-publish","4":"has-post-thumbnail","6":"product_cat-verbundsysteme","7":"product_tag-adhaesiv","8":"product_tag-befestigung","9":"product_tag-befestigungsmaterial","10":"product_tag-bonder","11":"product_tag-bonding","12":"product_tag-bonding-system","13":"product_tag-bondopaker","14":"product_tag-haftverbund","15":"product_tag-haftvermittler","16":"product_tag-metal-primer","17":"product_tag-modellguss-retentionen","18":"product_tag-opaker","19":"product_tag-primer","20":"product_tag-universalbonder","21":"product_tag-verbund","22":"product_tag-verbundsystem","23":"product_shipping_class-gefahrgut","25":"first","26":"instock","27":"product-type-simple"},"acf":[],"_links":{"self":[{"href":"https:\/\/schuetz-dental.de\/en\/wp-json\/wp\/v2\/product\/166543","targetHints":{"allow":["GET"]}}],"collection":[{"href":"https:\/\/schuetz-dental.de\/en\/wp-json\/wp\/v2\/product"}],"about":[{"href":"https:\/\/schuetz-dental.de\/en\/wp-json\/wp\/v2\/types\/product"}],"wp:featuredmedia":[{"embeddable":true,"href":"https:\/\/schuetz-dental.de\/en\/wp-json\/wp\/v2\/media\/417928"}],"wp:attachment":[{"href":"https:\/\/schuetz-dental.de\/en\/wp-json\/wp\/v2\/media?parent=166543"}],"wp:term":[{"taxonomy":"product_brand","embeddable":true,"href":"https:\/\/schuetz-dental.de\/en\/wp-json\/wp\/v2\/product_brand?post=166543"},{"taxonomy":"product_cat","embeddable":true,"href":"https:\/\/schuetz-dental.de\/en\/wp-json\/wp\/v2\/product_cat?post=166543"},{"taxonomy":"product_tag","embeddable":true,"href":"https:\/\/schuetz-dental.de\/en\/wp-json\/wp\/v2\/product_tag?post=166543"}],"curies":[{"name":"wp","href":"https:\/\/api.w.org\/{rel}","templated":true}]}}