{"id":166551,"date":"2026-04-14T03:31:58","date_gmt":"2026-04-14T01:31:58","guid":{"rendered":"https:\/\/webshop.schuetz-dental.org\/product\/sebond-implant\/"},"modified":"2026-04-14T03:31:59","modified_gmt":"2026-04-14T01:31:59","slug":"sebond-implant","status":"publish","type":"product","link":"https:\/\/schuetz-dental.de\/en\/produkt\/sebond-implant\/","title":{"rendered":"Sebond Implant"},"content":{"rendered":"<p>F\u00fcr den <strong>Verbund<\/strong> zwischen <strong>Titanaufbauten<\/strong> und individualisierten <strong>Zirkondioxidaufbauten<\/strong> und Suprakonstruktionen.\u00a0<\/p>\n<p><strong>Das komplette System besteht aus:<\/strong><\/p>\n<ul>\n<li>Sebond Implant: Der Haftvermittler bereitet die Zirkondioxidoberfl\u00e4che f\u00fcr einen sicheren Verbund vor.\u00a0<\/li>\n<li>Alphalink Implant: Das Befestigungskomposit verbindet Ihr Ger\u00fcst mit dem Abutment.<\/li>\n<\/ul>\n<p><strong>Indikationen:<\/strong><\/p>\n<ul>\n<li>Verkleben Sie Ihre individuellen Abutments mit den entsprechenden Klebebasen.\u00a0<\/li>\n<li>Verwenden Sie dieses System zum sicheren Verkleben von Suprakonstruktionen auf Abutments.\u00a0<\/li>\n<\/ul>\n<p><strong>Diese Materialien k\u00f6nnen Sie verkleben:<\/strong><\/p>\n<ul>\n<li>Zirkondioxid\u00a0<\/li>\n<li>Edelmetall\u00a0<\/li>\n<li>NEM\u00a0<\/li>\n<li>Titan\u00a0<\/li>\n<li>Keramik\u00a0<\/li>\n<\/ul>\n<p><strong>Haftwerte, die ihresgleichen suchen:<\/strong><\/p>\n<ul>\n<li>Zirkondioxid: &#038;gt, 20 MPa\u00a0<\/li>\n<li>Titan: &#038;gt, 30 MPa\u00a0<\/li>\n<\/ul>\n<p><strong>Ihre Vorteile auf einen Blick:<\/strong><\/p>\n<ul>\n<li>Speziell f\u00fcr den <strong>Verbund<\/strong> entwickelt, daher ein H\u00f6chstma\u00df an Sicherheit\u00a0<\/li>\n<li>System passt sich dem Anwender an: \u00a0<\/li>\n<li><strong>Intraorale<\/strong> Anwendung = schnelles Aush\u00e4rten\u00a0<\/li>\n<li>Anwendung auf Modell = l\u00e4ngere Verarbeitbarkeit\u00a0<\/li>\n<li><strong>Hohe Haftwerte\u00a0<\/strong><\/li>\n<li><strong>Langzeitfestigkeit<\/strong> durch besonders angepasste Formel\u00a0<\/li>\n<li><strong>Zeitersparnis<\/strong><\/li>\n<li>Sauberes Arbeiten:\u00a0Durch die past\u00f6se Beschaffenheit lassen sich \u00dcbersch\u00fcsse <strong>sehr leicht<\/strong> entfernen.<\/li>\n<\/ul>\n<p>\u00a0<\/p>\n<p><strong>Inhalt:\u00a0<\/strong>1x 5 ml Sebond Implant<\/p>\n","protected":false},"excerpt":{"rendered":"<p>Mit diesem Bonder bereiten Sie Ihre Ger\u00fcste aus Zirkondioxid f\u00fcr die sichere Verklebung mit  Titanbasen vor. Hier erfahren Sie mehr \u00fcber dieses System.<\/p>\n","protected":false},"featured_media":404118,"template":"","meta":{"_acf_changed":false,"_price":"154.3","_stock":"0.000000","_tribe_ticket_header":"","_tribe_default_ticket_provider":"","_tribe_ticket_capacity":"","_ticket_start_date":"","_ticket_end_date":"","_tribe_ticket_show_description":"","_tribe_ticket_show_not_going":false,"_tribe_ticket_use_global_stock":"","_tribe_ticket_global_stock_level":"","_global_stock_mode":"","_global_stock_cap":"","_tribe_rsvp_for_event":"","_tribe_ticket_going_count":"","_tribe_ticket_not_going_count":"","_tribe_tickets_list":"[]","_tribe_ticket_has_attendee_info_fields":false,"_tec_slr_enabled":"","_tec_slr_layout":""},"product_brand":[],"product_cat":[4609,4756],"product_tag":[2723,2673,2718,2712,2711,2715,2719,2722,2697,2717,2720,2721,2716,2713,2714],"class_list":{"0":"post-166551","1":"product","2":"type-product","3":"status-publish","4":"has-post-thumbnail","6":"product_cat-verbundsysteme","7":"product_cat-prothetik-zubehoer","8":"product_tag-adhaesiv","9":"product_tag-befestigung","10":"product_tag-befestigungsmaterial","11":"product_tag-bonder","12":"product_tag-bonding","13":"product_tag-bonding-system","14":"product_tag-bondopaker","15":"product_tag-haftverbund","16":"product_tag-haftvermittler","17":"product_tag-modellguss-retentionen","18":"product_tag-opaker","19":"product_tag-primer","20":"product_tag-universalbonder","21":"product_tag-verbund","22":"product_tag-verbundsystem","23":"product_shipping_class-gefahrgut","25":"first","26":"instock","27":"product-type-simple"},"acf":[],"_links":{"self":[{"href":"https:\/\/schuetz-dental.de\/en\/wp-json\/wp\/v2\/product\/166551","targetHints":{"allow":["GET"]}}],"collection":[{"href":"https:\/\/schuetz-dental.de\/en\/wp-json\/wp\/v2\/product"}],"about":[{"href":"https:\/\/schuetz-dental.de\/en\/wp-json\/wp\/v2\/types\/product"}],"wp:featuredmedia":[{"embeddable":true,"href":"https:\/\/schuetz-dental.de\/en\/wp-json\/wp\/v2\/media\/404118"}],"wp:attachment":[{"href":"https:\/\/schuetz-dental.de\/en\/wp-json\/wp\/v2\/media?parent=166551"}],"wp:term":[{"taxonomy":"product_brand","embeddable":true,"href":"https:\/\/schuetz-dental.de\/en\/wp-json\/wp\/v2\/product_brand?post=166551"},{"taxonomy":"product_cat","embeddable":true,"href":"https:\/\/schuetz-dental.de\/en\/wp-json\/wp\/v2\/product_cat?post=166551"},{"taxonomy":"product_tag","embeddable":true,"href":"https:\/\/schuetz-dental.de\/en\/wp-json\/wp\/v2\/product_tag?post=166551"}],"curies":[{"name":"wp","href":"https:\/\/api.w.org\/{rel}","templated":true}]}}