{"id":166557,"date":"2026-05-14T03:37:53","date_gmt":"2026-05-14T01:37:53","guid":{"rendered":"https:\/\/webshop.schuetz-dental.org\/product\/alphalink-implant\/"},"modified":"2026-05-14T03:37:54","modified_gmt":"2026-05-14T01:37:54","slug":"alphalink-implant","status":"publish","type":"product","link":"https:\/\/schuetz-dental.de\/en\/produkt\/alphalink-implant\/","title":{"rendered":"Alphalink Implant"},"content":{"rendered":"<p>F\u00fcr den <strong>Verbund<\/strong> von\u00a0<strong>Titanaufbauten<\/strong> mit\u00a0individualisierten <strong>Zirkondioxidaufbauten<\/strong> und Suprakonstruktionen.<\/p>\n<p><strong>Das komplette System besteht aus:<\/strong><\/p>\n<ul>\n<li>Sebond Implant: Der <strong>Haftvermittler<\/strong> bereitet die Zirkondioxidoberfl\u00e4che f\u00fcr einen sicheren Verbund vor.\u00a0<\/li>\n<li>Alphalink Implant: Das <strong>Befestigungskomposit<\/strong> verbindet Ihr <strong>Ger\u00fcst<\/strong> mit dem Abutment.<\/li>\n<\/ul>\n<p><strong>Indikationen:<\/strong><\/p>\n<ul>\n<li>Verkleben Sie Ihre individuellen Abutments mit den entsprechenden Klebebasen.\u00a0<\/li>\n<li>Verwenden Sie dieses System zum sicheren Verkleben von Suprakonstruktionen auf Abutments.<\/li>\n<\/ul>\n<p><strong>Diese Materialien k\u00f6nnen Sie verkleben:<\/strong><\/p>\n<ul>\n<li>Zirkondioxid\u00a0<\/li>\n<li>Edelmetall\u00a0<\/li>\n<li>NEM\u00a0<\/li>\n<li>Titan\u00a0<\/li>\n<li>Keramik<\/li>\n<\/ul>\n<p><strong>Haftwerte, die ihresgleichen suchen:<\/strong><\/p>\n<ul>\n<li>Zirkondioxid: &#038;gt, 20 MPa\u00a0<\/li>\n<li>Titan: &#038;gt, 30 MPa<\/li>\n<\/ul>\n<p><strong>Ihre Vorteile auf einen Blick:<\/strong><\/p>\n<ul>\n<li>Speziell f\u00fcr den <strong>Verbund<\/strong> entwickelt, daher ein H\u00f6chstma\u00df an Sicherheit\u00a0<\/li>\n<li>System passt sich dem Anwender an:\u00a0<\/li>\n<li><strong>Intraorale<\/strong> Anwendung = schnelles Aush\u00e4rten\u00a0<\/li>\n<li>Anwendung auf <strong>Modell<\/strong> = l\u00e4ngere Verarbeitbarkeit\u00a0<\/li>\n<li><strong>Hohe Haftwerte<\/strong>\u00a0<\/li>\n<li><strong>Langzeitfestigkeit<\/strong> durch besonders angepasste Formel\u00a0<\/li>\n<li><strong>Zeitersparnis<\/strong> und sauberes Arbeiten<\/li>\n<li>Durch die past\u00f6se Beschaffenheit lassen sich \u00dcbersch\u00fcsse sehr leicht entfernen.<\/li>\n<\/ul>\n<p><strong>Inhalt:<\/strong><\/p>\n<p>2x 4 g Spritze Alphalink Implant, 10x Mischkan\u00fclen<\/p>\n","protected":false},"excerpt":{"rendered":"<p>Ein Adh\u00e4sivsystem, mit dem Sie Zirkondioxidger\u00fcste sicher mit Titanbasen verkleben. Die einfache Handhabung und hohe Haftwerte lassen keine W\u00fcnsche offen.<\/p>\n","protected":false},"featured_media":453862,"template":"","meta":{"_acf_changed":false,"_price":"172.6","_stock":"0.000000","_tribe_ticket_header":"","_tribe_default_ticket_provider":"","_tribe_ticket_capacity":"","_ticket_start_date":"","_ticket_end_date":"","_tribe_ticket_show_description":"","_tribe_ticket_show_not_going":false,"_tribe_ticket_use_global_stock":"","_tribe_ticket_global_stock_level":"","_global_stock_mode":"","_global_stock_cap":"","_tribe_rsvp_for_event":"","_tribe_ticket_going_count":"","_tribe_ticket_not_going_count":"","_tribe_tickets_list":"[]","_tribe_ticket_has_attendee_info_fields":false,"_tec_slr_enabled":"","_tec_slr_layout":""},"product_brand":[],"product_cat":[4552,4756],"product_tag":[],"class_list":{"0":"post-166557","1":"product","2":"type-product","3":"status-publish","4":"has-post-thumbnail","6":"product_cat-kunststoff-zubehoer","7":"product_cat-prothetik-zubehoer","8":"product_shipping_class-gefahrgut","10":"first","11":"instock","12":"product-type-simple"},"acf":[],"_links":{"self":[{"href":"https:\/\/schuetz-dental.de\/en\/wp-json\/wp\/v2\/product\/166557","targetHints":{"allow":["GET"]}}],"collection":[{"href":"https:\/\/schuetz-dental.de\/en\/wp-json\/wp\/v2\/product"}],"about":[{"href":"https:\/\/schuetz-dental.de\/en\/wp-json\/wp\/v2\/types\/product"}],"wp:featuredmedia":[{"embeddable":true,"href":"https:\/\/schuetz-dental.de\/en\/wp-json\/wp\/v2\/media\/453862"}],"wp:attachment":[{"href":"https:\/\/schuetz-dental.de\/en\/wp-json\/wp\/v2\/media?parent=166557"}],"wp:term":[{"taxonomy":"product_brand","embeddable":true,"href":"https:\/\/schuetz-dental.de\/en\/wp-json\/wp\/v2\/product_brand?post=166557"},{"taxonomy":"product_cat","embeddable":true,"href":"https:\/\/schuetz-dental.de\/en\/wp-json\/wp\/v2\/product_cat?post=166557"},{"taxonomy":"product_tag","embeddable":true,"href":"https:\/\/schuetz-dental.de\/en\/wp-json\/wp\/v2\/product_tag?post=166557"}],"curies":[{"name":"wp","href":"https:\/\/api.w.org\/{rel}","templated":true}]}}